{"id":138626,"date":"2025-01-17T03:35:50","date_gmt":"2025-01-17T01:35:50","guid":{"rendered":"https:\/\/exlibris.ee\/toode\/esseid-vabadusest-20-sajandi-poliitikafilosoofidelt\/"},"modified":"2026-04-16T21:39:32","modified_gmt":"2026-04-16T18:39:32","slug":"esseid-vabadusest-20-sajandi-poliitikafilosoofidelt","status":"publish","type":"product","link":"https:\/\/exlibris.ee\/ru\/produkt\/esseid-vabadusest-20-sajandi-poliitikafilosoofidelt\/","title":{"rendered":"Esseid vabadusest 20. sajandi poliitikafilosoofidelt"},"content":{"rendered":"<p>Vabadus on l\u00e4\u00e4ne \u00fchiskonnas elavate inimeste jaoks \u00fcks keskseid v\u00e4\u00e4rtusi, mille piiramisele reageeritakse valuliselt. \u00dcldiselt n\u00f5ustutakse sellega, et \u00fchiskonna toimimiseks tuleb vabadusi m\u00f5nev\u00f5rra piirata. Kuid mil m\u00e4\u00e4ral? Milliste \u00f5igustuste alusel? Ning kas vabaduse m\u00f5iste on \u00fchiskondlikkes debattides kasutusel \u00fcheselt m\u00f5istetavana?<\/p>\n","protected":false},"excerpt":{"rendered":"<p>Vabadus on l\u00e4\u00e4ne \u00fchiskonnas elavate inimeste jaoks \u00fcks keskseid v\u00e4\u00e4rtusi, mille piiramisele reageeritakse valuliselt. \u00dcldiselt n\u00f5ustutakse sellega, et \u00fchiskonna toimimiseks tuleb vabadusi m\u00f5nev\u00f5rra piirata. Kuid mil m\u00e4\u00e4ral? Milliste \u00f5igustuste alusel? Ning kas vabaduse m\u00f5iste on \u00fchiskondlikkes debattides kasutusel \u00fcheselt m\u00f5istetavana?<\/p>\n","protected":false},"featured_media":138673,"template":"","meta":{"_acf_changed":false,"inline_featured_image":false},"product_brand":[],"product_cat":[2450],"product_tag":[],"series":[],"publisher":[{"id":2941,"name":"Vabam\u00f5tleja","slug":"vabamotleja"}],"class_list":{"0":"post-138626","1":"product","2":"type-product","3":"status-publish","4":"has-post-thumbnail","6":"product_cat-ruhi-eesti","7":"publisher-vabamotleja","9":"first","10":"instock","11":"taxable","12":"shipping-taxable","13":"purchasable","14":"product-type-simple"},"acf":[],"_links":{"self":[{"href":"https:\/\/exlibris.ee\/ru\/wp-json\/wp\/v2\/product\/138626","targetHints":{"allow":["GET"]}}],"collection":[{"href":"https:\/\/exlibris.ee\/ru\/wp-json\/wp\/v2\/product"}],"about":[{"href":"https:\/\/exlibris.ee\/ru\/wp-json\/wp\/v2\/types\/product"}],"wp:featuredmedia":[{"embeddable":true,"href":"https:\/\/exlibris.ee\/ru\/wp-json\/wp\/v2\/media\/138673"}],"wp:attachment":[{"href":"https:\/\/exlibris.ee\/ru\/wp-json\/wp\/v2\/media?parent=138626"}],"wp:term":[{"taxonomy":"product_brand","embeddable":true,"href":"https:\/\/exlibris.ee\/ru\/wp-json\/wp\/v2\/product_brand?post=138626"},{"taxonomy":"product_cat","embeddable":true,"href":"https:\/\/exlibris.ee\/ru\/wp-json\/wp\/v2\/product_cat?post=138626"},{"taxonomy":"product_tag","embeddable":true,"href":"https:\/\/exlibris.ee\/ru\/wp-json\/wp\/v2\/product_tag?post=138626"},{"taxonomy":"series","embeddable":true,"href":"https:\/\/exlibris.ee\/ru\/wp-json\/wp\/v2\/series?post=138626"},{"taxonomy":"publisher","embeddable":true,"href":"https:\/\/exlibris.ee\/ru\/wp-json\/wp\/v2\/publisher?post=138626"}],"curies":[{"name":"wp","href":"https:\/\/api.w.org\/{rel}","templated":true}]}}