{"id":138627,"date":"2025-01-17T03:35:50","date_gmt":"2025-01-17T01:35:50","guid":{"rendered":"https:\/\/exlibris.ee\/toode\/ulireaalsuse-paritolu-vabamotlejad\/"},"modified":"2026-04-07T07:28:27","modified_gmt":"2026-04-07T04:28:27","slug":"ulireaalsuse-paritolu-vabamotlejad","status":"publish","type":"product","link":"https:\/\/exlibris.ee\/ru\/produkt\/ulireaalsuse-paritolu-vabamotlejad\/","title":{"rendered":"(\u00dcli)reaalsuse p\u00e4ritolu Vabam\u00f5tlejad"},"content":{"rendered":"<p>Kogumik koondab autori\u00a0Erkki Luuk\u00a0esseede paremikku l\u00e4bi aegade (1999-2020). Oma nii s\u00fcvitsi kui ka m\u00e4ngulise l\u00e4henemisega keelele, kultuuri- ja m\u00f5tteloole demonstreerib teos laia temaatilis-stilistilist haaret. Lisaks kaalukatele tekstidele keelest ja kirjandusest on k\u00e4sitlusi filmist, teatrist, muusikast, tantsust, meediast, eestlusest, kunsti- ja m\u00f5ttevooludest ning paljust muust. Peale tavap\u00e4rasemate \u017eanrite sisaldab raamat filosoofilisi esseid ning eksperimentaalseid, ilu- ja m\u00f5ttekirjanduse piiril balansseerivaid tekste.<\/p>\n","protected":false},"excerpt":{"rendered":"<p>Kogumik koondab autori\u00a0Erkki Luuk\u00a0esseede paremikku l\u00e4bi aegade (1999-2020). Oma nii s\u00fcvitsi kui ka m\u00e4ngulise l\u00e4henemisega keelele, kultuuri- ja m\u00f5tteloole demonstreerib teos laia temaatilis-stilistilist haaret. Lisaks kaalukatele tekstidele keelest ja kirjandusest on k\u00e4sitlusi filmist, teatrist, muusikast, tantsust, meediast, eestlusest, kunsti- ja&#8230;<\/p>\n","protected":false},"featured_media":138676,"template":"","meta":{"_acf_changed":false,"inline_featured_image":false},"product_brand":[],"product_cat":[2450],"product_tag":[],"series":[{"id":2940,"name":"Vabam\u00f5tlejad","slug":"vabamotlejad"}],"publisher":[{"id":2941,"name":"Vabam\u00f5tleja","slug":"vabamotleja"}],"class_list":{"0":"post-138627","1":"product","2":"type-product","3":"status-publish","4":"has-post-thumbnail","6":"product_cat-ruhi-eesti","7":"series-vabamotlejad","8":"publisher-vabamotleja","10":"first","11":"instock","12":"taxable","13":"shipping-taxable","14":"purchasable","15":"product-type-simple"},"acf":[],"_links":{"self":[{"href":"https:\/\/exlibris.ee\/ru\/wp-json\/wp\/v2\/product\/138627","targetHints":{"allow":["GET"]}}],"collection":[{"href":"https:\/\/exlibris.ee\/ru\/wp-json\/wp\/v2\/product"}],"about":[{"href":"https:\/\/exlibris.ee\/ru\/wp-json\/wp\/v2\/types\/product"}],"wp:featuredmedia":[{"embeddable":true,"href":"https:\/\/exlibris.ee\/ru\/wp-json\/wp\/v2\/media\/138676"}],"wp:attachment":[{"href":"https:\/\/exlibris.ee\/ru\/wp-json\/wp\/v2\/media?parent=138627"}],"wp:term":[{"taxonomy":"product_brand","embeddable":true,"href":"https:\/\/exlibris.ee\/ru\/wp-json\/wp\/v2\/product_brand?post=138627"},{"taxonomy":"product_cat","embeddable":true,"href":"https:\/\/exlibris.ee\/ru\/wp-json\/wp\/v2\/product_cat?post=138627"},{"taxonomy":"product_tag","embeddable":true,"href":"https:\/\/exlibris.ee\/ru\/wp-json\/wp\/v2\/product_tag?post=138627"},{"taxonomy":"series","embeddable":true,"href":"https:\/\/exlibris.ee\/ru\/wp-json\/wp\/v2\/series?post=138627"},{"taxonomy":"publisher","embeddable":true,"href":"https:\/\/exlibris.ee\/ru\/wp-json\/wp\/v2\/publisher?post=138627"}],"curies":[{"name":"wp","href":"https:\/\/api.w.org\/{rel}","templated":true}]}}