{"id":138628,"date":"2025-01-17T03:35:50","date_gmt":"2025-01-17T01:35:50","guid":{"rendered":"https:\/\/exlibris.ee\/toode\/kolm-punkti-vabamotlejad\/"},"modified":"2026-04-16T21:39:32","modified_gmt":"2026-04-16T18:39:32","slug":"kolm-punkti-vabamotlejad","status":"publish","type":"product","link":"https:\/\/exlibris.ee\/ru\/produkt\/kolm-punkti-vabamotlejad\/","title":{"rendered":"Kolm punkti Vabam\u00f5tlejad"},"content":{"rendered":"<p>\u201eKolm punkti\u201c koondab endasse paremiku viimase k\u00fcmne aasta jooksul kultuuriajakirjanduses ilmunud Jan Kausi artiklitest, arvustustest ja esseedest. Raamat jaguneb kolmeks. Esimesse ossa on koondanud \u00fchiskondlikke ja keelelisi k\u00fcsimusi puudutavad kirjutised ning filosoofilisema alatooniga arutelud. Teise osa moodustavad kirjandusarvustused, fookuses on t\u00f5lkekirjandus. Kolmanda osa moodustavad peamiselt filmiteemalised kirjutised, p\u00f5hir\u00f5hk Hollywoodi filmikunsti sellel osal, mis omab autorikino tunnuseid. Raamatu l\u00f5pus on mahukas intervjuu autoriga.<\/p>\n","protected":false},"excerpt":{"rendered":"<p>\u201eKolm punkti\u201c koondab endasse paremiku viimase k\u00fcmne aasta jooksul kultuuriajakirjanduses ilmunud Jan Kausi artiklitest, arvustustest ja esseedest. Raamat jaguneb kolmeks. Esimesse ossa on koondanud \u00fchiskondlikke ja keelelisi k\u00fcsimusi puudutavad kirjutised ning filosoofilisema alatooniga arutelud. Teise osa moodustavad kirjandusarvustused, fookuses on&#8230;<\/p>\n","protected":false},"featured_media":138679,"template":"","meta":{"_acf_changed":false,"inline_featured_image":false},"product_brand":[],"product_cat":[2450],"product_tag":[],"series":[{"id":2940,"name":"Vabam\u00f5tlejad","slug":"vabamotlejad"}],"publisher":[{"id":2941,"name":"Vabam\u00f5tleja","slug":"vabamotleja"}],"class_list":{"0":"post-138628","1":"product","2":"type-product","3":"status-publish","4":"has-post-thumbnail","6":"product_cat-ruhi-eesti","7":"series-vabamotlejad","8":"publisher-vabamotleja","10":"first","11":"instock","12":"taxable","13":"shipping-taxable","14":"purchasable","15":"product-type-simple"},"acf":[],"_links":{"self":[{"href":"https:\/\/exlibris.ee\/ru\/wp-json\/wp\/v2\/product\/138628","targetHints":{"allow":["GET"]}}],"collection":[{"href":"https:\/\/exlibris.ee\/ru\/wp-json\/wp\/v2\/product"}],"about":[{"href":"https:\/\/exlibris.ee\/ru\/wp-json\/wp\/v2\/types\/product"}],"wp:featuredmedia":[{"embeddable":true,"href":"https:\/\/exlibris.ee\/ru\/wp-json\/wp\/v2\/media\/138679"}],"wp:attachment":[{"href":"https:\/\/exlibris.ee\/ru\/wp-json\/wp\/v2\/media?parent=138628"}],"wp:term":[{"taxonomy":"product_brand","embeddable":true,"href":"https:\/\/exlibris.ee\/ru\/wp-json\/wp\/v2\/product_brand?post=138628"},{"taxonomy":"product_cat","embeddable":true,"href":"https:\/\/exlibris.ee\/ru\/wp-json\/wp\/v2\/product_cat?post=138628"},{"taxonomy":"product_tag","embeddable":true,"href":"https:\/\/exlibris.ee\/ru\/wp-json\/wp\/v2\/product_tag?post=138628"},{"taxonomy":"series","embeddable":true,"href":"https:\/\/exlibris.ee\/ru\/wp-json\/wp\/v2\/series?post=138628"},{"taxonomy":"publisher","embeddable":true,"href":"https:\/\/exlibris.ee\/ru\/wp-json\/wp\/v2\/publisher?post=138628"}],"curies":[{"name":"wp","href":"https:\/\/api.w.org\/{rel}","templated":true}]}}