{"id":138629,"date":"2025-01-17T03:35:50","date_gmt":"2025-01-17T01:35:50","guid":{"rendered":"https:\/\/exlibris.ee\/toode\/vaene-maa\/"},"modified":"2026-04-17T19:51:08","modified_gmt":"2026-04-17T16:51:08","slug":"vaene-maa","status":"publish","type":"product","link":"https:\/\/exlibris.ee\/ru\/produkt\/vaene-maa\/","title":{"rendered":"Vaene maa"},"content":{"rendered":"<p>Filosoof Leo Luksi teine luulekogu &#171;Vaene maa&#187;\u00a0kaardistab mureliku poeedipilguga Eesti elu riigi 100nda aastap\u00e4eva eel, igaviku ning rahvusliku m\u00fc\u00fcdi taustal. Raamatus keskendutakse Eesti \u00fchiskonna p\u00f5hilistele valupunktidele siin ja praegu, kuid j\u00f5utakse ka inimliku eksistentsi \u00fcldiste muredeni, lisaks k\u00e4sitletakse loominguga ja looja sotsiaalse staatusega seotud probleeme. Autori eelmisest kogust tuttavad l\u00fchivormid vahelduvad pikemate luuletustega, mis v\u00f5tavad kohati poeemi m\u00f5\u00f5tmed. Tonaalsuselt vaheldub kurbus kareda paroodilisusega, mis saavutatakse mitmete eesti luule tuumautorite t\u00f6\u00f6tluste abil, lisaks nihestatakse luulekogus ka pop-laule ja k\u00e4ibefraase.Filosoofiadoktor Leo Luks (1976) on tr\u00fckis avaldanud luulekogu \u201e100% leo luks\u201c (2013), esseekogud \u201eEklektika\u201c (2006) ning \u201e40 kiri\u201c (2016) ja monograafia \u201eNihilism ja kirjandus\u201c (2015).<\/p>\n","protected":false},"excerpt":{"rendered":"<p>Filosoof Leo Luksi teine luulekogu &#171;Vaene maa&#187;\u00a0kaardistab mureliku poeedipilguga Eesti elu riigi 100nda aastap\u00e4eva eel, igaviku ning rahvusliku m\u00fc\u00fcdi taustal. Raamatus keskendutakse Eesti \u00fchiskonna p\u00f5hilistele valupunktidele siin ja praegu, kuid j\u00f5utakse ka inimliku eksistentsi \u00fcldiste muredeni, lisaks k\u00e4sitletakse loominguga ja&#8230;<\/p>\n","protected":false},"featured_media":138631,"template":"","meta":{"_acf_changed":false,"inline_featured_image":false},"product_brand":[],"product_cat":[2418],"product_tag":[],"series":[],"publisher":[{"id":2941,"name":"Vabam\u00f5tleja","slug":"vabamotleja"}],"class_list":{"0":"post-138629","1":"product","2":"type-product","3":"status-publish","4":"has-post-thumbnail","6":"product_cat-rluu-eesti","7":"publisher-vabamotleja","9":"first","10":"instock","11":"taxable","12":"shipping-taxable","13":"purchasable","14":"product-type-simple"},"acf":[],"_links":{"self":[{"href":"https:\/\/exlibris.ee\/ru\/wp-json\/wp\/v2\/product\/138629","targetHints":{"allow":["GET"]}}],"collection":[{"href":"https:\/\/exlibris.ee\/ru\/wp-json\/wp\/v2\/product"}],"about":[{"href":"https:\/\/exlibris.ee\/ru\/wp-json\/wp\/v2\/types\/product"}],"wp:featuredmedia":[{"embeddable":true,"href":"https:\/\/exlibris.ee\/ru\/wp-json\/wp\/v2\/media\/138631"}],"wp:attachment":[{"href":"https:\/\/exlibris.ee\/ru\/wp-json\/wp\/v2\/media?parent=138629"}],"wp:term":[{"taxonomy":"product_brand","embeddable":true,"href":"https:\/\/exlibris.ee\/ru\/wp-json\/wp\/v2\/product_brand?post=138629"},{"taxonomy":"product_cat","embeddable":true,"href":"https:\/\/exlibris.ee\/ru\/wp-json\/wp\/v2\/product_cat?post=138629"},{"taxonomy":"product_tag","embeddable":true,"href":"https:\/\/exlibris.ee\/ru\/wp-json\/wp\/v2\/product_tag?post=138629"},{"taxonomy":"series","embeddable":true,"href":"https:\/\/exlibris.ee\/ru\/wp-json\/wp\/v2\/series?post=138629"},{"taxonomy":"publisher","embeddable":true,"href":"https:\/\/exlibris.ee\/ru\/wp-json\/wp\/v2\/publisher?post=138629"}],"curies":[{"name":"wp","href":"https:\/\/api.w.org\/{rel}","templated":true}]}}