{"id":138630,"date":"2025-01-17T03:35:50","date_gmt":"2025-01-17T01:35:50","guid":{"rendered":"https:\/\/exlibris.ee\/toode\/teine-tegupool\/"},"modified":"2026-04-03T13:24:46","modified_gmt":"2026-04-03T10:24:46","slug":"teine-tegupool","status":"publish","type":"product","link":"https:\/\/exlibris.ee\/ru\/produkt\/teine-tegupool\/","title":{"rendered":"Teine tegupool"},"content":{"rendered":"<p>M\u00f5istatuslik\u00a0Elli Soolo\u00a0ilmus kirjandusinimeste ette 2012. aastal kultuurilehe \u201eSirp\u201c veergudel, kus ta m\u00f5tles \u2013 v\u00f5i t\u00e4psemalt tundis \u2013 kaasa meie luuletippudega. Ta v\u00f5itis kohe lugejate ja ka \u201eSirbi\u201c aastaauhinna \u017e\u00fcrii s\u00fcdame. Tegu on loomuldasa dion\u00fc\u00fcsilise autoriga, kes oma kohati p\u00f5rpivas poleemilisuses \u00fcle apolloonilise maitse paikapandud piiride vahutab, neid seejuures ka nihutades, luulem\u00f5istmist avardades:\u00a0\u201eLuulel on \u00f5ieti ainult kaks skaalat, millel on mingi objektiveeriv-hindav sisu. Need kaks m\u00f5\u00f5tu on ehedus ja suurus\u201d\u201c.\u00a0<\/p>\n","protected":false},"excerpt":{"rendered":"<p>M\u00f5istatuslik\u00a0Elli Soolo\u00a0ilmus kirjandusinimeste ette 2012. aastal kultuurilehe \u201eSirp\u201c veergudel, kus ta m\u00f5tles \u2013 v\u00f5i t\u00e4psemalt tundis \u2013 kaasa meie luuletippudega. Ta v\u00f5itis kohe lugejate ja ka \u201eSirbi\u201c aastaauhinna \u017e\u00fcrii s\u00fcdame. Tegu on loomuldasa dion\u00fc\u00fcsilise autoriga, kes oma kohati p\u00f5rpivas poleemilisuses&#8230;<\/p>\n","protected":false},"featured_media":138634,"template":"","meta":{"_acf_changed":false,"inline_featured_image":false},"product_brand":[],"product_cat":[2429],"product_tag":[],"series":[],"publisher":[{"id":2941,"name":"Vabam\u00f5tleja","slug":"vabamotleja"}],"class_list":{"0":"post-138630","1":"product","2":"type-product","3":"status-publish","4":"has-post-thumbnail","6":"product_cat-rpro-eesti","7":"publisher-vabamotleja","9":"first","10":"instock","11":"taxable","12":"shipping-taxable","13":"purchasable","14":"product-type-simple"},"acf":[],"_links":{"self":[{"href":"https:\/\/exlibris.ee\/ru\/wp-json\/wp\/v2\/product\/138630","targetHints":{"allow":["GET"]}}],"collection":[{"href":"https:\/\/exlibris.ee\/ru\/wp-json\/wp\/v2\/product"}],"about":[{"href":"https:\/\/exlibris.ee\/ru\/wp-json\/wp\/v2\/types\/product"}],"wp:featuredmedia":[{"embeddable":true,"href":"https:\/\/exlibris.ee\/ru\/wp-json\/wp\/v2\/media\/138634"}],"wp:attachment":[{"href":"https:\/\/exlibris.ee\/ru\/wp-json\/wp\/v2\/media?parent=138630"}],"wp:term":[{"taxonomy":"product_brand","embeddable":true,"href":"https:\/\/exlibris.ee\/ru\/wp-json\/wp\/v2\/product_brand?post=138630"},{"taxonomy":"product_cat","embeddable":true,"href":"https:\/\/exlibris.ee\/ru\/wp-json\/wp\/v2\/product_cat?post=138630"},{"taxonomy":"product_tag","embeddable":true,"href":"https:\/\/exlibris.ee\/ru\/wp-json\/wp\/v2\/product_tag?post=138630"},{"taxonomy":"series","embeddable":true,"href":"https:\/\/exlibris.ee\/ru\/wp-json\/wp\/v2\/series?post=138630"},{"taxonomy":"publisher","embeddable":true,"href":"https:\/\/exlibris.ee\/ru\/wp-json\/wp\/v2\/publisher?post=138630"}],"curies":[{"name":"wp","href":"https:\/\/api.w.org\/{rel}","templated":true}]}}