{"id":139531,"date":"2025-01-29T07:30:36","date_gmt":"2025-01-29T05:30:36","guid":{"rendered":"https:\/\/exlibris.ee\/toode\/videogrammatica-della-lingua-italiana-b1-c2-ebook\/"},"modified":"2026-04-11T03:19:59","modified_gmt":"2026-04-11T00:19:59","slug":"videogrammatica-della-lingua-italiana-b1-c2-ebook","status":"publish","type":"product","link":"https:\/\/exlibris.ee\/ru\/produkt\/videogrammatica-della-lingua-italiana-b1-c2-ebook\/","title":{"rendered":"Videogrammatica della lingua italiana B1\/C2 &#8212; ebook"},"content":{"rendered":"<p>Composition: ebook (con audio e video integrati) | Age: ADULTI | Level: B1 &#8212; C2 | Una grammatica per i livelli intermedi e avanzati, che guida lo studente alla scoperta delle regole e degli aspetti pi\u00f9 complessi della lingua italiana. Il libro \u00e8 ricco di spiegazioni utili e originali, pratici esercizi, curiosit\u00e0 linguistiche e culturali, testi audio. A completare il tutto, i video di Italiano avanzato.<\/p>\n","protected":false},"excerpt":{"rendered":"<p>Composition: ebook (con audio e video integrati) | Age: ADULTI | Level: B1 &#8212; C2 | Una grammatica per i livelli intermedi e avanzati, che guida lo studente alla scoperta delle regole e degli aspetti pi\u00f9 complessi della lingua italiana&#8230;.<\/p>\n","protected":false},"featured_media":188622,"template":"","meta":{"_acf_changed":false,"inline_featured_image":false},"product_brand":[],"product_cat":[888],"product_tag":[],"series":[{"id":2952,"name":"Corsi di italiano","slug":"corsi-di-italiano"}],"publisher":[{"id":1461,"name":"ALMA Edizioni","slug":"alma-edizioni"}],"class_list":{"0":"post-139531","1":"product","2":"type-product","3":"status-publish","4":"has-post-thumbnail","6":"product_cat-itaalia-keel","7":"series-corsi-di-italiano","8":"publisher-alma-edizioni","10":"first","11":"onbackorder","12":"taxable","13":"shipping-taxable","14":"purchasable","15":"product-type-simple"},"acf":[],"_links":{"self":[{"href":"https:\/\/exlibris.ee\/ru\/wp-json\/wp\/v2\/product\/139531","targetHints":{"allow":["GET"]}}],"collection":[{"href":"https:\/\/exlibris.ee\/ru\/wp-json\/wp\/v2\/product"}],"about":[{"href":"https:\/\/exlibris.ee\/ru\/wp-json\/wp\/v2\/types\/product"}],"wp:featuredmedia":[{"embeddable":true,"href":"https:\/\/exlibris.ee\/ru\/wp-json\/wp\/v2\/media\/188622"}],"wp:attachment":[{"href":"https:\/\/exlibris.ee\/ru\/wp-json\/wp\/v2\/media?parent=139531"}],"wp:term":[{"taxonomy":"product_brand","embeddable":true,"href":"https:\/\/exlibris.ee\/ru\/wp-json\/wp\/v2\/product_brand?post=139531"},{"taxonomy":"product_cat","embeddable":true,"href":"https:\/\/exlibris.ee\/ru\/wp-json\/wp\/v2\/product_cat?post=139531"},{"taxonomy":"product_tag","embeddable":true,"href":"https:\/\/exlibris.ee\/ru\/wp-json\/wp\/v2\/product_tag?post=139531"},{"taxonomy":"series","embeddable":true,"href":"https:\/\/exlibris.ee\/ru\/wp-json\/wp\/v2\/series?post=139531"},{"taxonomy":"publisher","embeddable":true,"href":"https:\/\/exlibris.ee\/ru\/wp-json\/wp\/v2\/publisher?post=139531"}],"curies":[{"name":"wp","href":"https:\/\/api.w.org\/{rel}","templated":true}]}}