{"id":139554,"date":"2025-01-29T07:30:41","date_gmt":"2025-01-29T05:30:41","guid":{"rendered":"https:\/\/exlibris.ee\/toode\/a-lezione-di-italiano-prea1-a1-libroaudio-e-video-online\/"},"modified":"2026-04-16T20:13:41","modified_gmt":"2026-04-16T17:13:41","slug":"a-lezione-di-italiano-prea1-a1-libroaudio-e-video-online","status":"publish","type":"product","link":"https:\/\/exlibris.ee\/ru\/produkt\/a-lezione-di-italiano-prea1-a1-libroaudio-e-video-online\/","title":{"rendered":"A lezione di italiano preA1-A1 (libro+audio e video online)"},"content":{"rendered":"<p>Composition: libro + audio e video online | Age: Adults | Level: preA1 &#8212; A1 | A LEZIONE di ITALIANO \u00e8 un corso progettato per le classi di italiano L2 composte da studenti debolmente scolarizzati e caratterizzate da una grande diversit\u00e0 di lingua, cultura, et\u00e0 e livello di competenza. Il corso si basa su un approccio innovativo che valorizza le differenze e sfrutta le conoscenze pregresse di questo tipo di apprendenti. Promuove, in un\u2019ottica interculturale che evita semplificazioni e stereotipi, lo sviluppo integrato delle competenze linguistico-comunicative e culturali e l\u2019educazione alla cittadinanza. L\u2019apprendimento cooperativo e la valorizzazione delle competenze e conoscenze di ciascun studente sono centrali, con un ampio utilizzo di attivit\u00e0 ludiche. Ogni volume \u00e8 strutturato in 10 unit\u00e0 didattiche tematiche che offrono proposte diversificate in base al livello di competenza, stimolando la collaborazione tra pari.<\/p>\n","protected":false},"excerpt":{"rendered":"<p>Composition: libro + audio e video online | Age: Adults | Level: preA1 &#8212; A1 | A LEZIONE di ITALIANO \u00e8 un corso progettato per le classi di italiano L2 composte da studenti debolmente scolarizzati e caratterizzate da una grande&#8230;<\/p>\n","protected":false},"featured_media":306583,"template":"","meta":{"_acf_changed":false,"inline_featured_image":false},"product_brand":[],"product_cat":[888],"product_tag":[],"series":[{"id":2949,"name":"Italian course","slug":"italian-course"}],"publisher":[{"id":1461,"name":"ALMA Edizioni","slug":"alma-edizioni"}],"class_list":{"0":"post-139554","1":"product","2":"type-product","3":"status-publish","4":"has-post-thumbnail","6":"product_cat-itaalia-keel","7":"series-italian-course","8":"publisher-alma-edizioni","10":"first","11":"instock","12":"taxable","13":"shipping-taxable","14":"purchasable","15":"product-type-simple"},"acf":[],"_links":{"self":[{"href":"https:\/\/exlibris.ee\/ru\/wp-json\/wp\/v2\/product\/139554","targetHints":{"allow":["GET"]}}],"collection":[{"href":"https:\/\/exlibris.ee\/ru\/wp-json\/wp\/v2\/product"}],"about":[{"href":"https:\/\/exlibris.ee\/ru\/wp-json\/wp\/v2\/types\/product"}],"wp:featuredmedia":[{"embeddable":true,"href":"https:\/\/exlibris.ee\/ru\/wp-json\/wp\/v2\/media\/306583"}],"wp:attachment":[{"href":"https:\/\/exlibris.ee\/ru\/wp-json\/wp\/v2\/media?parent=139554"}],"wp:term":[{"taxonomy":"product_brand","embeddable":true,"href":"https:\/\/exlibris.ee\/ru\/wp-json\/wp\/v2\/product_brand?post=139554"},{"taxonomy":"product_cat","embeddable":true,"href":"https:\/\/exlibris.ee\/ru\/wp-json\/wp\/v2\/product_cat?post=139554"},{"taxonomy":"product_tag","embeddable":true,"href":"https:\/\/exlibris.ee\/ru\/wp-json\/wp\/v2\/product_tag?post=139554"},{"taxonomy":"series","embeddable":true,"href":"https:\/\/exlibris.ee\/ru\/wp-json\/wp\/v2\/series?post=139554"},{"taxonomy":"publisher","embeddable":true,"href":"https:\/\/exlibris.ee\/ru\/wp-json\/wp\/v2\/publisher?post=139554"}],"curies":[{"name":"wp","href":"https:\/\/api.w.org\/{rel}","templated":true}]}}