{"id":139565,"date":"2025-01-29T17:43:49","date_gmt":"2025-01-29T15:43:49","guid":{"rendered":"https:\/\/exlibris.ee\/toode\/dimensionen-magazin-1-lernpak-1-5\/"},"modified":"2026-04-04T03:14:56","modified_gmt":"2026-04-04T00:14:56","slug":"dimensionen-magazin-1-lernpak-1-5","status":"publish","type":"product","link":"https:\/\/exlibris.ee\/ru\/produkt\/dimensionen-magazin-1-lernpak-1-5\/","title":{"rendered":"Dimensionen Magazin 1 Lernpak 1-5"},"content":{"rendered":"<p>Das Lehrwerk f\u00fcr Deutsch als Fremdsprache , das sich kulturell am deutschsprachigen Raum in der Mitte Europas orientiert. Es lehrt , eingebettet in ein systematisches Phonetiktraining, die Standardsprache und bef\u00e4higt den Lerner \u00dcberdies zum Verstyehen der gebiets\u00fcbergreifenden Sprachvarianten des Deutschen (aber nicht der Dialekte) in Deutschland, \u00d6sterreich und der Schweiz.<br \/>\nDas Lernpaket 1 besteht aus<br \/>\nMagazin<br \/>\nLernstationen 1-5<br \/>\nCD mit den Sprech\u00fcbungen<br \/>\nund f\u00fchrt zum Niveau A1 des europ\u00e4ischen Referenzrahmens.<\/p>\n","protected":false},"excerpt":{"rendered":"<p>Das Lehrwerk f\u00fcr Deutsch als Fremdsprache , das sich kulturell am deutschsprachigen Raum in der Mitte Europas orientiert. Es lehrt , eingebettet in ein systematisches Phonetiktraining, die Standardsprache und bef\u00e4higt den Lerner \u00dcberdies zum Verstyehen der gebiets\u00fcbergreifenden Sprachvarianten des Deutschen&#8230;<\/p>\n","protected":false},"featured_media":139561,"template":"","meta":{"_acf_changed":false,"inline_featured_image":false},"product_brand":[],"product_cat":[538],"product_tag":[],"series":[],"publisher":[{"id":497,"name":"Hueber Verlag","slug":"hueber-verlag"}],"class_list":{"0":"post-139565","1":"product","2":"type-product","3":"status-publish","4":"has-post-thumbnail","6":"product_cat-lehrwerke-fur-erwachsene","7":"publisher-hueber-verlag","9":"first","10":"instock","11":"taxable","12":"shipping-taxable","13":"purchasable","14":"product-type-simple"},"acf":[],"_links":{"self":[{"href":"https:\/\/exlibris.ee\/ru\/wp-json\/wp\/v2\/product\/139565","targetHints":{"allow":["GET"]}}],"collection":[{"href":"https:\/\/exlibris.ee\/ru\/wp-json\/wp\/v2\/product"}],"about":[{"href":"https:\/\/exlibris.ee\/ru\/wp-json\/wp\/v2\/types\/product"}],"wp:featuredmedia":[{"embeddable":true,"href":"https:\/\/exlibris.ee\/ru\/wp-json\/wp\/v2\/media\/139561"}],"wp:attachment":[{"href":"https:\/\/exlibris.ee\/ru\/wp-json\/wp\/v2\/media?parent=139565"}],"wp:term":[{"taxonomy":"product_brand","embeddable":true,"href":"https:\/\/exlibris.ee\/ru\/wp-json\/wp\/v2\/product_brand?post=139565"},{"taxonomy":"product_cat","embeddable":true,"href":"https:\/\/exlibris.ee\/ru\/wp-json\/wp\/v2\/product_cat?post=139565"},{"taxonomy":"product_tag","embeddable":true,"href":"https:\/\/exlibris.ee\/ru\/wp-json\/wp\/v2\/product_tag?post=139565"},{"taxonomy":"series","embeddable":true,"href":"https:\/\/exlibris.ee\/ru\/wp-json\/wp\/v2\/series?post=139565"},{"taxonomy":"publisher","embeddable":true,"href":"https:\/\/exlibris.ee\/ru\/wp-json\/wp\/v2\/publisher?post=139565"}],"curies":[{"name":"wp","href":"https:\/\/api.w.org\/{rel}","templated":true}]}}