{"id":140237,"date":"2025-02-11T17:30:26","date_gmt":"2025-02-11T15:30:26","guid":{"rendered":"https:\/\/exlibris.ee\/toode\/auf-neuen-wegen-lb\/"},"modified":"2026-04-04T03:14:55","modified_gmt":"2026-04-04T00:14:55","slug":"auf-neuen-wegen-lb","status":"publish","type":"product","link":"https:\/\/exlibris.ee\/ru\/produkt\/auf-neuen-wegen-lb\/","title":{"rendered":"Auf neuen Wegen, LB"},"content":{"rendered":"<p>Voraussetzungen: Erfolgreich abgeschlossene Grundstufe. Zielgruppe: Lernende im In- und Ausland, die sich intensiv mit der deutschen Sprache und Kultur besch\u00e4ftigen oder sich auf ein Studium an einer deutschsprachigen Universit\u00e4t vorbereiten m\u00f6chten. Auf neuen Wegen ist ein Lehrwerk f\u00fcr die Mittel- und Oberstufe. Ein Leitfaden, der als kostenloser Download erh\u00e4ltlich ist, gibt Auskunft, wie das Lehrwerk ausschlie\u00dflich in der Oberstufe eingesetzt werden kann. Lernziel: Selbstst\u00e4ndiger Umgang mit gesprochenen und geschriebenen Texten sowie differenzierter m\u00fcndlicher und schriftlicher Ausdruck. Vorbereitung auf das Studium in einem deutschsprachigen Land und auf die erforderlichen Pr\u00fcfungen f\u00fcr den Universit\u00e4tszugang (ZMP, ZOP, TestDaF, DSH). Konzeption: Auf neuen Wegen eignet sich besonders f\u00fcr Lernende, die konzentriert, intensiv und zielgerichtet arbeiten m\u00f6chten. Das einb\u00e4ndige Lehrwerk ist in acht Lektionen gegliedert. Jede Einheit besteht aus drei thematischen Bl\u00f6cken, einem ausf\u00fchrlichen Grammatikteil mit \u00dcbungen und einem fakultativen Vertiefungsteil mit Projekten, erg\u00e4nzenden Texten und Spielen. Auf neuen Wegen enth\u00e4lt ein breit gef\u00e4chertes Angebot an Textsorten. Alle Lese- und H\u00f6rtexte sind authentisch und regen zu interkulturellen Gespr\u00e4chen an. Die Fertigkeiten werden integriert vermittelt. Die vielf\u00e4ltige \u00dcbungstypologie erm\u00f6glicht einen abwechslungsreichen und aktiven Unterricht. Dabei werden auch akademische Kommunikationsverfahren wie Diskussion, Pr\u00e4sentation, Referat oder Textzusammenfassung erarbeitet und intensiv ge\u00fcbt. Im Zentrum des Unterrichtsgeschehens steht die F\u00f6rderung des strategischen Lernens. Ein erg\u00e4nzender &#171;Strategieanhang&#187; beschreibt die Lernstrategien und gibt wertvolle Tipps zum selbstst\u00e4ndigen Lernen. Finden Sie weitere B\u00fccher Aus dieser Kategorie<\/p>\n","protected":false},"excerpt":{"rendered":"<p>Voraussetzungen: Erfolgreich abgeschlossene Grundstufe. Zielgruppe: Lernende im In- und Ausland, die sich intensiv mit der deutschen Sprache und Kultur besch\u00e4ftigen oder sich auf ein Studium an einer deutschsprachigen Universit\u00e4t vorbereiten m\u00f6chten. Auf neuen Wegen ist ein Lehrwerk f\u00fcr die Mittel-&#8230;<\/p>\n","protected":false},"featured_media":140603,"template":"","meta":{"_acf_changed":false,"inline_featured_image":false},"product_brand":[],"product_cat":[886],"product_tag":[],"series":[],"publisher":[{"id":497,"name":"Hueber Verlag","slug":"hueber-verlag"}],"class_list":{"0":"post-140237","1":"product","2":"type-product","3":"status-publish","4":"has-post-thumbnail","6":"product_cat-methodik","7":"publisher-hueber-verlag","9":"first","10":"instock","11":"taxable","12":"shipping-taxable","13":"purchasable","14":"product-type-simple"},"acf":[],"_links":{"self":[{"href":"https:\/\/exlibris.ee\/ru\/wp-json\/wp\/v2\/product\/140237","targetHints":{"allow":["GET"]}}],"collection":[{"href":"https:\/\/exlibris.ee\/ru\/wp-json\/wp\/v2\/product"}],"about":[{"href":"https:\/\/exlibris.ee\/ru\/wp-json\/wp\/v2\/types\/product"}],"wp:featuredmedia":[{"embeddable":true,"href":"https:\/\/exlibris.ee\/ru\/wp-json\/wp\/v2\/media\/140603"}],"wp:attachment":[{"href":"https:\/\/exlibris.ee\/ru\/wp-json\/wp\/v2\/media?parent=140237"}],"wp:term":[{"taxonomy":"product_brand","embeddable":true,"href":"https:\/\/exlibris.ee\/ru\/wp-json\/wp\/v2\/product_brand?post=140237"},{"taxonomy":"product_cat","embeddable":true,"href":"https:\/\/exlibris.ee\/ru\/wp-json\/wp\/v2\/product_cat?post=140237"},{"taxonomy":"product_tag","embeddable":true,"href":"https:\/\/exlibris.ee\/ru\/wp-json\/wp\/v2\/product_tag?post=140237"},{"taxonomy":"series","embeddable":true,"href":"https:\/\/exlibris.ee\/ru\/wp-json\/wp\/v2\/series?post=140237"},{"taxonomy":"publisher","embeddable":true,"href":"https:\/\/exlibris.ee\/ru\/wp-json\/wp\/v2\/publisher?post=140237"}],"curies":[{"name":"wp","href":"https:\/\/api.w.org\/{rel}","templated":true}]}}