{"id":140267,"date":"2025-02-12T07:34:42","date_gmt":"2025-02-12T05:34:42","guid":{"rendered":"https:\/\/exlibris.ee\/toode\/sprechen-schreiben-mitreden-aktuell-ubungsbuch\/"},"modified":"2026-04-23T05:42:29","modified_gmt":"2026-04-23T02:42:29","slug":"sprechen-schreiben-mitreden-aktuell-ubungsbuch","status":"publish","type":"product","link":"https:\/\/exlibris.ee\/ru\/produkt\/sprechen-schreiben-mitreden-aktuell-ubungsbuch\/","title":{"rendered":"Sprechen Schreiben Mitreden aktuell \/ \u00dcbungsbuch"},"content":{"rendered":"<p>Niveau C2. Voraussetzungen Kenntnisse auf dem Niveau C2 des Europ\u00e4ischen Referenzrahmens. Zielgruppe Lernende mit Oberstufenkenntnissen, die sich auf das Kleine und Gro\u00dfe Sprachdiplom vorbereiten, bzw. ihre m\u00fcndliche und schriftliche Ausdrucksf\u00e4higkeit verbessern wollen. Lernziel Verbesserung der schriftlichen und m\u00fcndlichen Ausdrucksf\u00e4higkeit; Training der Pr\u00fcfungsteile Vortrag und Aufsatz. Konzeption In 30 Kapiteln werden ebenso viele Themenkreise inhaltlich und sprachlich erarbeitet. Jeweils ein Thema wird detailliert bearbeitet. Den Lernenden werden wichtiges Hintergrundwissen, Ausdrucksmittel und Formulierungshilfen sowie jeweils ein Gliederungsvorschlag zur Verf\u00fcgung gestellt. Thematisch eng anschlie\u00dfende Sprach\u00fcbungen tragen zum Erwerb eines ausgefeilten Ausdrucks bei. Zu jedem Themenkreis schl\u00e4gt das \u00dcbungsbuch weitere Vortrags- und Aufsatzthemen zur selbstst\u00e4ndigen Ausarbeitung vor.<\/p>\n","protected":false},"excerpt":{"rendered":"<p>Niveau C2. Voraussetzungen Kenntnisse auf dem Niveau C2 des Europ\u00e4ischen Referenzrahmens. Zielgruppe Lernende mit Oberstufenkenntnissen, die sich auf das Kleine und Gro\u00dfe Sprachdiplom vorbereiten, bzw. ihre m\u00fcndliche und schriftliche Ausdrucksf\u00e4higkeit verbessern wollen. Lernziel Verbesserung der schriftlichen und m\u00fcndlichen Ausdrucksf\u00e4higkeit; Training&#8230;<\/p>\n","protected":false},"featured_media":423151,"template":"","meta":{"_acf_changed":false,"inline_featured_image":false},"product_brand":[],"product_cat":[558],"product_tag":[],"series":[],"publisher":[{"id":1297,"name":"Karabatos Verlag","slug":"karabatos-verlag"}],"class_list":{"0":"post-140267","1":"product","2":"type-product","3":"status-publish","4":"has-post-thumbnail","6":"product_cat-deutsch-uben","7":"publisher-karabatos-verlag","9":"first","10":"onbackorder","11":"taxable","12":"shipping-taxable","13":"purchasable","14":"product-type-simple"},"acf":[],"_links":{"self":[{"href":"https:\/\/exlibris.ee\/ru\/wp-json\/wp\/v2\/product\/140267","targetHints":{"allow":["GET"]}}],"collection":[{"href":"https:\/\/exlibris.ee\/ru\/wp-json\/wp\/v2\/product"}],"about":[{"href":"https:\/\/exlibris.ee\/ru\/wp-json\/wp\/v2\/types\/product"}],"wp:featuredmedia":[{"embeddable":true,"href":"https:\/\/exlibris.ee\/ru\/wp-json\/wp\/v2\/media\/423151"}],"wp:attachment":[{"href":"https:\/\/exlibris.ee\/ru\/wp-json\/wp\/v2\/media?parent=140267"}],"wp:term":[{"taxonomy":"product_brand","embeddable":true,"href":"https:\/\/exlibris.ee\/ru\/wp-json\/wp\/v2\/product_brand?post=140267"},{"taxonomy":"product_cat","embeddable":true,"href":"https:\/\/exlibris.ee\/ru\/wp-json\/wp\/v2\/product_cat?post=140267"},{"taxonomy":"product_tag","embeddable":true,"href":"https:\/\/exlibris.ee\/ru\/wp-json\/wp\/v2\/product_tag?post=140267"},{"taxonomy":"series","embeddable":true,"href":"https:\/\/exlibris.ee\/ru\/wp-json\/wp\/v2\/series?post=140267"},{"taxonomy":"publisher","embeddable":true,"href":"https:\/\/exlibris.ee\/ru\/wp-json\/wp\/v2\/publisher?post=140267"}],"curies":[{"name":"wp","href":"https:\/\/api.w.org\/{rel}","templated":true}]}}