{"id":140293,"date":"2025-02-12T07:37:07","date_gmt":"2025-02-12T05:37:07","guid":{"rendered":"https:\/\/exlibris.ee\/toode\/schritte-plus-alpha-kompakt-digitalisiertes-kursbuch-mit-integrierten-audiodateien\/"},"modified":"2026-05-10T21:56:10","modified_gmt":"2026-05-10T18:56:10","slug":"schritte-plus-alpha-kompakt-digitalisiertes-kursbuch-mit-integrierten-audiodateien","status":"publish","type":"product","link":"https:\/\/exlibris.ee\/ru\/produkt\/schritte-plus-alpha-kompakt-digitalisiertes-kursbuch-mit-integrierten-audiodateien\/","title":{"rendered":"Schritte plus Alpha kompakt \/ Digitalisiertes Kursbuch mit integrierten Audiodateien"},"content":{"rendered":"<p>Schritte plus Alpha kompakt \u2013 Digitalisiertes Kursbuch mit integrierten Audiodateien  Der Kompaktkurs Alphabetisierung insbesondere f\u00fcr Zweitschriftlernende, die schnell in einen reinen Sprachkurs wechseln m\u00f6chten  &#8212; Kompaktausgabe von Schritte plus Alpha 1 und 2 in einem Band  &#8212; Lernstoff in gek\u00fcrzter Form und mit angepasster Progression  &#8212; vereint auf bew\u00e4hrte Weise Sprach- und Alphabetisierungsunterricht<\/p>\n","protected":false},"excerpt":{"rendered":"<p>Schritte plus Alpha kompakt \u2013 Digitalisiertes Kursbuch mit integrierten Audiodateien Der Kompaktkurs Alphabetisierung insbesondere f\u00fcr Zweitschriftlernende, die schnell in einen reinen Sprachkurs wechseln m\u00f6chten &#8212; Kompaktausgabe von Schritte plus Alpha 1 und 2 in einem Band &#8212; Lernstoff in gek\u00fcrzter&#8230;<\/p>\n","protected":false},"featured_media":729514,"template":"","meta":{"_acf_changed":false,"inline_featured_image":false},"product_brand":[],"product_cat":[1121],"product_tag":[],"series":[{"id":2968,"name":"Schritte plus Alpha kompakt","slug":"schritte-plus-alpha-kompakt"}],"publisher":[{"id":497,"name":"Hueber Verlag","slug":"hueber-verlag"}],"class_list":{"0":"post-140293","1":"product","2":"type-product","3":"status-publish","4":"has-post-thumbnail","6":"product_cat-lehrwerke-fur-jugendliche-und-erwachsene","7":"series-schritte-plus-alpha-kompakt","8":"publisher-hueber-verlag","10":"first","11":"onbackorder","12":"taxable","13":"shipping-taxable","14":"purchasable","15":"product-type-simple"},"acf":[],"_links":{"self":[{"href":"https:\/\/exlibris.ee\/ru\/wp-json\/wp\/v2\/product\/140293","targetHints":{"allow":["GET"]}}],"collection":[{"href":"https:\/\/exlibris.ee\/ru\/wp-json\/wp\/v2\/product"}],"about":[{"href":"https:\/\/exlibris.ee\/ru\/wp-json\/wp\/v2\/types\/product"}],"wp:featuredmedia":[{"embeddable":true,"href":"https:\/\/exlibris.ee\/ru\/wp-json\/wp\/v2\/media\/729514"}],"wp:attachment":[{"href":"https:\/\/exlibris.ee\/ru\/wp-json\/wp\/v2\/media?parent=140293"}],"wp:term":[{"taxonomy":"product_brand","embeddable":true,"href":"https:\/\/exlibris.ee\/ru\/wp-json\/wp\/v2\/product_brand?post=140293"},{"taxonomy":"product_cat","embeddable":true,"href":"https:\/\/exlibris.ee\/ru\/wp-json\/wp\/v2\/product_cat?post=140293"},{"taxonomy":"product_tag","embeddable":true,"href":"https:\/\/exlibris.ee\/ru\/wp-json\/wp\/v2\/product_tag?post=140293"},{"taxonomy":"series","embeddable":true,"href":"https:\/\/exlibris.ee\/ru\/wp-json\/wp\/v2\/series?post=140293"},{"taxonomy":"publisher","embeddable":true,"href":"https:\/\/exlibris.ee\/ru\/wp-json\/wp\/v2\/publisher?post=140293"}],"curies":[{"name":"wp","href":"https:\/\/api.w.org\/{rel}","templated":true}]}}