{"id":140323,"date":"2025-02-12T07:39:22","date_gmt":"2025-02-12T05:39:22","guid":{"rendered":"https:\/\/exlibris.ee\/toode\/so-bunt-ist-meine-welt-kinderbuch-deutsch-ukrainisch\/"},"modified":"2026-04-18T15:35:46","modified_gmt":"2026-04-18T12:35:46","slug":"so-bunt-ist-meine-welt-kinderbuch-deutsch-ukrainisch","status":"publish","type":"product","link":"https:\/\/exlibris.ee\/ru\/produkt\/so-bunt-ist-meine-welt-kinderbuch-deutsch-ukrainisch\/","title":{"rendered":"So bunt ist meine Welt \/ Kinderbuch Deutsch &#8212; Ukrainisch"},"content":{"rendered":"<p>Zweisprachiges Kinderbuch Deutsch-Ukrainisch ab 3 Jahren. Geschildert werden in kurzen, einfachen S\u00e4tzen Paulas Erlebnisse im Garten und in der Natur. Farbenfrohe Illustrationen laden zum Betrachten ein und eine Wort-Bild-Leiste auf jeder Seite greift wichtige Gegenst\u00e4nde erneut auf und erm\u00f6glicht eine aktive F\u00f6rderung des Wortschatzes schon f\u00fcr die Kleinsten.. F\u00fcr weitere Sprachen erh\u00e4ltlich<\/p>\n","protected":false},"excerpt":{"rendered":"<p>Zweisprachiges Kinderbuch Deutsch-Ukrainisch ab 3 Jahren. Geschildert werden in kurzen, einfachen S\u00e4tzen Paulas Erlebnisse im Garten und in der Natur. Farbenfrohe Illustrationen laden zum Betrachten ein und eine Wort-Bild-Leiste auf jeder Seite greift wichtige Gegenst\u00e4nde erneut auf und erm\u00f6glicht eine&#8230;<\/p>\n","protected":false},"featured_media":337967,"template":"","meta":{"_acf_changed":false,"inline_featured_image":false},"product_brand":[],"product_cat":[851],"product_tag":[],"series":[{"id":2969,"name":"So bunt ist meine Welt","slug":"so-bunt-ist-meine-welt"}],"publisher":[{"id":1305,"name":"Edition bi:libri","slug":"edition-bilibri"}],"class_list":{"0":"post-140323","1":"product","2":"type-product","3":"status-publish","4":"has-post-thumbnail","6":"product_cat-lesetexte-deutsch","7":"series-so-bunt-ist-meine-welt","8":"publisher-edition-bilibri","10":"first","11":"onbackorder","12":"taxable","13":"shipping-taxable","14":"purchasable","15":"product-type-simple"},"acf":[],"_links":{"self":[{"href":"https:\/\/exlibris.ee\/ru\/wp-json\/wp\/v2\/product\/140323","targetHints":{"allow":["GET"]}}],"collection":[{"href":"https:\/\/exlibris.ee\/ru\/wp-json\/wp\/v2\/product"}],"about":[{"href":"https:\/\/exlibris.ee\/ru\/wp-json\/wp\/v2\/types\/product"}],"wp:featuredmedia":[{"embeddable":true,"href":"https:\/\/exlibris.ee\/ru\/wp-json\/wp\/v2\/media\/337967"}],"wp:attachment":[{"href":"https:\/\/exlibris.ee\/ru\/wp-json\/wp\/v2\/media?parent=140323"}],"wp:term":[{"taxonomy":"product_brand","embeddable":true,"href":"https:\/\/exlibris.ee\/ru\/wp-json\/wp\/v2\/product_brand?post=140323"},{"taxonomy":"product_cat","embeddable":true,"href":"https:\/\/exlibris.ee\/ru\/wp-json\/wp\/v2\/product_cat?post=140323"},{"taxonomy":"product_tag","embeddable":true,"href":"https:\/\/exlibris.ee\/ru\/wp-json\/wp\/v2\/product_tag?post=140323"},{"taxonomy":"series","embeddable":true,"href":"https:\/\/exlibris.ee\/ru\/wp-json\/wp\/v2\/series?post=140323"},{"taxonomy":"publisher","embeddable":true,"href":"https:\/\/exlibris.ee\/ru\/wp-json\/wp\/v2\/publisher?post=140323"}],"curies":[{"name":"wp","href":"https:\/\/api.w.org\/{rel}","templated":true}]}}