{"id":140326,"date":"2025-02-12T07:39:22","date_gmt":"2025-02-12T05:39:22","guid":{"rendered":"https:\/\/exlibris.ee\/toode\/heidi-kinderbuch-deutsch-englisch-mit-mp3-horbuch-zum-herunterladen\/"},"modified":"2026-04-04T03:18:55","modified_gmt":"2026-04-04T00:18:55","slug":"heidi-kinderbuch-deutsch-englisch-mit-mp3-horbuch-zum-herunterladen","status":"publish","type":"product","link":"https:\/\/exlibris.ee\/ru\/produkt\/heidi-kinderbuch-deutsch-englisch-mit-mp3-horbuch-zum-herunterladen\/","title":{"rendered":"Heidi \/ Kinderbuch Deutsch-Englisch mit MP3-H\u00f6rbuch zum Herunterladen"},"content":{"rendered":"<p>Zweisprachiges Kinderbuch Deutsch-Englisch ab 4 Jahren. Heidi, die weltbekannte Geschichte von Johanna Spyri \u2013 neu erz\u00e4hlt f\u00fcr Kinder und mit stimmungsvollen Illustrationen von Maja Dus\u00edkov\u00e1.. Die H\u00f6rversion der Geschichte wurde von Muttersprachlern eingelesen und steht als MP3-H\u00f6rbuch zum Download bereit. . F\u00fcr weitere Sprachen erh\u00e4ltlich.<\/p>\n","protected":false},"excerpt":{"rendered":"<p>Zweisprachiges Kinderbuch Deutsch-Englisch ab 4 Jahren. Heidi, die weltbekannte Geschichte von Johanna Spyri \u2013 neu erz\u00e4hlt f\u00fcr Kinder und mit stimmungsvollen Illustrationen von Maja Dus\u00edkov\u00e1.. Die H\u00f6rversion der Geschichte wurde von Muttersprachlern eingelesen und steht als MP3-H\u00f6rbuch zum Download bereit&#8230;.<\/p>\n","protected":false},"featured_media":140314,"template":"","meta":{"_acf_changed":false,"inline_featured_image":false},"product_brand":[],"product_cat":[851],"product_tag":[],"series":[{"id":2970,"name":"Heidi","slug":"heidi"}],"publisher":[{"id":1308,"name":"NordS\u00fcd","slug":"nordsud"}],"class_list":{"0":"post-140326","1":"product","2":"type-product","3":"status-publish","4":"has-post-thumbnail","6":"product_cat-lesetexte-deutsch","7":"series-heidi","8":"publisher-nordsud","10":"first","11":"onbackorder","12":"taxable","13":"shipping-taxable","14":"purchasable","15":"product-type-simple"},"acf":[],"_links":{"self":[{"href":"https:\/\/exlibris.ee\/ru\/wp-json\/wp\/v2\/product\/140326","targetHints":{"allow":["GET"]}}],"collection":[{"href":"https:\/\/exlibris.ee\/ru\/wp-json\/wp\/v2\/product"}],"about":[{"href":"https:\/\/exlibris.ee\/ru\/wp-json\/wp\/v2\/types\/product"}],"wp:featuredmedia":[{"embeddable":true,"href":"https:\/\/exlibris.ee\/ru\/wp-json\/wp\/v2\/media\/140314"}],"wp:attachment":[{"href":"https:\/\/exlibris.ee\/ru\/wp-json\/wp\/v2\/media?parent=140326"}],"wp:term":[{"taxonomy":"product_brand","embeddable":true,"href":"https:\/\/exlibris.ee\/ru\/wp-json\/wp\/v2\/product_brand?post=140326"},{"taxonomy":"product_cat","embeddable":true,"href":"https:\/\/exlibris.ee\/ru\/wp-json\/wp\/v2\/product_cat?post=140326"},{"taxonomy":"product_tag","embeddable":true,"href":"https:\/\/exlibris.ee\/ru\/wp-json\/wp\/v2\/product_tag?post=140326"},{"taxonomy":"series","embeddable":true,"href":"https:\/\/exlibris.ee\/ru\/wp-json\/wp\/v2\/series?post=140326"},{"taxonomy":"publisher","embeddable":true,"href":"https:\/\/exlibris.ee\/ru\/wp-json\/wp\/v2\/publisher?post=140326"}],"curies":[{"name":"wp","href":"https:\/\/api.w.org\/{rel}","templated":true}]}}