{"id":140350,"date":"2025-02-12T07:41:32","date_gmt":"2025-02-12T05:41:32","guid":{"rendered":"https:\/\/exlibris.ee\/toode\/deutsch-ubungsgrammatik-fur-die-grundstufe-plus-interaktive-version\/"},"modified":"2026-04-24T01:48:43","modified_gmt":"2026-04-23T22:48:43","slug":"deutsch-ubungsgrammatik-fur-die-grundstufe-plus-interaktive-version","status":"publish","type":"product","link":"https:\/\/exlibris.ee\/ru\/produkt\/deutsch-ubungsgrammatik-fur-die-grundstufe-plus-interaktive-version\/","title":{"rendered":"Deutsch \u2013 \u00dcbungsgrammatik f\u00fcr die Grundstufe \u2013 PLUS \/ Interaktive Version"},"content":{"rendered":"<p>A1 &#8212; B1. Interaktive Version (rein digitales Produkt) \u2022 die interaktive Version bietet s\u00e4mtliche \u00dcbungen in interaktiver Umsetzung und mit direkter L\u00f6sungsanzeige sowie sowie zus\u00e4tzliche Online-Tests mit L\u00f6sungen \u2022 vermittelt einfach und klar die zentralen Grammatikthemen der Grundstufe A1 &#8212; B1 \u2022 abwechslungsreiche \u00dcbungen wie L\u00fcckentexte, Zuordnungs-, Umformungs- und Satzbildungs\u00fcbungen \u2022 L\u00f6sungsschl\u00fcssel zu den \u00dcbungen und eine Liste unregelm\u00e4\u00dfiger Verben im Anhang \u2022 \u00fcbersichtliches Layout f\u00fcr den schnellen \u00dcberblick \u2022 zahlreiche vierfarbige Illustrationen f\u00fcr mehr Spa\u00df am Lernen \u2022 geeignet f\u00fcr den Einsatz im Unterricht und das Selbststudium zu Hause<\/p>\n","protected":false},"excerpt":{"rendered":"<p>A1 &#8212; B1. Interaktive Version (rein digitales Produkt) \u2022 die interaktive Version bietet s\u00e4mtliche \u00dcbungen in interaktiver Umsetzung und mit direkter L\u00f6sungsanzeige sowie sowie zus\u00e4tzliche Online-Tests mit L\u00f6sungen \u2022 vermittelt einfach und klar die zentralen Grammatikthemen der Grundstufe A1 &#8212;&#8230;<\/p>\n","protected":false},"featured_media":440164,"template":"","meta":{"_acf_changed":false,"inline_featured_image":false},"product_brand":[],"product_cat":[480],"product_tag":[],"series":[],"publisher":[{"id":497,"name":"Hueber Verlag","slug":"hueber-verlag"}],"class_list":{"0":"post-140350","1":"product","2":"type-product","3":"status-publish","4":"has-post-thumbnail","6":"product_cat-grammatiken","7":"publisher-hueber-verlag","9":"first","10":"onbackorder","11":"taxable","12":"shipping-taxable","13":"purchasable","14":"product-type-simple"},"acf":[],"_links":{"self":[{"href":"https:\/\/exlibris.ee\/ru\/wp-json\/wp\/v2\/product\/140350","targetHints":{"allow":["GET"]}}],"collection":[{"href":"https:\/\/exlibris.ee\/ru\/wp-json\/wp\/v2\/product"}],"about":[{"href":"https:\/\/exlibris.ee\/ru\/wp-json\/wp\/v2\/types\/product"}],"wp:featuredmedia":[{"embeddable":true,"href":"https:\/\/exlibris.ee\/ru\/wp-json\/wp\/v2\/media\/440164"}],"wp:attachment":[{"href":"https:\/\/exlibris.ee\/ru\/wp-json\/wp\/v2\/media?parent=140350"}],"wp:term":[{"taxonomy":"product_brand","embeddable":true,"href":"https:\/\/exlibris.ee\/ru\/wp-json\/wp\/v2\/product_brand?post=140350"},{"taxonomy":"product_cat","embeddable":true,"href":"https:\/\/exlibris.ee\/ru\/wp-json\/wp\/v2\/product_cat?post=140350"},{"taxonomy":"product_tag","embeddable":true,"href":"https:\/\/exlibris.ee\/ru\/wp-json\/wp\/v2\/product_tag?post=140350"},{"taxonomy":"series","embeddable":true,"href":"https:\/\/exlibris.ee\/ru\/wp-json\/wp\/v2\/series?post=140350"},{"taxonomy":"publisher","embeddable":true,"href":"https:\/\/exlibris.ee\/ru\/wp-json\/wp\/v2\/publisher?post=140350"}],"curies":[{"name":"wp","href":"https:\/\/api.w.org\/{rel}","templated":true}]}}