{"id":140351,"date":"2025-02-12T07:41:32","date_gmt":"2025-02-12T05:41:32","guid":{"rendered":"https:\/\/exlibris.ee\/toode\/spuk-im-zoo-kinderbuch-deutsch-franzosisch-mit-mp3-horbuch-zum-herunterladen\/"},"modified":"2026-04-03T09:18:53","modified_gmt":"2026-04-03T06:18:53","slug":"spuk-im-zoo-kinderbuch-deutsch-franzosisch-mit-mp3-horbuch-zum-herunterladen","status":"publish","type":"product","link":"https:\/\/exlibris.ee\/ru\/produkt\/spuk-im-zoo-kinderbuch-deutsch-franzosisch-mit-mp3-horbuch-zum-herunterladen\/","title":{"rendered":"Spuk im Zoo \/ Kinderbuch Deutsch-Franz\u00f6sisch mit MP3-H\u00f6rbuch zum Herunterladen"},"content":{"rendered":"<p>Zweisprachiges Kinderbuch Deutsch-Franz\u00f6sisch ab 4 Jahren. Ein neuer Tag im Zoo bricht an und alle Tiere sind aufgeregt: Ein kleiner Geist spukt herum! Papagei Pippo geht auf Spurensuche und findet schlie\u00dflich heraus, was los ist.. Durchgehend farbig illustriert, mit H\u00f6rbuch als MP3-Download. F\u00fcr weitere Sprachen erh\u00e4ltlich.<\/p>\n","protected":false},"excerpt":{"rendered":"<p>Zweisprachiges Kinderbuch Deutsch-Franz\u00f6sisch ab 4 Jahren. Ein neuer Tag im Zoo bricht an und alle Tiere sind aufgeregt: Ein kleiner Geist spukt herum! Papagei Pippo geht auf Spurensuche und findet schlie\u00dflich heraus, was los ist.. Durchgehend farbig illustriert, mit H\u00f6rbuch&#8230;<\/p>\n","protected":false},"featured_media":140343,"template":"","meta":{"_acf_changed":false,"inline_featured_image":false},"product_brand":[],"product_cat":[851],"product_tag":[],"series":[{"id":2971,"name":"Spuk im Zoo","slug":"spuk-im-zoo"}],"publisher":[{"id":1305,"name":"Edition bi:libri","slug":"edition-bilibri"}],"class_list":{"0":"post-140351","1":"product","2":"type-product","3":"status-publish","4":"has-post-thumbnail","6":"product_cat-lesetexte-deutsch","7":"series-spuk-im-zoo","8":"publisher-edition-bilibri","10":"first","11":"onbackorder","12":"taxable","13":"shipping-taxable","14":"purchasable","15":"product-type-simple"},"acf":[],"_links":{"self":[{"href":"https:\/\/exlibris.ee\/ru\/wp-json\/wp\/v2\/product\/140351","targetHints":{"allow":["GET"]}}],"collection":[{"href":"https:\/\/exlibris.ee\/ru\/wp-json\/wp\/v2\/product"}],"about":[{"href":"https:\/\/exlibris.ee\/ru\/wp-json\/wp\/v2\/types\/product"}],"wp:featuredmedia":[{"embeddable":true,"href":"https:\/\/exlibris.ee\/ru\/wp-json\/wp\/v2\/media\/140343"}],"wp:attachment":[{"href":"https:\/\/exlibris.ee\/ru\/wp-json\/wp\/v2\/media?parent=140351"}],"wp:term":[{"taxonomy":"product_brand","embeddable":true,"href":"https:\/\/exlibris.ee\/ru\/wp-json\/wp\/v2\/product_brand?post=140351"},{"taxonomy":"product_cat","embeddable":true,"href":"https:\/\/exlibris.ee\/ru\/wp-json\/wp\/v2\/product_cat?post=140351"},{"taxonomy":"product_tag","embeddable":true,"href":"https:\/\/exlibris.ee\/ru\/wp-json\/wp\/v2\/product_tag?post=140351"},{"taxonomy":"series","embeddable":true,"href":"https:\/\/exlibris.ee\/ru\/wp-json\/wp\/v2\/series?post=140351"},{"taxonomy":"publisher","embeddable":true,"href":"https:\/\/exlibris.ee\/ru\/wp-json\/wp\/v2\/publisher?post=140351"}],"curies":[{"name":"wp","href":"https:\/\/api.w.org\/{rel}","templated":true}]}}