{"id":140395,"date":"2025-02-12T07:43:50","date_gmt":"2025-02-12T05:43:50","guid":{"rendered":"https:\/\/exlibris.ee\/toode\/das-kleine-wir-kinderbuch-deutsch-englisch-mit-mp3-horbuch-zum-herunterladen\/"},"modified":"2026-04-03T09:18:59","modified_gmt":"2026-04-03T06:18:59","slug":"das-kleine-wir-kinderbuch-deutsch-englisch-mit-mp3-horbuch-zum-herunterladen","status":"publish","type":"product","link":"https:\/\/exlibris.ee\/ru\/produkt\/das-kleine-wir-kinderbuch-deutsch-englisch-mit-mp3-horbuch-zum-herunterladen\/","title":{"rendered":"Das kleine WIR \/ Kinderbuch Deutsch-Englisch mit MP3-H\u00f6rbuch zum Herunterladen"},"content":{"rendered":"<p>Zweisprachiges Kinderbuch Deutsch-Englisch ab 4 Jahren. Mit dem WIR ist alles halb so schlimm und doppelt sch\u00f6n, finden Ben und Emma. Doch auch beste Freunde streiten, und pl\u00f6tzlich ist das WIR verschwunden. F\u00fcr Ben und Emma erscheint die Welt auf einmal grau und trostlos. Wo hat sich das WIR versteckt? Gemeinsam machen sich die beiden Freunde auf die Suche \u2026. Durchgehend farbig illustriert, mit H\u00f6rbuch als MP3-Download. F\u00fcr weitere Sprachen erh\u00e4ltlich.<\/p>\n","protected":false},"excerpt":{"rendered":"<p>Zweisprachiges Kinderbuch Deutsch-Englisch ab 4 Jahren. Mit dem WIR ist alles halb so schlimm und doppelt sch\u00f6n, finden Ben und Emma. Doch auch beste Freunde streiten, und pl\u00f6tzlich ist das WIR verschwunden. F\u00fcr Ben und Emma erscheint die Welt auf&#8230;<\/p>\n","protected":false},"featured_media":140367,"template":"","meta":{"_acf_changed":false,"inline_featured_image":false},"product_brand":[],"product_cat":[851],"product_tag":[],"series":[{"id":2972,"name":"Das kleine WIR","slug":"das-kleine-wir"}],"publisher":[{"id":1305,"name":"Edition bi:libri","slug":"edition-bilibri"}],"class_list":{"0":"post-140395","1":"product","2":"type-product","3":"status-publish","4":"has-post-thumbnail","6":"product_cat-lesetexte-deutsch","7":"series-das-kleine-wir","8":"publisher-edition-bilibri","10":"first","11":"onbackorder","12":"taxable","13":"shipping-taxable","14":"purchasable","15":"product-type-simple"},"acf":[],"_links":{"self":[{"href":"https:\/\/exlibris.ee\/ru\/wp-json\/wp\/v2\/product\/140395","targetHints":{"allow":["GET"]}}],"collection":[{"href":"https:\/\/exlibris.ee\/ru\/wp-json\/wp\/v2\/product"}],"about":[{"href":"https:\/\/exlibris.ee\/ru\/wp-json\/wp\/v2\/types\/product"}],"wp:featuredmedia":[{"embeddable":true,"href":"https:\/\/exlibris.ee\/ru\/wp-json\/wp\/v2\/media\/140367"}],"wp:attachment":[{"href":"https:\/\/exlibris.ee\/ru\/wp-json\/wp\/v2\/media?parent=140395"}],"wp:term":[{"taxonomy":"product_brand","embeddable":true,"href":"https:\/\/exlibris.ee\/ru\/wp-json\/wp\/v2\/product_brand?post=140395"},{"taxonomy":"product_cat","embeddable":true,"href":"https:\/\/exlibris.ee\/ru\/wp-json\/wp\/v2\/product_cat?post=140395"},{"taxonomy":"product_tag","embeddable":true,"href":"https:\/\/exlibris.ee\/ru\/wp-json\/wp\/v2\/product_tag?post=140395"},{"taxonomy":"series","embeddable":true,"href":"https:\/\/exlibris.ee\/ru\/wp-json\/wp\/v2\/series?post=140395"},{"taxonomy":"publisher","embeddable":true,"href":"https:\/\/exlibris.ee\/ru\/wp-json\/wp\/v2\/publisher?post=140395"}],"curies":[{"name":"wp","href":"https:\/\/api.w.org\/{rel}","templated":true}]}}