{"id":140397,"date":"2025-02-12T07:43:50","date_gmt":"2025-02-12T05:43:50","guid":{"rendered":"https:\/\/exlibris.ee\/toode\/schritte-international-neu-12-arbeitsbuch\/"},"modified":"2026-04-03T09:19:27","modified_gmt":"2026-04-03T06:19:27","slug":"schritte-international-neu-12-arbeitsbuch","status":"publish","type":"product","link":"https:\/\/exlibris.ee\/ru\/produkt\/schritte-international-neu-12-arbeitsbuch\/","title":{"rendered":"Schritte international Neu 1+2 \/ Arbeitsbuch"},"content":{"rendered":"<p>Niveau A1 bis A1. Arbeitsbuch zur dreib\u00e4ndigen Ausgabe. &#8212; \u00dcbungen und Wiederholungs\u00fcbungen in verschiedenen Schwierigkeitsstufen zur Binnendifferenzierung . -ein systematisch aufgebautes Schreibtraining . -Wortschatztraining f\u00fcr einen gezielten Wortschatzerwerb . -ein ausf\u00fchrliches Phonetikprogramm . -Aufgaben zum Mehrsprachigkeitsansatz. -Pr\u00fcfungsaufgaben. -Lernertests mit Selbstauswertung und weiterf\u00fchrendem Trainingsprogramm im Lehrwerkservice. -integrierte Fokus-Seiten bieten zahlreiche zus\u00e4tzliche Materialien zu den Themen Beruf und Alltag.. -Lernwortschatz-Seiten am Ende des Buches mit Illustrationen und Beispiels\u00e4tzen, Schreibzeilen und Lerntipps. -eine systematische Grammatik-\u00dcbersicht im Anhang<\/p>\n","protected":false},"excerpt":{"rendered":"<p>Niveau A1 bis A1. Arbeitsbuch zur dreib\u00e4ndigen Ausgabe. &#8212; \u00dcbungen und Wiederholungs\u00fcbungen in verschiedenen Schwierigkeitsstufen zur Binnendifferenzierung . -ein systematisch aufgebautes Schreibtraining . -Wortschatztraining f\u00fcr einen gezielten Wortschatzerwerb . -ein ausf\u00fchrliches Phonetikprogramm . -Aufgaben zum Mehrsprachigkeitsansatz. -Pr\u00fcfungsaufgaben. -Lernertests mit Selbstauswertung&#8230;<\/p>\n","protected":false},"featured_media":140373,"template":"","meta":{"_acf_changed":false,"inline_featured_image":false},"product_brand":[],"product_cat":[1121],"product_tag":[],"series":[{"id":1258,"name":"Schritte international Neu","slug":"schritte-international-neu"}],"publisher":[{"id":497,"name":"Hueber Verlag","slug":"hueber-verlag"}],"class_list":{"0":"post-140397","1":"product","2":"type-product","3":"status-publish","4":"has-post-thumbnail","6":"product_cat-lehrwerke-fur-jugendliche-und-erwachsene","7":"series-schritte-international-neu","8":"publisher-hueber-verlag","10":"first","11":"onbackorder","12":"taxable","13":"shipping-taxable","14":"purchasable","15":"product-type-simple"},"acf":[],"_links":{"self":[{"href":"https:\/\/exlibris.ee\/ru\/wp-json\/wp\/v2\/product\/140397","targetHints":{"allow":["GET"]}}],"collection":[{"href":"https:\/\/exlibris.ee\/ru\/wp-json\/wp\/v2\/product"}],"about":[{"href":"https:\/\/exlibris.ee\/ru\/wp-json\/wp\/v2\/types\/product"}],"wp:featuredmedia":[{"embeddable":true,"href":"https:\/\/exlibris.ee\/ru\/wp-json\/wp\/v2\/media\/140373"}],"wp:attachment":[{"href":"https:\/\/exlibris.ee\/ru\/wp-json\/wp\/v2\/media?parent=140397"}],"wp:term":[{"taxonomy":"product_brand","embeddable":true,"href":"https:\/\/exlibris.ee\/ru\/wp-json\/wp\/v2\/product_brand?post=140397"},{"taxonomy":"product_cat","embeddable":true,"href":"https:\/\/exlibris.ee\/ru\/wp-json\/wp\/v2\/product_cat?post=140397"},{"taxonomy":"product_tag","embeddable":true,"href":"https:\/\/exlibris.ee\/ru\/wp-json\/wp\/v2\/product_tag?post=140397"},{"taxonomy":"series","embeddable":true,"href":"https:\/\/exlibris.ee\/ru\/wp-json\/wp\/v2\/series?post=140397"},{"taxonomy":"publisher","embeddable":true,"href":"https:\/\/exlibris.ee\/ru\/wp-json\/wp\/v2\/publisher?post=140397"}],"curies":[{"name":"wp","href":"https:\/\/api.w.org\/{rel}","templated":true}]}}