{"id":140398,"date":"2025-02-12T07:43:51","date_gmt":"2025-02-12T05:43:51","guid":{"rendered":"https:\/\/exlibris.ee\/toode\/kleiner-eisbar-wohin-fahrst-du-lars-kinderbuch-deutsch-rumanisch-mit-mp3-horbuch-zum-herunterladen\/"},"modified":"2026-04-04T03:20:57","modified_gmt":"2026-04-04T00:20:57","slug":"kleiner-eisbar-wohin-fahrst-du-lars-kinderbuch-deutsch-rumanisch-mit-mp3-horbuch-zum-herunterladen","status":"publish","type":"product","link":"https:\/\/exlibris.ee\/ru\/produkt\/kleiner-eisbar-wohin-fahrst-du-lars-kinderbuch-deutsch-rumanisch-mit-mp3-horbuch-zum-herunterladen\/","title":{"rendered":"Kleiner Eisb\u00e4r &#8212; Wohin f\u00e4hrst du, Lars? \/ Kinderbuch Deutsch-Rum\u00e4nisch mit MP3-H\u00f6rbuch zum Herunterladen"},"content":{"rendered":"<p>Zweisprachiges Kinderbuch Deutsch-Rum\u00e4nisch ab 4 Jahren. Lars, der kleine Eisb\u00e4r, treibt ganz allein auf einer Scholle mitten im Meer. Als die Scholle schmilzt, kann er sich gerade noch auf ein Fass retten. Eine abenteuerliche Reise beginnt und f\u00fchrt ihn schlie\u00dflich nach Afrika. Da ist es zwar spannend, aber viel zu hei\u00df. Lars vermisst seine kalte, wei\u00dfe Heimat und hat Gl\u00fcck: ein Flusspferd und ein Wal \u2013 seine neuen Freunde \u2013 helfen ihm, zur\u00fcck nach Hause zu finden \u2026. Durchgehend farbig illustriert, mit H\u00f6rbuch als MP3-Download in mehreren Sprachen.. F\u00fcr weitere Sprachen erh\u00e4ltlich.<\/p>\n","protected":false},"excerpt":{"rendered":"<p>Zweisprachiges Kinderbuch Deutsch-Rum\u00e4nisch ab 4 Jahren. Lars, der kleine Eisb\u00e4r, treibt ganz allein auf einer Scholle mitten im Meer. Als die Scholle schmilzt, kann er sich gerade noch auf ein Fass retten. Eine abenteuerliche Reise beginnt und f\u00fchrt ihn schlie\u00dflich&#8230;<\/p>\n","protected":false},"featured_media":140376,"template":"","meta":{"_acf_changed":false,"inline_featured_image":false},"product_brand":[],"product_cat":[851],"product_tag":[],"series":[],"publisher":[{"id":1308,"name":"NordS\u00fcd","slug":"nordsud"}],"class_list":{"0":"post-140398","1":"product","2":"type-product","3":"status-publish","4":"has-post-thumbnail","6":"product_cat-lesetexte-deutsch","7":"publisher-nordsud","9":"first","10":"onbackorder","11":"taxable","12":"shipping-taxable","13":"purchasable","14":"product-type-simple"},"acf":[],"_links":{"self":[{"href":"https:\/\/exlibris.ee\/ru\/wp-json\/wp\/v2\/product\/140398","targetHints":{"allow":["GET"]}}],"collection":[{"href":"https:\/\/exlibris.ee\/ru\/wp-json\/wp\/v2\/product"}],"about":[{"href":"https:\/\/exlibris.ee\/ru\/wp-json\/wp\/v2\/types\/product"}],"wp:featuredmedia":[{"embeddable":true,"href":"https:\/\/exlibris.ee\/ru\/wp-json\/wp\/v2\/media\/140376"}],"wp:attachment":[{"href":"https:\/\/exlibris.ee\/ru\/wp-json\/wp\/v2\/media?parent=140398"}],"wp:term":[{"taxonomy":"product_brand","embeddable":true,"href":"https:\/\/exlibris.ee\/ru\/wp-json\/wp\/v2\/product_brand?post=140398"},{"taxonomy":"product_cat","embeddable":true,"href":"https:\/\/exlibris.ee\/ru\/wp-json\/wp\/v2\/product_cat?post=140398"},{"taxonomy":"product_tag","embeddable":true,"href":"https:\/\/exlibris.ee\/ru\/wp-json\/wp\/v2\/product_tag?post=140398"},{"taxonomy":"series","embeddable":true,"href":"https:\/\/exlibris.ee\/ru\/wp-json\/wp\/v2\/series?post=140398"},{"taxonomy":"publisher","embeddable":true,"href":"https:\/\/exlibris.ee\/ru\/wp-json\/wp\/v2\/publisher?post=140398"}],"curies":[{"name":"wp","href":"https:\/\/api.w.org\/{rel}","templated":true}]}}