{"id":140401,"date":"2025-02-12T07:43:51","date_gmt":"2025-02-12T05:43:51","guid":{"rendered":"https:\/\/exlibris.ee\/toode\/deutsch-groses-ubungsbuch-wortschatz-plus-a2-c1-buch-mit-online-tests\/"},"modified":"2026-04-17T15:42:56","modified_gmt":"2026-04-17T12:42:56","slug":"deutsch-groses-ubungsbuch-wortschatz-plus-a2-c1-buch-mit-online-tests","status":"publish","type":"product","link":"https:\/\/exlibris.ee\/ru\/produkt\/deutsch-groses-ubungsbuch-wortschatz-plus-a2-c1-buch-mit-online-tests\/","title":{"rendered":"Deutsch Gro\u00dfes \u00dcbungsbuch Wortschatz PLUS A2-C1 \/ Buch mit Online-Tests"},"content":{"rendered":"<p>Niveau A2 bis C1. Zielgruppe: f\u00fcr Selbstlernende oder als Erg\u00e4nzung zum Unterricht auf den Niveaustufen A2 bis C1 des Europ\u00e4ischen Referenzrahmens. Das lehrwerksunabh\u00e4ngige Wortschatz-\u00dcbungsbuch mit \u00fcber 500 \u00dcbungen, zahlreichen Zusatzinfos und Lerntipps ist ideal zum Lernen, Wiederholen und Vertiefen. Jetzt zus\u00e4tzlich mit Online-Tests nach jedem Kapitel!. Das \u00dcbungsbuch bietet: . &#8212; Pr\u00fcfungsvorbereitung auf alle A2-, B1-und B2-Pr\u00fcfungen nach dem Gemeinsamen Europ\u00e4ischen Referenzrahmen. &#8212; abwechslungsreiche \u00dcbungen zu allen wichtigen Wortschatzthemen, Wortbildung und Idiomatik. &#8212; unterhaltsame Illustrationen und Fotos als Verst\u00e4ndnishilfe. &#8212; Originaltexte, die auch \u00f6sterreichische und Schweizer Varianten ber\u00fccksichtigen. &#8212; erg\u00e4nzende Infos zur Landeskunde. &#8212; einen ausf\u00fchrlichen L\u00f6sungsschl\u00fcssel am Ende des Buches zur Selbstevaluation und St\u00e4rkung der Lernerautonomie<\/p>\n","protected":false},"excerpt":{"rendered":"<p>Niveau A2 bis C1. Zielgruppe: f\u00fcr Selbstlernende oder als Erg\u00e4nzung zum Unterricht auf den Niveaustufen A2 bis C1 des Europ\u00e4ischen Referenzrahmens. Das lehrwerksunabh\u00e4ngige Wortschatz-\u00dcbungsbuch mit \u00fcber 500 \u00dcbungen, zahlreichen Zusatzinfos und Lerntipps ist ideal zum Lernen, Wiederholen und Vertiefen. Jetzt&#8230;<\/p>\n","protected":false},"featured_media":321205,"template":"","meta":{"_acf_changed":false,"inline_featured_image":false},"product_brand":[],"product_cat":[884],"product_tag":[],"series":[],"publisher":[{"id":497,"name":"Hueber Verlag","slug":"hueber-verlag"}],"class_list":{"0":"post-140401","1":"product","2":"type-product","3":"status-publish","4":"has-post-thumbnail","6":"product_cat-wortschatz","7":"publisher-hueber-verlag","9":"first","10":"instock","11":"taxable","12":"shipping-taxable","13":"purchasable","14":"product-type-simple"},"acf":[],"_links":{"self":[{"href":"https:\/\/exlibris.ee\/ru\/wp-json\/wp\/v2\/product\/140401","targetHints":{"allow":["GET"]}}],"collection":[{"href":"https:\/\/exlibris.ee\/ru\/wp-json\/wp\/v2\/product"}],"about":[{"href":"https:\/\/exlibris.ee\/ru\/wp-json\/wp\/v2\/types\/product"}],"wp:featuredmedia":[{"embeddable":true,"href":"https:\/\/exlibris.ee\/ru\/wp-json\/wp\/v2\/media\/321205"}],"wp:attachment":[{"href":"https:\/\/exlibris.ee\/ru\/wp-json\/wp\/v2\/media?parent=140401"}],"wp:term":[{"taxonomy":"product_brand","embeddable":true,"href":"https:\/\/exlibris.ee\/ru\/wp-json\/wp\/v2\/product_brand?post=140401"},{"taxonomy":"product_cat","embeddable":true,"href":"https:\/\/exlibris.ee\/ru\/wp-json\/wp\/v2\/product_cat?post=140401"},{"taxonomy":"product_tag","embeddable":true,"href":"https:\/\/exlibris.ee\/ru\/wp-json\/wp\/v2\/product_tag?post=140401"},{"taxonomy":"series","embeddable":true,"href":"https:\/\/exlibris.ee\/ru\/wp-json\/wp\/v2\/series?post=140401"},{"taxonomy":"publisher","embeddable":true,"href":"https:\/\/exlibris.ee\/ru\/wp-json\/wp\/v2\/publisher?post=140401"}],"curies":[{"name":"wp","href":"https:\/\/api.w.org\/{rel}","templated":true}]}}