{"id":140445,"date":"2025-02-12T09:16:34","date_gmt":"2025-02-12T07:16:34","guid":{"rendered":"https:\/\/exlibris.ee\/toode\/in-der-kuche-kinderbuch-deutsch-englisch\/"},"modified":"2026-04-25T17:42:24","modified_gmt":"2026-04-25T14:42:24","slug":"in-der-kuche-kinderbuch-deutsch-englisch","status":"publish","type":"product","link":"https:\/\/exlibris.ee\/ru\/produkt\/in-der-kuche-kinderbuch-deutsch-englisch\/","title":{"rendered":"In der K\u00fcche \/ Kinderbuch Deutsch-Englisch"},"content":{"rendered":"<p>Zweisprachiges Kinderbuch Deutsch-Englisch ab 3 Jahren. Luna liebt es, beim Kochen zu helfen. In der K\u00fcche kennt sie sich schon gut aus!. Durchgehend farbig illustriert, mit Wort-Bild-Leiste auf jeder Seite . F\u00fcr weitere Sprachen erh\u00e4ltlich<\/p>\n","protected":false},"excerpt":{"rendered":"<p>Zweisprachiges Kinderbuch Deutsch-Englisch ab 3 Jahren. Luna liebt es, beim Kochen zu helfen. In der K\u00fcche kennt sie sich schon gut aus!. Durchgehend farbig illustriert, mit Wort-Bild-Leiste auf jeder Seite . F\u00fcr weitere Sprachen erh\u00e4ltlich<\/p>\n","protected":false},"featured_media":473804,"template":"","meta":{"_acf_changed":false,"inline_featured_image":false},"product_brand":[],"product_cat":[851],"product_tag":[],"series":[{"id":2973,"name":"In der K\u00fcche","slug":"in-der-kuche"}],"publisher":[{"id":1305,"name":"Edition bi:libri","slug":"edition-bilibri"}],"class_list":{"0":"post-140445","1":"product","2":"type-product","3":"status-publish","4":"has-post-thumbnail","6":"product_cat-lesetexte-deutsch","7":"series-in-der-kuche","8":"publisher-edition-bilibri","10":"first","11":"onbackorder","12":"taxable","13":"shipping-taxable","14":"purchasable","15":"product-type-simple"},"acf":[],"_links":{"self":[{"href":"https:\/\/exlibris.ee\/ru\/wp-json\/wp\/v2\/product\/140445","targetHints":{"allow":["GET"]}}],"collection":[{"href":"https:\/\/exlibris.ee\/ru\/wp-json\/wp\/v2\/product"}],"about":[{"href":"https:\/\/exlibris.ee\/ru\/wp-json\/wp\/v2\/types\/product"}],"wp:featuredmedia":[{"embeddable":true,"href":"https:\/\/exlibris.ee\/ru\/wp-json\/wp\/v2\/media\/473804"}],"wp:attachment":[{"href":"https:\/\/exlibris.ee\/ru\/wp-json\/wp\/v2\/media?parent=140445"}],"wp:term":[{"taxonomy":"product_brand","embeddable":true,"href":"https:\/\/exlibris.ee\/ru\/wp-json\/wp\/v2\/product_brand?post=140445"},{"taxonomy":"product_cat","embeddable":true,"href":"https:\/\/exlibris.ee\/ru\/wp-json\/wp\/v2\/product_cat?post=140445"},{"taxonomy":"product_tag","embeddable":true,"href":"https:\/\/exlibris.ee\/ru\/wp-json\/wp\/v2\/product_tag?post=140445"},{"taxonomy":"series","embeddable":true,"href":"https:\/\/exlibris.ee\/ru\/wp-json\/wp\/v2\/series?post=140445"},{"taxonomy":"publisher","embeddable":true,"href":"https:\/\/exlibris.ee\/ru\/wp-json\/wp\/v2\/publisher?post=140445"}],"curies":[{"name":"wp","href":"https:\/\/api.w.org\/{rel}","templated":true}]}}