{"id":140448,"date":"2025-02-12T09:16:35","date_gmt":"2025-02-12T07:16:35","guid":{"rendered":"https:\/\/exlibris.ee\/toode\/beste-freunde-a1-deutsch-fur-jugendliche-paket-arbeitsbuch-a1-1-und-a1-2\/"},"modified":"2026-04-23T05:53:18","modified_gmt":"2026-04-23T02:53:18","slug":"beste-freunde-a1-deutsch-fur-jugendliche-paket-arbeitsbuch-a1-1-und-a1-2","status":"publish","type":"product","link":"https:\/\/exlibris.ee\/ru\/produkt\/beste-freunde-a1-deutsch-fur-jugendliche-paket-arbeitsbuch-a1-1-und-a1-2\/","title":{"rendered":"Beste Freunde A1 \/ Deutsch f\u00fcr Jugendliche \/ Paket Arbeitsbuch  A1.1 und A1.2"},"content":{"rendered":"<p>Zielniveau A1. Paket Arbeitsbuch A1.1 und A1.2 . -jede Lektion enth\u00e4lt sieben vierfarbige Seiten . -zahlreiche \u00dcbungen zu Grammatik, Wortschatz und Redemittel f\u00fcr die Arbeit im Unterricht oder zum selbst\u00e4ndigen Lernen zu Hause . -umfangreiches Angebot an selbstentdeckender, kontrastiv angelegter Grammatikarbeit . -klar ausgewiesenes, kleinschrittiges Schreibtraining . -ausf\u00fchrliches Phonetiktraining . -klares wechselseitiges Verweissystem zwischen Kurs- und Arbeitsbuch. -\u00fcbersichtliche Pr\u00e4sentation des Lernwortschatzes. -pro Modul zwei Seiten Fertigkeitentraining sowie eine Seite Selbstevaluation (Kann-Beschreibungen des GER). -ausgewiesene Portfolio-Aufgaben . -\u00dcbungen zur Binnendifferenzierung . -Lerntipps. -Arbeitsbl\u00e4tter f\u00fcr Partneraufgaben des Kursbuchs im Anhang. Die H\u00f6rdateien zur Phonetik und zum Fertigkeitentraining.stehen online zur Verf\u00fcgung: Mit der kostenlosen App Hueber Media k\u00f6nnen Sie die Audios auf dem Smartphone abspielen \u2013 wo und wann immer Sie m\u00f6chten.<\/p>\n","protected":false},"excerpt":{"rendered":"<p>Zielniveau A1. Paket Arbeitsbuch A1.1 und A1.2 . -jede Lektion enth\u00e4lt sieben vierfarbige Seiten . -zahlreiche \u00dcbungen zu Grammatik, Wortschatz und Redemittel f\u00fcr die Arbeit im Unterricht oder zum selbst\u00e4ndigen Lernen zu Hause . -umfangreiches Angebot an selbstentdeckender, kontrastiv angelegter&#8230;<\/p>\n","protected":false},"featured_media":423568,"template":"","meta":{"_acf_changed":false,"inline_featured_image":false},"product_brand":[],"product_cat":[477],"product_tag":[],"series":[{"id":997,"name":"Beste Freunde","slug":"beste-freunde"}],"publisher":[{"id":497,"name":"Hueber Verlag","slug":"hueber-verlag"}],"class_list":{"0":"post-140448","1":"product","2":"type-product","3":"status-publish","4":"has-post-thumbnail","6":"product_cat-lehrwerke-fur-jugendliche","7":"series-beste-freunde","8":"publisher-hueber-verlag","10":"first","11":"onbackorder","12":"taxable","13":"shipping-taxable","14":"purchasable","15":"product-type-simple"},"acf":[],"_links":{"self":[{"href":"https:\/\/exlibris.ee\/ru\/wp-json\/wp\/v2\/product\/140448","targetHints":{"allow":["GET"]}}],"collection":[{"href":"https:\/\/exlibris.ee\/ru\/wp-json\/wp\/v2\/product"}],"about":[{"href":"https:\/\/exlibris.ee\/ru\/wp-json\/wp\/v2\/types\/product"}],"wp:featuredmedia":[{"embeddable":true,"href":"https:\/\/exlibris.ee\/ru\/wp-json\/wp\/v2\/media\/423568"}],"wp:attachment":[{"href":"https:\/\/exlibris.ee\/ru\/wp-json\/wp\/v2\/media?parent=140448"}],"wp:term":[{"taxonomy":"product_brand","embeddable":true,"href":"https:\/\/exlibris.ee\/ru\/wp-json\/wp\/v2\/product_brand?post=140448"},{"taxonomy":"product_cat","embeddable":true,"href":"https:\/\/exlibris.ee\/ru\/wp-json\/wp\/v2\/product_cat?post=140448"},{"taxonomy":"product_tag","embeddable":true,"href":"https:\/\/exlibris.ee\/ru\/wp-json\/wp\/v2\/product_tag?post=140448"},{"taxonomy":"series","embeddable":true,"href":"https:\/\/exlibris.ee\/ru\/wp-json\/wp\/v2\/series?post=140448"},{"taxonomy":"publisher","embeddable":true,"href":"https:\/\/exlibris.ee\/ru\/wp-json\/wp\/v2\/publisher?post=140448"}],"curies":[{"name":"wp","href":"https:\/\/api.w.org\/{rel}","templated":true}]}}