{"id":140472,"date":"2025-02-12T09:22:17","date_gmt":"2025-02-12T07:22:17","guid":{"rendered":"https:\/\/exlibris.ee\/toode\/jana-und-dino-plus-2-deutsch-fur-kinder-arbeitsbuch-plus-interaktive-version\/"},"modified":"2026-04-03T09:21:10","modified_gmt":"2026-04-03T06:21:10","slug":"jana-und-dino-plus-2-deutsch-fur-kinder-arbeitsbuch-plus-interaktive-version","status":"publish","type":"product","link":"https:\/\/exlibris.ee\/ru\/produkt\/jana-und-dino-plus-2-deutsch-fur-kinder-arbeitsbuch-plus-interaktive-version\/","title":{"rendered":"Jana und Dino PLUS 2 \/ Deutsch f\u00fcr Kinder \/ Arbeitsbuch plus interaktive Version"},"content":{"rendered":"<p>Die neue PLUS-Ausgabe unseres beliebten DaF-Lehrwerks f\u00fcr Kinder in der Vorschule und Primarstufe bietet jetzt den Code zur interaktiven Version inklusive! . In der interaktiven Version sind alle digitalen Features sofort griffbereit: liebevoll animierte Bildgeschichten, zahlreiche interaktive Spiele und neue Features zur digitalen Pr\u00e4sentation der Bildgeschichten als Slideshow, zum Sortieren etc.. Jana und Dino PLUS f\u00fchrt nicht alphabetisierte Kinder kindgerecht und in kleinen Schritten hin zu erstem Lesen und Schreiben.. Unterrichten mit Geschichten. \u00dcber beide B\u00e4nde hinweg entdeckt Dino mit seiner Freundin Jana die kindliche Lebenswelt. Viele sch\u00f6ne Geschichten rund um die beiden sympathischen Protagonisten bieten einen hohen emotionalen Bezug und sorgen f\u00fcr Lernfreude. . Ganzheitlich und kindgerecht. Band 1 konzentriert sich ganz auf H\u00f6ren und Sprechen. Die Sprachvermittlung im Kursbuch erfolgt imitativ, ganzheitlich und handlungsorientiert. Das Arbeitsbuch vertieft die Lernziele mittels Bild-R\u00e4tseln, Bastelaufgaben und mehr. Im Band 2 kommen Lesen und Schreiben dazu. Erste \u00dcbungen zum Silbenlesen sowie zur Buchstabenerkennung erg\u00e4nzen das H\u00f6ren und Sprechen und f\u00fchren sukzessive die deutschen Laute und Buchstaben ein. Kinder mit lateinischer Ausgangsschrift \u00fcben vorrangig Phonetik in Verbindung mit der Schrift. . Animiert zum Mitmachen. Die humorvollen Geschichten mit Jana und Dino sind liebevoll illustriert und in kurzen Filmen animiert. Passende, abwechslungsreiche Aufgaben bringen die Kinder zum Spielen, Sprechen, Bewegen und Singen. Dabei steht auch immer das rhythmisierte Lernen in Form von Liedern, Reimen und Nachsprech\u00fcbungen im Vordergrund.<\/p>\n","protected":false},"excerpt":{"rendered":"<p>Die neue PLUS-Ausgabe unseres beliebten DaF-Lehrwerks f\u00fcr Kinder in der Vorschule und Primarstufe bietet jetzt den Code zur interaktiven Version inklusive! . In der interaktiven Version sind alle digitalen Features sofort griffbereit: liebevoll animierte Bildgeschichten, zahlreiche interaktive Spiele und neue&#8230;<\/p>\n","protected":false},"featured_media":140463,"template":"","meta":{"_acf_changed":false,"inline_featured_image":false},"product_brand":[],"product_cat":[471],"product_tag":[],"series":[{"id":2974,"name":"Jana und Dino PLUS","slug":"jana-und-dino-plus"}],"publisher":[{"id":497,"name":"Hueber Verlag","slug":"hueber-verlag"}],"class_list":{"0":"post-140472","1":"product","2":"type-product","3":"status-publish","4":"has-post-thumbnail","6":"product_cat-lehrwerke-fur-kinder","7":"series-jana-und-dino-plus","8":"publisher-hueber-verlag","10":"first","11":"instock","12":"taxable","13":"shipping-taxable","14":"purchasable","15":"product-type-simple"},"acf":[],"_links":{"self":[{"href":"https:\/\/exlibris.ee\/ru\/wp-json\/wp\/v2\/product\/140472","targetHints":{"allow":["GET"]}}],"collection":[{"href":"https:\/\/exlibris.ee\/ru\/wp-json\/wp\/v2\/product"}],"about":[{"href":"https:\/\/exlibris.ee\/ru\/wp-json\/wp\/v2\/types\/product"}],"wp:featuredmedia":[{"embeddable":true,"href":"https:\/\/exlibris.ee\/ru\/wp-json\/wp\/v2\/media\/140463"}],"wp:attachment":[{"href":"https:\/\/exlibris.ee\/ru\/wp-json\/wp\/v2\/media?parent=140472"}],"wp:term":[{"taxonomy":"product_brand","embeddable":true,"href":"https:\/\/exlibris.ee\/ru\/wp-json\/wp\/v2\/product_brand?post=140472"},{"taxonomy":"product_cat","embeddable":true,"href":"https:\/\/exlibris.ee\/ru\/wp-json\/wp\/v2\/product_cat?post=140472"},{"taxonomy":"product_tag","embeddable":true,"href":"https:\/\/exlibris.ee\/ru\/wp-json\/wp\/v2\/product_tag?post=140472"},{"taxonomy":"series","embeddable":true,"href":"https:\/\/exlibris.ee\/ru\/wp-json\/wp\/v2\/series?post=140472"},{"taxonomy":"publisher","embeddable":true,"href":"https:\/\/exlibris.ee\/ru\/wp-json\/wp\/v2\/publisher?post=140472"}],"curies":[{"name":"wp","href":"https:\/\/api.w.org\/{rel}","templated":true}]}}