{"id":140502,"date":"2025-02-12T09:25:10","date_gmt":"2025-02-12T07:25:10","guid":{"rendered":"https:\/\/exlibris.ee\/toode\/deutsch-ganz-leicht-a1-selbstlernkurs-deutsch-fur-anfanger-a-german-self-study-course-for-beginners-paket-textbuch-arbeitsbuch-mp3-download\/"},"modified":"2026-04-07T03:38:59","modified_gmt":"2026-04-07T00:38:59","slug":"deutsch-ganz-leicht-a1-selbstlernkurs-deutsch-fur-anfanger-a-german-self-study-course-for-beginners-paket-textbuch-arbeitsbuch-mp3-download","status":"publish","type":"product","link":"https:\/\/exlibris.ee\/ru\/produkt\/deutsch-ganz-leicht-a1-selbstlernkurs-deutsch-fur-anfanger-a-german-self-study-course-for-beginners-paket-textbuch-arbeitsbuch-mp3-download\/","title":{"rendered":"Deutsch ganz leicht A1 \/ Selbstlernkurs Deutsch f\u00fcr Anf\u00e4nger \u2013 A German Self-Study Course for Beginners \/ Paket: Textbuch + Arbeitsbuch + MP3-Download"},"content":{"rendered":"<p>Zielniveau A1. Der leichte Weg zu ersten Deutschkenntnissen: &#171;Deutsch ganz leicht A1&#187; f\u00fchrt Anf\u00e4nger ohne oder mit geringen Vorkenntnissen Schritt f\u00fcr Schritt zum Niveau A1. Vier Personen begleiten den Lernenden in zwei fortlaufenden Geschichten durch den Kurs und geben einen authentischen Einblick in ihr Privat- und Berufsleben. So k\u00f6nnen Alltagssituationen nach Absolvierung des Kurses problemlos gemeistert werden.. Der Kurs besteht aus einem zweisprachigen Arbeitsbuch (Deutsch &#8212; Englisch), einem Textbuch und Audio-Daten, die als MP3-Download zur Verf\u00fcgung stehen:. &#8212; Das einsprachige Textbuch enth\u00e4lt die kompletten Dialoge der Audiodaten mit \u00dcbungen und kurzen Anmerkungen zur Grammatik.. &#8212; Das zweisprachige Arbeitsbuch (Deutsch &#8212; Englisch) f\u00fchrt Lernende in der Muttersprache durch die Lektionen, die in wiederkehrende Rubriken aufgeteilt sind: Dialog mit \u00dcbungen &#8212; Grammatik, Neue W\u00f6rter, \u00dcbungen &#8212; Aussprache.. &#8212; Die einsprachigen Audiodaten enthalten die Dialoge, Texte und \u00dcbungen.<\/p>\n","protected":false},"excerpt":{"rendered":"<p>Zielniveau A1. Der leichte Weg zu ersten Deutschkenntnissen: &#171;Deutsch ganz leicht A1&#187; f\u00fchrt Anf\u00e4nger ohne oder mit geringen Vorkenntnissen Schritt f\u00fcr Schritt zum Niveau A1. Vier Personen begleiten den Lernenden in zwei fortlaufenden Geschichten durch den Kurs und geben einen&#8230;<\/p>\n","protected":false},"featured_media":140478,"template":"","meta":{"_acf_changed":false,"inline_featured_image":false},"product_brand":[],"product_cat":[538],"product_tag":[],"series":[{"id":1027,"name":"Deutsch ganz leicht","slug":"deutsch-ganz-leicht"}],"publisher":[{"id":497,"name":"Hueber Verlag","slug":"hueber-verlag"}],"class_list":{"0":"post-140502","1":"product","2":"type-product","3":"status-publish","4":"has-post-thumbnail","6":"product_cat-lehrwerke-fur-erwachsene","7":"series-deutsch-ganz-leicht","8":"publisher-hueber-verlag","10":"first","11":"instock","12":"taxable","13":"shipping-taxable","14":"purchasable","15":"product-type-simple"},"acf":[],"_links":{"self":[{"href":"https:\/\/exlibris.ee\/ru\/wp-json\/wp\/v2\/product\/140502","targetHints":{"allow":["GET"]}}],"collection":[{"href":"https:\/\/exlibris.ee\/ru\/wp-json\/wp\/v2\/product"}],"about":[{"href":"https:\/\/exlibris.ee\/ru\/wp-json\/wp\/v2\/types\/product"}],"wp:featuredmedia":[{"embeddable":true,"href":"https:\/\/exlibris.ee\/ru\/wp-json\/wp\/v2\/media\/140478"}],"wp:attachment":[{"href":"https:\/\/exlibris.ee\/ru\/wp-json\/wp\/v2\/media?parent=140502"}],"wp:term":[{"taxonomy":"product_brand","embeddable":true,"href":"https:\/\/exlibris.ee\/ru\/wp-json\/wp\/v2\/product_brand?post=140502"},{"taxonomy":"product_cat","embeddable":true,"href":"https:\/\/exlibris.ee\/ru\/wp-json\/wp\/v2\/product_cat?post=140502"},{"taxonomy":"product_tag","embeddable":true,"href":"https:\/\/exlibris.ee\/ru\/wp-json\/wp\/v2\/product_tag?post=140502"},{"taxonomy":"series","embeddable":true,"href":"https:\/\/exlibris.ee\/ru\/wp-json\/wp\/v2\/series?post=140502"},{"taxonomy":"publisher","embeddable":true,"href":"https:\/\/exlibris.ee\/ru\/wp-json\/wp\/v2\/publisher?post=140502"}],"curies":[{"name":"wp","href":"https:\/\/api.w.org\/{rel}","templated":true}]}}