{"id":140504,"date":"2025-02-12T09:25:10","date_gmt":"2025-02-12T07:25:10","guid":{"rendered":"https:\/\/exlibris.ee\/toode\/deutsch-turbo-materialien-fur-den-job-bsk-kursbuch-plus-interaktive-version\/"},"modified":"2026-04-17T17:31:45","modified_gmt":"2026-04-17T14:31:45","slug":"deutsch-turbo-materialien-fur-den-job-bsk-kursbuch-plus-interaktive-version","status":"publish","type":"product","link":"https:\/\/exlibris.ee\/ru\/produkt\/deutsch-turbo-materialien-fur-den-job-bsk-kursbuch-plus-interaktive-version\/","title":{"rendered":"Deutsch-Turbo \/ Materialien f\u00fcr den Job-BSK \/ Kursbuch plus interaktive Version"},"content":{"rendered":"<p>Niveau A2. Deutsch-Turbo: Deutsch lernen im Job \u2013 schnell, flexibel, praxisnah.. Schneller Deutsch lernen, schneller im Arbeitsmarkt integriert sein: mit dem Deutsch-Turbo f\u00fcr berufsbegleitendes Lernen.. Zielgruppe:. \u2022Erwachsene und Jugendliche ab 16 Jahren, die ihre Deutschkenntnisse berufsbegleitend erweitern oder in K\u00fcrze eine berufliche T\u00e4tigkeit in Deutschland beginnen.. \u2022Lernende, die an einem sogenannten Job-BSK teilnehmen, einem vom BAMF gef\u00f6rderten, individualisierten und lehrmittelfreien Berufssprachkurs ohne festgelegtes Curriculum.. Deutsch-Turbo \u2013 Kursbuch inklusive Code zur interaktiven Version . \u2022 umfasst flexibel einsetzbare und als Baukasten nutzbare berufs- und fachsprachliche Materialien. \u2022vermittelt gezielt Kompetenzen f\u00fcr das Berufsleben, f\u00fcr berufsbezogene Handlungsfelder sowie ausgew\u00e4hlten Fachwortschatz. \u2022berufs\u00fcbergreifend f\u00fcr alle Berufsgruppen geeignet \u2013 die Lerninhalte lassen sich \u00fcbertragen und auf andere Berufe anpassen . \u2022kurze Lektionen mit einer Einstiegsseite, die jeweils eine berufliche Situation am Beispiel einer konkreten Person aus der Lebenswelt der Lernenden pr\u00e4sentiert. \u2022im Fokus jeder Lektion stehen typische berufliche Sprachhandlungen sowie die daf\u00fcr n\u00f6tigen Strukturen und der Wortschatz . \u2022Zusammenfassung der Redemittel und der Grammatik am jeweiligen Lektionsende auf einer \u00dcbersichtsseite inklusive Audiotraining, sodass der zentrale Lernstoff noch einmal \u00fcbersichtlich bewusst gemacht und trainiert wird. \u2022Sonderseiten: \u201eExtra\u201c mit landeskundlichen \/ interkulturellen Aspekten . \u2022abwechslungsreiche Aufgaben und viele Anl\u00e4sse f\u00fcr authentische berufliche Kommunikation. Die inkludierte interaktive Version des Kursbuchs enth\u00e4lt:. \u2022digitales Kursbuch f\u00fcr Whiteboard, PC\/Mac und Tablet. \u2022integrierte Audiodateien. \u2022nahezu alle \u00dcbungen aus dem Kursbuch sind interaktiv umgesetzt. \u2022Mit zahlreichen n\u00fctzlichen Extras in der interaktiven Version, um den Unterricht noch st\u00e4rker an die berufliche Situation und Branche Ihrer Lernenden anzupassen: Klicken Sie in der interaktiven Version oben links auf die drei vertikalen Punkte und dann auf das Papiersymbol. Direkt an der passenden Seite des Kursbuchs stehen eine Vielzahl von optionalen Zusatzmaterialien bereit, wie Kopiervorlagen zu beruflichen Sprachhandlungen, Fachwortschatz und Fachkommunikation zu ausgew\u00e4hlten Berufen. Oder nutzen Sie bequem die Suchfunktion.. \u2022integrierte Whiteboard-Werkzeuge zum Markieren, Kommentieren und Pr\u00e4sentieren. \u2022intuitiv und ohne Einf\u00fchrung sofort einsetzbar. \u2022Nutzung auf allen Ger\u00e4ten und allen g\u00e4ngigen Browsern. \u2022offline verf\u00fcgbar \u00fcber die Hueber-interaktiv-App und als Kopie auf USB-Stick<\/p>\n","protected":false},"excerpt":{"rendered":"<p>Niveau A2. Deutsch-Turbo: Deutsch lernen im Job \u2013 schnell, flexibel, praxisnah.. Schneller Deutsch lernen, schneller im Arbeitsmarkt integriert sein: mit dem Deutsch-Turbo f\u00fcr berufsbegleitendes Lernen.. Zielgruppe:. \u2022Erwachsene und Jugendliche ab 16 Jahren, die ihre Deutschkenntnisse berufsbegleitend erweitern oder in K\u00fcrze&#8230;<\/p>\n","protected":false},"featured_media":321607,"template":"","meta":{"_acf_changed":false,"inline_featured_image":false},"product_brand":[],"product_cat":[885],"product_tag":[],"series":[{"id":2976,"name":"Deutsch-Turbo","slug":"deutsch-turbo"}],"publisher":[{"id":497,"name":"Hueber Verlag","slug":"hueber-verlag"}],"class_list":{"0":"post-140504","1":"product","2":"type-product","3":"status-publish","4":"has-post-thumbnail","6":"product_cat-berufssprache","7":"series-deutsch-turbo","8":"publisher-hueber-verlag","10":"first","11":"onbackorder","12":"taxable","13":"shipping-taxable","14":"purchasable","15":"product-type-simple"},"acf":[],"_links":{"self":[{"href":"https:\/\/exlibris.ee\/ru\/wp-json\/wp\/v2\/product\/140504","targetHints":{"allow":["GET"]}}],"collection":[{"href":"https:\/\/exlibris.ee\/ru\/wp-json\/wp\/v2\/product"}],"about":[{"href":"https:\/\/exlibris.ee\/ru\/wp-json\/wp\/v2\/types\/product"}],"wp:featuredmedia":[{"embeddable":true,"href":"https:\/\/exlibris.ee\/ru\/wp-json\/wp\/v2\/media\/321607"}],"wp:attachment":[{"href":"https:\/\/exlibris.ee\/ru\/wp-json\/wp\/v2\/media?parent=140504"}],"wp:term":[{"taxonomy":"product_brand","embeddable":true,"href":"https:\/\/exlibris.ee\/ru\/wp-json\/wp\/v2\/product_brand?post=140504"},{"taxonomy":"product_cat","embeddable":true,"href":"https:\/\/exlibris.ee\/ru\/wp-json\/wp\/v2\/product_cat?post=140504"},{"taxonomy":"product_tag","embeddable":true,"href":"https:\/\/exlibris.ee\/ru\/wp-json\/wp\/v2\/product_tag?post=140504"},{"taxonomy":"series","embeddable":true,"href":"https:\/\/exlibris.ee\/ru\/wp-json\/wp\/v2\/series?post=140504"},{"taxonomy":"publisher","embeddable":true,"href":"https:\/\/exlibris.ee\/ru\/wp-json\/wp\/v2\/publisher?post=140504"}],"curies":[{"name":"wp","href":"https:\/\/api.w.org\/{rel}","templated":true}]}}