{"id":140570,"date":"2025-02-12T09:28:10","date_gmt":"2025-02-12T07:28:10","guid":{"rendered":"https:\/\/exlibris.ee\/toode\/schritte-international-neu-4-kursbuch-und-arbeitsbuch\/"},"modified":"2026-04-05T17:22:30","modified_gmt":"2026-04-05T14:22:30","slug":"schritte-international-neu-4-kursbuch-und-arbeitsbuch","status":"publish","type":"product","link":"https:\/\/exlibris.ee\/ru\/produkt\/schritte-international-neu-4-kursbuch-und-arbeitsbuch\/","title":{"rendered":"Schritte international Neu 4 \/ Kursbuch und Arbeitsbuch"},"content":{"rendered":"<p>Zielniveau A2.2. Teilband A2.2. Kursbuchteil. -alle Lektionen folgen einem klaren Aufbau f\u00fcr hohe Lerntransparenz. -neue Foto-H\u00f6rgeschichten als Einstieg in jede Lektion. -interessante Texte und vielf\u00e4ltige Landeskunde. -induktive Grammatik f\u00f6rdert Bewusstmachung und Verst\u00e4ndnis. -Vorbereitung auf den Berufsalltag durch verst\u00e4rkten Berufsbezug. -St\u00e4rkung der Lernerautonomie durch eine Doppelseite zu Grammatik und Redemitteln mit \u00dcbungen und Lernhilfen am Ende jeder Lektion. -Transparenz durch Lernziele mit der M\u00f6glichkeit zur Selbsteinsch\u00e4tzung . -flexible Erg\u00e4nzung der Lektionsinhalte durch die \u201eZwischendurch mal \u2026-Seiten\u201c. &#8212; alle Audiodateien und Filme zum Kursbuch \u00fcber mobile Ger\u00e4te (Smartphone, Tablet-PC) abrufbar mit kostenloser App. Arbeitsbuchteil. &#8212; \u00dcbungen und Wiederholungs\u00fcbungen in verschiedenen Schwierigkeitsstufen zur Binnendifferenzierung . -ein systematisch aufgebautes Schreibtraining . -Wortschatztraining f\u00fcr einen gezielten Wortschatzerwerb . -ein ausf\u00fchrliches Phonetikprogramm . -Aufgaben zum Mehrsprachigkeitsansatz. -Pr\u00fcfungsaufgaben. -Lernertests mit Selbstauswertung und weiterf\u00fchrendem Trainingsprogramm im Lehrwerkservice. -integrierte Fokus-Seiten bieten zahlreiche zus\u00e4tzliche Materialien zu den Themen Beruf und Alltag.. -Lernwortschatz-Seiten am Ende des Buches mit Illustrationen und Beispiels\u00e4tzen, Schreibzeilen und Lerntipps. -eine systematische Grammatik-\u00dcbersicht im Anhang<\/p>\n","protected":false},"excerpt":{"rendered":"<p>Zielniveau A2.2. Teilband A2.2. Kursbuchteil. -alle Lektionen folgen einem klaren Aufbau f\u00fcr hohe Lerntransparenz. -neue Foto-H\u00f6rgeschichten als Einstieg in jede Lektion. -interessante Texte und vielf\u00e4ltige Landeskunde. -induktive Grammatik f\u00f6rdert Bewusstmachung und Verst\u00e4ndnis. -Vorbereitung auf den Berufsalltag durch verst\u00e4rkten Berufsbezug. -St\u00e4rkung&#8230;<\/p>\n","protected":false},"featured_media":140519,"template":"","meta":{"_acf_changed":false,"inline_featured_image":false},"product_brand":[],"product_cat":[1121],"product_tag":[],"series":[{"id":1258,"name":"Schritte international Neu","slug":"schritte-international-neu"}],"publisher":[{"id":497,"name":"Hueber Verlag","slug":"hueber-verlag"}],"class_list":{"0":"post-140570","1":"product","2":"type-product","3":"status-publish","4":"has-post-thumbnail","6":"product_cat-lehrwerke-fur-jugendliche-und-erwachsene","7":"series-schritte-international-neu","8":"publisher-hueber-verlag","10":"first","11":"onbackorder","12":"taxable","13":"shipping-taxable","14":"purchasable","15":"product-type-simple"},"acf":[],"_links":{"self":[{"href":"https:\/\/exlibris.ee\/ru\/wp-json\/wp\/v2\/product\/140570","targetHints":{"allow":["GET"]}}],"collection":[{"href":"https:\/\/exlibris.ee\/ru\/wp-json\/wp\/v2\/product"}],"about":[{"href":"https:\/\/exlibris.ee\/ru\/wp-json\/wp\/v2\/types\/product"}],"wp:featuredmedia":[{"embeddable":true,"href":"https:\/\/exlibris.ee\/ru\/wp-json\/wp\/v2\/media\/140519"}],"wp:attachment":[{"href":"https:\/\/exlibris.ee\/ru\/wp-json\/wp\/v2\/media?parent=140570"}],"wp:term":[{"taxonomy":"product_brand","embeddable":true,"href":"https:\/\/exlibris.ee\/ru\/wp-json\/wp\/v2\/product_brand?post=140570"},{"taxonomy":"product_cat","embeddable":true,"href":"https:\/\/exlibris.ee\/ru\/wp-json\/wp\/v2\/product_cat?post=140570"},{"taxonomy":"product_tag","embeddable":true,"href":"https:\/\/exlibris.ee\/ru\/wp-json\/wp\/v2\/product_tag?post=140570"},{"taxonomy":"series","embeddable":true,"href":"https:\/\/exlibris.ee\/ru\/wp-json\/wp\/v2\/series?post=140570"},{"taxonomy":"publisher","embeddable":true,"href":"https:\/\/exlibris.ee\/ru\/wp-json\/wp\/v2\/publisher?post=140570"}],"curies":[{"name":"wp","href":"https:\/\/api.w.org\/{rel}","templated":true}]}}