{"id":140576,"date":"2025-02-12T09:28:10","date_gmt":"2025-02-12T07:28:10","guid":{"rendered":"https:\/\/exlibris.ee\/toode\/sicher-aktuell-b2-arbeitsbuch-mit-audios-online\/"},"modified":"2026-04-16T17:47:54","modified_gmt":"2026-04-16T14:47:54","slug":"sicher-aktuell-b2-arbeitsbuch-mit-audios-online","status":"publish","type":"product","link":"https:\/\/exlibris.ee\/ru\/produkt\/sicher-aktuell-b2-arbeitsbuch-mit-audios-online\/","title":{"rendered":"Sicher! aktuell B2 \/ Arbeitsbuch mit Audios online"},"content":{"rendered":"<p>Zielniveau B2. Vollband B2. Sicher! aktuell ist die Aktualisierung des bestehenden Lehrwerks Sicher! mit Fokus auf die ge\u00e4nderten Pr\u00fcfungsformate des neuen Goethe-Zertifikats B2 sowie der Pr\u00fcfungen Telc B2, Telc B1-B2 Beruf und \u00d6SD ZB2. Zahlreiche neue Aufgaben decken die ge\u00e4nderten Pr\u00fcfungsformate dieser vier Pr\u00fcfungen ab. Im Anhang findet sich eine detaillierte \u00dcbersicht aller im Buch ge\u00fcbten Pr\u00fcfungsformate.. Arbeitsbuch:. &#8212; vertiefende \u00dcbungen zu Wortschatz, Grammatik und allen Fertigkeiten. &#8212; zu Beginn jeder Lektion Wiederholung wichtiger Wortfelder aus den vorhergehenden Stufen. &#8212; Vorentlastung komplexer Grammatikthemen durch wiederholende Aufgaben. &#8212; Selbsttest am Ende jeder Lektion<\/p>\n","protected":false},"excerpt":{"rendered":"<p>Zielniveau B2. Vollband B2. Sicher! aktuell ist die Aktualisierung des bestehenden Lehrwerks Sicher! mit Fokus auf die ge\u00e4nderten Pr\u00fcfungsformate des neuen Goethe-Zertifikats B2 sowie der Pr\u00fcfungen Telc B2, Telc B1-B2 Beruf und \u00d6SD ZB2. Zahlreiche neue Aufgaben decken die ge\u00e4nderten&#8230;<\/p>\n","protected":false},"featured_media":304350,"template":"","meta":{"_acf_changed":false,"inline_featured_image":false},"product_brand":[],"product_cat":[885],"product_tag":[],"series":[{"id":2141,"name":"Sicher! aktuell","slug":"sicher-aktuell"}],"publisher":[{"id":497,"name":"Hueber Verlag","slug":"hueber-verlag"}],"class_list":{"0":"post-140576","1":"product","2":"type-product","3":"status-publish","4":"has-post-thumbnail","6":"product_cat-berufssprache","7":"series-sicher-aktuell","8":"publisher-hueber-verlag","10":"first","11":"onbackorder","12":"taxable","13":"shipping-taxable","14":"purchasable","15":"product-type-simple"},"acf":[],"_links":{"self":[{"href":"https:\/\/exlibris.ee\/ru\/wp-json\/wp\/v2\/product\/140576","targetHints":{"allow":["GET"]}}],"collection":[{"href":"https:\/\/exlibris.ee\/ru\/wp-json\/wp\/v2\/product"}],"about":[{"href":"https:\/\/exlibris.ee\/ru\/wp-json\/wp\/v2\/types\/product"}],"wp:featuredmedia":[{"embeddable":true,"href":"https:\/\/exlibris.ee\/ru\/wp-json\/wp\/v2\/media\/304350"}],"wp:attachment":[{"href":"https:\/\/exlibris.ee\/ru\/wp-json\/wp\/v2\/media?parent=140576"}],"wp:term":[{"taxonomy":"product_brand","embeddable":true,"href":"https:\/\/exlibris.ee\/ru\/wp-json\/wp\/v2\/product_brand?post=140576"},{"taxonomy":"product_cat","embeddable":true,"href":"https:\/\/exlibris.ee\/ru\/wp-json\/wp\/v2\/product_cat?post=140576"},{"taxonomy":"product_tag","embeddable":true,"href":"https:\/\/exlibris.ee\/ru\/wp-json\/wp\/v2\/product_tag?post=140576"},{"taxonomy":"series","embeddable":true,"href":"https:\/\/exlibris.ee\/ru\/wp-json\/wp\/v2\/series?post=140576"},{"taxonomy":"publisher","embeddable":true,"href":"https:\/\/exlibris.ee\/ru\/wp-json\/wp\/v2\/publisher?post=140576"}],"curies":[{"name":"wp","href":"https:\/\/api.w.org\/{rel}","templated":true}]}}