{"id":140578,"date":"2025-02-12T09:28:11","date_gmt":"2025-02-12T07:28:11","guid":{"rendered":"https:\/\/exlibris.ee\/toode\/rettet-die-robben-lekture-mit-audios-online\/"},"modified":"2026-05-10T01:28:42","modified_gmt":"2026-05-09T22:28:42","slug":"rettet-die-robben-lekture-mit-audios-online","status":"publish","type":"product","link":"https:\/\/exlibris.ee\/ru\/produkt\/rettet-die-robben-lekture-mit-audios-online\/","title":{"rendered":"Rettet die Robben! \/ Lekt\u00fcre mit Audios online"},"content":{"rendered":"<p>Niveau A2. Zielgruppe: Jugendliche von 12-16 Jahren (Niveaustufe A2). Nico kann dank eines Rollstuhls mit dicken Gummireifen endlich Ausfl\u00fcge ins Watt machen. Dort finden er und seine Freundin ein verlassenes Seehundbaby und bringen es in die Seehundstation. Mit Begeisterung helfen sie dort aus. Doch die Station wird immer voller. Die Jugendlichen entdecken, dass die M\u00fctter von den Motorbooten des neuen Hotels vertrieben werden. Es muss etwas geschehen! Sie organisieren eine Wattwanderung f\u00fcr die Urlauber und kl\u00e4ren die G\u00e4ste auf. Das wirkt. Gemeinsam k\u00f6nnen sie die Direktorin umstimmen: Stand-up-Paddeln statt Motorbootl\u00e4rm!. . Vierfarbige Illustrationen sprechen die Zielgruppe an und unterst\u00fctzen die Wortschatzarbeit. \u00dcbungen zum H\u00f6r- und Leseverstehen erg\u00e4nzen die Lekt\u00fcre. Ein kostenloser MP3-Download liefert den kompletten Lekt\u00fcretext als H\u00f6rbuch und erm\u00f6glicht zus\u00e4tzlich das Training des H\u00f6rverstehens.<\/p>\n","protected":false},"excerpt":{"rendered":"<p>Niveau A2. Zielgruppe: Jugendliche von 12-16 Jahren (Niveaustufe A2). Nico kann dank eines Rollstuhls mit dicken Gummireifen endlich Ausfl\u00fcge ins Watt machen. Dort finden er und seine Freundin ein verlassenes Seehundbaby und bringen es in die Seehundstation. Mit Begeisterung helfen&#8230;<\/p>\n","protected":false},"featured_media":713607,"template":"","meta":{"_acf_changed":false,"inline_featured_image":false},"product_brand":[],"product_cat":[851],"product_tag":[],"series":[{"id":2980,"name":"Rettet die Robben!","slug":"rettet-die-robben"}],"publisher":[{"id":497,"name":"Hueber Verlag","slug":"hueber-verlag"}],"class_list":{"0":"post-140578","1":"product","2":"type-product","3":"status-publish","4":"has-post-thumbnail","6":"product_cat-lesetexte-deutsch","7":"series-rettet-die-robben","8":"publisher-hueber-verlag","10":"first","11":"onbackorder","12":"taxable","13":"shipping-taxable","14":"purchasable","15":"product-type-simple"},"acf":[],"_links":{"self":[{"href":"https:\/\/exlibris.ee\/ru\/wp-json\/wp\/v2\/product\/140578","targetHints":{"allow":["GET"]}}],"collection":[{"href":"https:\/\/exlibris.ee\/ru\/wp-json\/wp\/v2\/product"}],"about":[{"href":"https:\/\/exlibris.ee\/ru\/wp-json\/wp\/v2\/types\/product"}],"wp:featuredmedia":[{"embeddable":true,"href":"https:\/\/exlibris.ee\/ru\/wp-json\/wp\/v2\/media\/713607"}],"wp:attachment":[{"href":"https:\/\/exlibris.ee\/ru\/wp-json\/wp\/v2\/media?parent=140578"}],"wp:term":[{"taxonomy":"product_brand","embeddable":true,"href":"https:\/\/exlibris.ee\/ru\/wp-json\/wp\/v2\/product_brand?post=140578"},{"taxonomy":"product_cat","embeddable":true,"href":"https:\/\/exlibris.ee\/ru\/wp-json\/wp\/v2\/product_cat?post=140578"},{"taxonomy":"product_tag","embeddable":true,"href":"https:\/\/exlibris.ee\/ru\/wp-json\/wp\/v2\/product_tag?post=140578"},{"taxonomy":"series","embeddable":true,"href":"https:\/\/exlibris.ee\/ru\/wp-json\/wp\/v2\/series?post=140578"},{"taxonomy":"publisher","embeddable":true,"href":"https:\/\/exlibris.ee\/ru\/wp-json\/wp\/v2\/publisher?post=140578"}],"curies":[{"name":"wp","href":"https:\/\/api.w.org\/{rel}","templated":true}]}}