{"id":140585,"date":"2025-02-12T09:28:12","date_gmt":"2025-02-12T07:28:12","guid":{"rendered":"https:\/\/exlibris.ee\/toode\/sehr-sehr-langsam-kinderbuch-deutsch-turkisch-mit-mp3-horbuch-zum-herunterladen\/"},"modified":"2026-04-03T11:14:29","modified_gmt":"2026-04-03T08:14:29","slug":"sehr-sehr-langsam-kinderbuch-deutsch-turkisch-mit-mp3-horbuch-zum-herunterladen","status":"publish","type":"product","link":"https:\/\/exlibris.ee\/ru\/produkt\/sehr-sehr-langsam-kinderbuch-deutsch-turkisch-mit-mp3-horbuch-zum-herunterladen\/","title":{"rendered":"Sehr, sehr langsam! \/ Kinderbuch Deutsch-T\u00fcrkisch mit MP3-H\u00f6rbuch zum Herunterladen"},"content":{"rendered":"<p>Zweisprachiges Kinderbuch Deutsch-T\u00fcrkisch ab 3 Jahren. Mit ausdrucksstarken Bildern erz\u00e4hlt das liebevoll gestaltete, zweisprachige Kinderbuch &#171;Sehr, sehr langsam&#187; von der Gelassenheit im Tierreich.. Manche Tiere sind besonders langsam. Aber daf\u00fcr gibt es gute Gr\u00fcnde. Und das Kind? Es l\u00e4uft schnell!. Durchgehend farbig illustriert, mit H\u00f6rbuch als MP3-Download in 11 Sprachen.. F\u00fcr weitere Sprachen erh\u00e4ltlich.. Von dem Autorinnen-\/llustratorinnen-Duo liegt bereits das zweisprachige Kinderbuch &#171;Sehr, sehr lang&#187; in mehreren Sprachversionen &#8212; stets in Kombination mit Deutsch &#8212; vor.<\/p>\n","protected":false},"excerpt":{"rendered":"<p>Zweisprachiges Kinderbuch Deutsch-T\u00fcrkisch ab 3 Jahren. Mit ausdrucksstarken Bildern erz\u00e4hlt das liebevoll gestaltete, zweisprachige Kinderbuch &#171;Sehr, sehr langsam&#187; von der Gelassenheit im Tierreich.. Manche Tiere sind besonders langsam. Aber daf\u00fcr gibt es gute Gr\u00fcnde. Und das Kind? Es l\u00e4uft schnell!&#8230;.<\/p>\n","protected":false},"featured_media":140564,"template":"","meta":{"_acf_changed":false,"inline_featured_image":false},"product_brand":[],"product_cat":[851],"product_tag":[],"series":[{"id":2979,"name":"Sehr, sehr langsam!","slug":"sehr-sehr-langsam"}],"publisher":[{"id":1305,"name":"Edition bi:libri","slug":"edition-bilibri"}],"class_list":{"0":"post-140585","1":"product","2":"type-product","3":"status-publish","4":"has-post-thumbnail","6":"product_cat-lesetexte-deutsch","7":"series-sehr-sehr-langsam","8":"publisher-edition-bilibri","10":"first","11":"onbackorder","12":"taxable","13":"shipping-taxable","14":"purchasable","15":"product-type-simple"},"acf":[],"_links":{"self":[{"href":"https:\/\/exlibris.ee\/ru\/wp-json\/wp\/v2\/product\/140585","targetHints":{"allow":["GET"]}}],"collection":[{"href":"https:\/\/exlibris.ee\/ru\/wp-json\/wp\/v2\/product"}],"about":[{"href":"https:\/\/exlibris.ee\/ru\/wp-json\/wp\/v2\/types\/product"}],"wp:featuredmedia":[{"embeddable":true,"href":"https:\/\/exlibris.ee\/ru\/wp-json\/wp\/v2\/media\/140564"}],"wp:attachment":[{"href":"https:\/\/exlibris.ee\/ru\/wp-json\/wp\/v2\/media?parent=140585"}],"wp:term":[{"taxonomy":"product_brand","embeddable":true,"href":"https:\/\/exlibris.ee\/ru\/wp-json\/wp\/v2\/product_brand?post=140585"},{"taxonomy":"product_cat","embeddable":true,"href":"https:\/\/exlibris.ee\/ru\/wp-json\/wp\/v2\/product_cat?post=140585"},{"taxonomy":"product_tag","embeddable":true,"href":"https:\/\/exlibris.ee\/ru\/wp-json\/wp\/v2\/product_tag?post=140585"},{"taxonomy":"series","embeddable":true,"href":"https:\/\/exlibris.ee\/ru\/wp-json\/wp\/v2\/series?post=140585"},{"taxonomy":"publisher","embeddable":true,"href":"https:\/\/exlibris.ee\/ru\/wp-json\/wp\/v2\/publisher?post=140585"}],"curies":[{"name":"wp","href":"https:\/\/api.w.org\/{rel}","templated":true}]}}