{"id":140956,"date":"2025-02-21T16:21:11","date_gmt":"2025-02-21T14:21:11","guid":{"rendered":"https:\/\/exlibris.ee\/toode\/ziel-fit-ziel-fit-1-mit-audio-cd\/"},"modified":"2026-04-03T11:22:19","modified_gmt":"2026-04-03T08:22:19","slug":"ziel-fit-ziel-fit-1-mit-audio-cd","status":"publish","type":"product","link":"https:\/\/exlibris.ee\/ru\/produkt\/ziel-fit-ziel-fit-1-mit-audio-cd\/","title":{"rendered":"Ziel FIT: Ziel FIT 1 mit Audio-CD"},"content":{"rendered":"<p>Das \u00dcbungs-und Testbuch Ziel Fit 1 bereitet auf die Jugendpr\u00fcfung Fit in Deutsch 1 vor. Das Buch bietet: &#8212; 5 thematische Lerneinheiten, die gezielt auf die Aufgabenstellungen der Pr\u00fcfungsteile H\u00f6ren, Lesen, Schreiben und Sprechen sind, &#8212; Extra\u00fcbungen zu Wortschatz und Grammatik am Ende jeder Einheit, &#8212; eine komplette Simulation der Pr\u00fcfung. Ziel Fit 1 isr lehrwerkunabh\u00e4ngig und kann auch zum autonomen Lernen oder zur Wiederholung von Grammatik und Wortschatz benutzt werden.<\/p>\n","protected":false},"excerpt":{"rendered":"<p>Das \u00dcbungs-und Testbuch Ziel Fit 1 bereitet auf die Jugendpr\u00fcfung Fit in Deutsch 1 vor. Das Buch bietet: &#8212; 5 thematische Lerneinheiten, die gezielt auf die Aufgabenstellungen der Pr\u00fcfungsteile H\u00f6ren, Lesen, Schreiben und Sprechen sind, &#8212; Extra\u00fcbungen zu Wortschatz und&#8230;<\/p>\n","protected":false},"featured_media":140840,"template":"","meta":{"_acf_changed":false,"inline_featured_image":false},"product_brand":[],"product_cat":[1121],"product_tag":[],"series":[],"publisher":[{"id":1584,"name":"Cideb","slug":"cideb"}],"class_list":{"0":"post-140956","1":"product","2":"type-product","3":"status-publish","4":"has-post-thumbnail","6":"product_cat-lehrwerke-fur-jugendliche-und-erwachsene","7":"publisher-cideb","9":"first","10":"instock","11":"taxable","12":"shipping-taxable","13":"purchasable","14":"product-type-simple"},"acf":[],"_links":{"self":[{"href":"https:\/\/exlibris.ee\/ru\/wp-json\/wp\/v2\/product\/140956","targetHints":{"allow":["GET"]}}],"collection":[{"href":"https:\/\/exlibris.ee\/ru\/wp-json\/wp\/v2\/product"}],"about":[{"href":"https:\/\/exlibris.ee\/ru\/wp-json\/wp\/v2\/types\/product"}],"wp:featuredmedia":[{"embeddable":true,"href":"https:\/\/exlibris.ee\/ru\/wp-json\/wp\/v2\/media\/140840"}],"wp:attachment":[{"href":"https:\/\/exlibris.ee\/ru\/wp-json\/wp\/v2\/media?parent=140956"}],"wp:term":[{"taxonomy":"product_brand","embeddable":true,"href":"https:\/\/exlibris.ee\/ru\/wp-json\/wp\/v2\/product_brand?post=140956"},{"taxonomy":"product_cat","embeddable":true,"href":"https:\/\/exlibris.ee\/ru\/wp-json\/wp\/v2\/product_cat?post=140956"},{"taxonomy":"product_tag","embeddable":true,"href":"https:\/\/exlibris.ee\/ru\/wp-json\/wp\/v2\/product_tag?post=140956"},{"taxonomy":"series","embeddable":true,"href":"https:\/\/exlibris.ee\/ru\/wp-json\/wp\/v2\/series?post=140956"},{"taxonomy":"publisher","embeddable":true,"href":"https:\/\/exlibris.ee\/ru\/wp-json\/wp\/v2\/publisher?post=140956"}],"curies":[{"name":"wp","href":"https:\/\/api.w.org\/{rel}","templated":true}]}}