{"id":140974,"date":"2025-02-21T19:12:04","date_gmt":"2025-02-21T17:12:04","guid":{"rendered":"https:\/\/exlibris.ee\/toode\/hortraining-fur-die-mittelstufe-lehrerbuch-c1\/"},"modified":"2026-04-03T15:27:00","modified_gmt":"2026-04-03T12:27:00","slug":"hortraining-fur-die-mittelstufe-lehrerbuch-c1","status":"publish","type":"product","link":"https:\/\/exlibris.ee\/ru\/produkt\/hortraining-fur-die-mittelstufe-lehrerbuch-c1\/","title":{"rendered":"H\u00f6rtraining f\u00fcr die Mittelstufe. Lehrerbuch C1"},"content":{"rendered":"<p>\u201eH\u00f6rtraining f\u00fcr die Mittelstufe 2. Lehrerbuch C1\u201c von Gaby Grammenou richtet sich an Lehrer, die Sch\u00fcler auf dem C1-Niveau unterrichten. Das Buch konzentriert sich auf die F\u00f6rderung der H\u00f6rverst\u00e4ndnisf\u00e4higkeiten und unterst\u00fctzt die Sch\u00fcler dabei, sowohl ihre H\u00f6r- als auch Sprechkompetenzen zu verbessern. Es enth\u00e4lt eine Vielzahl von \u00dcbungen und Methoden, die den Sch\u00fclern helfen, H\u00f6rverst\u00e4ndnisaufgaben besser zu bew\u00e4ltigen und angemessen zu reagieren. Das Lehrerbuch bietet zudem hilfreiche Anleitungen und Werkzeuge, um den Unterricht effektiv zu gestalten. Es legt besonderen Wert auf authentische H\u00f6rtexte, die sowohl allt\u00e4gliche als auch akademische Situationen abdecken, um die sprachliche Entwicklung auf dem C1-Niveau zu f\u00f6rdern.<\/p>\n","protected":false},"excerpt":{"rendered":"<p>\u201eH\u00f6rtraining f\u00fcr die Mittelstufe 2. Lehrerbuch C1\u201c von Gaby Grammenou richtet sich an Lehrer, die Sch\u00fcler auf dem C1-Niveau unterrichten. Das Buch konzentriert sich auf die F\u00f6rderung der H\u00f6rverst\u00e4ndnisf\u00e4higkeiten und unterst\u00fctzt die Sch\u00fcler dabei, sowohl ihre H\u00f6r- als auch Sprechkompetenzen&#8230;<\/p>\n","protected":false},"featured_media":140781,"template":"","meta":{"_acf_changed":false,"inline_featured_image":false},"product_brand":[],"product_cat":[1121],"product_tag":[],"series":[],"publisher":[{"id":497,"name":"Hueber Verlag","slug":"hueber-verlag"}],"class_list":{"0":"post-140974","1":"product","2":"type-product","3":"status-publish","4":"has-post-thumbnail","6":"product_cat-lehrwerke-fur-jugendliche-und-erwachsene","7":"publisher-hueber-verlag","9":"first","10":"instock","11":"taxable","12":"shipping-taxable","13":"purchasable","14":"product-type-simple"},"acf":[],"_links":{"self":[{"href":"https:\/\/exlibris.ee\/ru\/wp-json\/wp\/v2\/product\/140974","targetHints":{"allow":["GET"]}}],"collection":[{"href":"https:\/\/exlibris.ee\/ru\/wp-json\/wp\/v2\/product"}],"about":[{"href":"https:\/\/exlibris.ee\/ru\/wp-json\/wp\/v2\/types\/product"}],"wp:featuredmedia":[{"embeddable":true,"href":"https:\/\/exlibris.ee\/ru\/wp-json\/wp\/v2\/media\/140781"}],"wp:attachment":[{"href":"https:\/\/exlibris.ee\/ru\/wp-json\/wp\/v2\/media?parent=140974"}],"wp:term":[{"taxonomy":"product_brand","embeddable":true,"href":"https:\/\/exlibris.ee\/ru\/wp-json\/wp\/v2\/product_brand?post=140974"},{"taxonomy":"product_cat","embeddable":true,"href":"https:\/\/exlibris.ee\/ru\/wp-json\/wp\/v2\/product_cat?post=140974"},{"taxonomy":"product_tag","embeddable":true,"href":"https:\/\/exlibris.ee\/ru\/wp-json\/wp\/v2\/product_tag?post=140974"},{"taxonomy":"series","embeddable":true,"href":"https:\/\/exlibris.ee\/ru\/wp-json\/wp\/v2\/series?post=140974"},{"taxonomy":"publisher","embeddable":true,"href":"https:\/\/exlibris.ee\/ru\/wp-json\/wp\/v2\/publisher?post=140974"}],"curies":[{"name":"wp","href":"https:\/\/api.w.org\/{rel}","templated":true}]}}