{"id":141018,"date":"2025-02-22T01:30:48","date_gmt":"2025-02-21T23:30:48","guid":{"rendered":"https:\/\/exlibris.ee\/toode\/b2-finale-vorbereitungskurs-zur-oesd-prufung-b2-tests\/"},"modified":"2026-04-04T03:12:46","modified_gmt":"2026-04-04T00:12:46","slug":"b2-finale-vorbereitungskurs-zur-oesd-prufung-b2-tests","status":"publish","type":"product","link":"https:\/\/exlibris.ee\/ru\/produkt\/b2-finale-vorbereitungskurs-zur-oesd-prufung-b2-tests\/","title":{"rendered":"B2-Finale, Vorbereitungskurs Zur Oesd-Prufung: B2-Tests"},"content":{"rendered":"<p>Das perfekte Pr\u00fcfungstraining f\u00fcr Lernende, die sich auf die Mittelstufenpr\u00fcfung B2 des \u00d6SD oder auf das Goethe-Zertifikat B2 vorbereiten wollen:<\/p>\n<p>&#8212; bietet sechs komplette Pr\u00fcfungen mit den Pr\u00fcfungsteilen Leseverstehen, H\u00f6rverstehen, schriftlicher und m\u00fcndlicher Ausdruck<br \/>\n&#8212; Training aller pr\u00fcfungsrelevanten Aufgabentypen der beiden B2-Pr\u00fcfungen<br \/>\n&#8212; detaillierte Informationen zu Pr\u00fcfungsbedingungen, Pr\u00fcfungsablauf und Bewertungskriterien<br \/>\n&#8212; mit Lerntipps und Pr\u00fcfungsstrategien<br \/>\n&#8212; enth\u00e4lt alle L\u00f6sungen und die Transkriptionen der H\u00f6rtexte<br \/>\n&#8212; plus Audio-CD zur Vorbereitung auf den Pr\u00fcfungsteil H\u00f6ren<\/p>\n","protected":false},"excerpt":{"rendered":"<p>Das perfekte Pr\u00fcfungstraining f\u00fcr Lernende, die sich auf die Mittelstufenpr\u00fcfung B2 des \u00d6SD oder auf das Goethe-Zertifikat B2 vorbereiten wollen: &#8212; bietet sechs komplette Pr\u00fcfungen mit den Pr\u00fcfungsteilen Leseverstehen, H\u00f6rverstehen, schriftlicher und m\u00fcndlicher Ausdruck &#8212; Training aller pr\u00fcfungsrelevanten Aufgabentypen der&#8230;<\/p>\n","protected":false},"featured_media":140793,"template":"","meta":{"_acf_changed":false,"inline_featured_image":false},"product_brand":[],"product_cat":[538],"product_tag":[],"series":[],"publisher":[{"id":473,"name":"Klett Verlag","slug":"klett-verlag"}],"class_list":{"0":"post-141018","1":"product","2":"type-product","3":"status-publish","4":"has-post-thumbnail","6":"product_cat-lehrwerke-fur-erwachsene","7":"publisher-klett-verlag","9":"first","10":"instock","11":"taxable","12":"shipping-taxable","13":"purchasable","14":"product-type-simple"},"acf":[],"_links":{"self":[{"href":"https:\/\/exlibris.ee\/ru\/wp-json\/wp\/v2\/product\/141018","targetHints":{"allow":["GET"]}}],"collection":[{"href":"https:\/\/exlibris.ee\/ru\/wp-json\/wp\/v2\/product"}],"about":[{"href":"https:\/\/exlibris.ee\/ru\/wp-json\/wp\/v2\/types\/product"}],"wp:featuredmedia":[{"embeddable":true,"href":"https:\/\/exlibris.ee\/ru\/wp-json\/wp\/v2\/media\/140793"}],"wp:attachment":[{"href":"https:\/\/exlibris.ee\/ru\/wp-json\/wp\/v2\/media?parent=141018"}],"wp:term":[{"taxonomy":"product_brand","embeddable":true,"href":"https:\/\/exlibris.ee\/ru\/wp-json\/wp\/v2\/product_brand?post=141018"},{"taxonomy":"product_cat","embeddable":true,"href":"https:\/\/exlibris.ee\/ru\/wp-json\/wp\/v2\/product_cat?post=141018"},{"taxonomy":"product_tag","embeddable":true,"href":"https:\/\/exlibris.ee\/ru\/wp-json\/wp\/v2\/product_tag?post=141018"},{"taxonomy":"series","embeddable":true,"href":"https:\/\/exlibris.ee\/ru\/wp-json\/wp\/v2\/series?post=141018"},{"taxonomy":"publisher","embeddable":true,"href":"https:\/\/exlibris.ee\/ru\/wp-json\/wp\/v2\/publisher?post=141018"}],"curies":[{"name":"wp","href":"https:\/\/api.w.org\/{rel}","templated":true}]}}