{"id":141020,"date":"2025-02-22T01:30:48","date_gmt":"2025-02-21T23:30:48","guid":{"rendered":"https:\/\/exlibris.ee\/toode\/mit-erfolg-zum-zertifikat-deutsch-fur-jugendliche-2-cd\/"},"modified":"2026-04-11T17:27:45","modified_gmt":"2026-04-11T14:27:45","slug":"mit-erfolg-zum-zertifikat-deutsch-fur-jugendliche-2-cd","status":"publish","type":"product","link":"https:\/\/exlibris.ee\/ru\/produkt\/mit-erfolg-zum-zertifikat-deutsch-fur-jugendliche-2-cd\/","title":{"rendered":"Mit Erfolg zum Zertifikat Deutsch fur Jugendliche + 2 CD"},"content":{"rendered":"<p>Das \u00dcbungs- und Testbuch enth\u00e4lt alles, was f\u00fcr die Pr\u00fcfung &#171;Zertifikat Deutsch f\u00fcr Jugendliche&#187; wichtig ist:<br \/>\n&#8212; Erkl\u00e4rungen der Pr\u00fcfungsbedingungen<br \/>\n&#8212; \u00dcbungen zu den Pr\u00fcfungsbereichen:<br \/>\nLeseverstehen und Sprachbausteine; H\u00f6rverstehen; Schriftlicher Ausdruck; M\u00fcndliche Pr\u00fcfung<br \/>\n&#8212; Modelltests<br \/>\n&#8212; Transkriptionen der H\u00f6rtexte<br \/>\n&#8212; 2 Audio-CDs mit allen H\u00f6rtexten.<\/p>\n","protected":false},"excerpt":{"rendered":"<p>Das \u00dcbungs- und Testbuch enth\u00e4lt alles, was f\u00fcr die Pr\u00fcfung &#171;Zertifikat Deutsch f\u00fcr Jugendliche&#187; wichtig ist: &#8212; Erkl\u00e4rungen der Pr\u00fcfungsbedingungen &#8212; \u00dcbungen zu den Pr\u00fcfungsbereichen: Leseverstehen und Sprachbausteine; H\u00f6rverstehen; Schriftlicher Ausdruck; M\u00fcndliche Pr\u00fcfung &#8212; Modelltests &#8212; Transkriptionen der H\u00f6rtexte &#8212;&#8230;<\/p>\n","protected":false},"featured_media":140849,"template":"","meta":{"_acf_changed":false,"inline_featured_image":false},"product_brand":[],"product_cat":[477],"product_tag":[],"series":[{"id":2984,"name":"Mit Erfolg zum","slug":"mit-erfolg-zum-3"}],"publisher":[{"id":473,"name":"Klett Verlag","slug":"klett-verlag"}],"class_list":{"0":"post-141020","1":"product","2":"type-product","3":"status-publish","4":"has-post-thumbnail","6":"product_cat-lehrwerke-fur-jugendliche","7":"series-mit-erfolg-zum-3","8":"publisher-klett-verlag","10":"first","11":"instock","12":"taxable","13":"shipping-taxable","14":"purchasable","15":"product-type-simple"},"acf":[],"_links":{"self":[{"href":"https:\/\/exlibris.ee\/ru\/wp-json\/wp\/v2\/product\/141020","targetHints":{"allow":["GET"]}}],"collection":[{"href":"https:\/\/exlibris.ee\/ru\/wp-json\/wp\/v2\/product"}],"about":[{"href":"https:\/\/exlibris.ee\/ru\/wp-json\/wp\/v2\/types\/product"}],"wp:featuredmedia":[{"embeddable":true,"href":"https:\/\/exlibris.ee\/ru\/wp-json\/wp\/v2\/media\/140849"}],"wp:attachment":[{"href":"https:\/\/exlibris.ee\/ru\/wp-json\/wp\/v2\/media?parent=141020"}],"wp:term":[{"taxonomy":"product_brand","embeddable":true,"href":"https:\/\/exlibris.ee\/ru\/wp-json\/wp\/v2\/product_brand?post=141020"},{"taxonomy":"product_cat","embeddable":true,"href":"https:\/\/exlibris.ee\/ru\/wp-json\/wp\/v2\/product_cat?post=141020"},{"taxonomy":"product_tag","embeddable":true,"href":"https:\/\/exlibris.ee\/ru\/wp-json\/wp\/v2\/product_tag?post=141020"},{"taxonomy":"series","embeddable":true,"href":"https:\/\/exlibris.ee\/ru\/wp-json\/wp\/v2\/series?post=141020"},{"taxonomy":"publisher","embeddable":true,"href":"https:\/\/exlibris.ee\/ru\/wp-json\/wp\/v2\/publisher?post=141020"}],"curies":[{"name":"wp","href":"https:\/\/api.w.org\/{rel}","templated":true}]}}