{"id":141021,"date":"2025-02-22T01:30:48","date_gmt":"2025-02-21T23:30:48","guid":{"rendered":"https:\/\/exlibris.ee\/toode\/mit-erfolg-zum-zertifikat-deutsch-fur-jugendliche\/"},"modified":"2026-04-03T09:13:39","modified_gmt":"2026-04-03T06:13:39","slug":"mit-erfolg-zum-zertifikat-deutsch-fur-jugendliche","status":"publish","type":"product","link":"https:\/\/exlibris.ee\/ru\/produkt\/mit-erfolg-zum-zertifikat-deutsch-fur-jugendliche\/","title":{"rendered":"Mit Erfolg zum Zertifikat Deutsch f\u00fcr Jugendliche"},"content":{"rendered":"<p>Das L\u00f6sungsheft enth\u00e4lt die L\u00f6sungen zu allen Aufgaben des \u00dcbungs- und Testbuchs.<\/p>\n","protected":false},"excerpt":{"rendered":"<p>Das L\u00f6sungsheft enth\u00e4lt die L\u00f6sungen zu allen Aufgaben des \u00dcbungs- und Testbuchs.<\/p>\n","protected":false},"featured_media":140638,"template":"","meta":{"_acf_changed":false,"inline_featured_image":false},"product_brand":[],"product_cat":[886],"product_tag":[],"series":[],"publisher":[{"id":2095,"name":"Klett-Langenscheidt","slug":"klett-langenscheidt"}],"class_list":{"0":"post-141021","1":"product","2":"type-product","3":"status-publish","4":"has-post-thumbnail","6":"product_cat-methodik","7":"publisher-klett-langenscheidt","9":"first","10":"instock","11":"taxable","12":"shipping-taxable","13":"purchasable","14":"product-type-simple"},"acf":[],"_links":{"self":[{"href":"https:\/\/exlibris.ee\/ru\/wp-json\/wp\/v2\/product\/141021","targetHints":{"allow":["GET"]}}],"collection":[{"href":"https:\/\/exlibris.ee\/ru\/wp-json\/wp\/v2\/product"}],"about":[{"href":"https:\/\/exlibris.ee\/ru\/wp-json\/wp\/v2\/types\/product"}],"wp:featuredmedia":[{"embeddable":true,"href":"https:\/\/exlibris.ee\/ru\/wp-json\/wp\/v2\/media\/140638"}],"wp:attachment":[{"href":"https:\/\/exlibris.ee\/ru\/wp-json\/wp\/v2\/media?parent=141021"}],"wp:term":[{"taxonomy":"product_brand","embeddable":true,"href":"https:\/\/exlibris.ee\/ru\/wp-json\/wp\/v2\/product_brand?post=141021"},{"taxonomy":"product_cat","embeddable":true,"href":"https:\/\/exlibris.ee\/ru\/wp-json\/wp\/v2\/product_cat?post=141021"},{"taxonomy":"product_tag","embeddable":true,"href":"https:\/\/exlibris.ee\/ru\/wp-json\/wp\/v2\/product_tag?post=141021"},{"taxonomy":"series","embeddable":true,"href":"https:\/\/exlibris.ee\/ru\/wp-json\/wp\/v2\/series?post=141021"},{"taxonomy":"publisher","embeddable":true,"href":"https:\/\/exlibris.ee\/ru\/wp-json\/wp\/v2\/publisher?post=141021"}],"curies":[{"name":"wp","href":"https:\/\/api.w.org\/{rel}","templated":true}]}}