{"id":141022,"date":"2025-02-22T01:30:49","date_gmt":"2025-02-21T23:30:49","guid":{"rendered":"https:\/\/exlibris.ee\/toode\/deutsch-mit-grips-1-kursbuch\/"},"modified":"2026-04-04T03:12:46","modified_gmt":"2026-04-04T00:12:46","slug":"deutsch-mit-grips-1-kursbuch","status":"publish","type":"product","link":"https:\/\/exlibris.ee\/ru\/produkt\/deutsch-mit-grips-1-kursbuch\/","title":{"rendered":"Deutsch mit Grips 1 Kursbuch"},"content":{"rendered":"<p>Deutsch mit Grips richtet sich an jugendliche Lerner, die bereits Vorkenntnisse in Deutsch als Fremdsprache haben, und bietet den optimalen Anschluss an Das Deutschmobil.<br \/>\nBand 1 f\u00fchrt zu Niveau B1 des Gemeinsamen europ\u00e4ischen Referenzrahmens.<br \/>\nDas Kursbuch enth\u00e4lt:<br \/>\n&#8212; thematisch aufgebaute Lektionen mit pr\u00fcfungsrelevanten Themen wie Reisen, Familie, Schule oder Umwelt aus der Sicht der Zielgruppe pr\u00e4sentiert<br \/>\n&#8212; ein breites Angebot an authentischen Texten aus der Erfahrungswelt der Jugendlichen (z. B. Jugendmagazinen und Sch\u00fclerzeitungen entnommen) als motivierende Sprech- und Schreibanl\u00e4sse<br \/>\n&#8212; abwechslungsreiche Aufgaben zur integrierten Entwicklung der Fertigkeiten<br \/>\n&#8212; lebendiger Sprachunterricht durch projekt- und produktorientierte Aufgaben<br \/>\n&#8212; F\u00f6rderung der Lernerautonomie durch Lerntipps und die Bewusstmachung von Lernstrategien und -techniken.<\/p>\n","protected":false},"excerpt":{"rendered":"<p>Deutsch mit Grips richtet sich an jugendliche Lerner, die bereits Vorkenntnisse in Deutsch als Fremdsprache haben, und bietet den optimalen Anschluss an Das Deutschmobil. Band 1 f\u00fchrt zu Niveau B1 des Gemeinsamen europ\u00e4ischen Referenzrahmens. Das Kursbuch enth\u00e4lt: &#8212; thematisch aufgebaute&#8230;<\/p>\n","protected":false},"featured_media":140852,"template":"","meta":{"_acf_changed":false,"inline_featured_image":false},"product_brand":[],"product_cat":[477],"product_tag":[],"series":[],"publisher":[{"id":473,"name":"Klett Verlag","slug":"klett-verlag"}],"class_list":{"0":"post-141022","1":"product","2":"type-product","3":"status-publish","4":"has-post-thumbnail","6":"product_cat-lehrwerke-fur-jugendliche","7":"publisher-klett-verlag","9":"first","10":"instock","11":"taxable","12":"shipping-taxable","13":"purchasable","14":"product-type-simple"},"acf":[],"_links":{"self":[{"href":"https:\/\/exlibris.ee\/ru\/wp-json\/wp\/v2\/product\/141022","targetHints":{"allow":["GET"]}}],"collection":[{"href":"https:\/\/exlibris.ee\/ru\/wp-json\/wp\/v2\/product"}],"about":[{"href":"https:\/\/exlibris.ee\/ru\/wp-json\/wp\/v2\/types\/product"}],"wp:featuredmedia":[{"embeddable":true,"href":"https:\/\/exlibris.ee\/ru\/wp-json\/wp\/v2\/media\/140852"}],"wp:attachment":[{"href":"https:\/\/exlibris.ee\/ru\/wp-json\/wp\/v2\/media?parent=141022"}],"wp:term":[{"taxonomy":"product_brand","embeddable":true,"href":"https:\/\/exlibris.ee\/ru\/wp-json\/wp\/v2\/product_brand?post=141022"},{"taxonomy":"product_cat","embeddable":true,"href":"https:\/\/exlibris.ee\/ru\/wp-json\/wp\/v2\/product_cat?post=141022"},{"taxonomy":"product_tag","embeddable":true,"href":"https:\/\/exlibris.ee\/ru\/wp-json\/wp\/v2\/product_tag?post=141022"},{"taxonomy":"series","embeddable":true,"href":"https:\/\/exlibris.ee\/ru\/wp-json\/wp\/v2\/series?post=141022"},{"taxonomy":"publisher","embeddable":true,"href":"https:\/\/exlibris.ee\/ru\/wp-json\/wp\/v2\/publisher?post=141022"}],"curies":[{"name":"wp","href":"https:\/\/api.w.org\/{rel}","templated":true}]}}