{"id":141023,"date":"2025-02-22T01:30:49","date_gmt":"2025-02-21T23:30:49","guid":{"rendered":"https:\/\/exlibris.ee\/toode\/deutsch-mit-grips-1-arbeitsbuch\/"},"modified":"2026-04-04T03:12:46","modified_gmt":"2026-04-04T00:12:46","slug":"deutsch-mit-grips-1-arbeitsbuch","status":"publish","type":"product","link":"https:\/\/exlibris.ee\/ru\/produkt\/deutsch-mit-grips-1-arbeitsbuch\/","title":{"rendered":"Deutsch mit Grips 1 Arbeitsbuch"},"content":{"rendered":"<p>Das Arbeitsbuch enth\u00e4lt:<br \/>\n&#8212; weitere kommunikative \u00dcbungen zur Unterst\u00fctzung der Fertigkeitsentwicklung im Kursbuch<br \/>\n&#8212; \u00dcbungen zu Wortschatz und Grammatik<br \/>\n&#8212; funktionale Grammatikdarstellung nach dem Prinzip des entdeckenden Lernens<br \/>\n&#8212; \u00dcbersichten zum Wortschatz am Ende jeder Lektion<br \/>\n&#8212; \u00dcbungstypen des Zertifikat Deutsch bzw. \u00e4hnlicher Pr\u00fcfungen.<\/p>\n","protected":false},"excerpt":{"rendered":"<p>Das Arbeitsbuch enth\u00e4lt: &#8212; weitere kommunikative \u00dcbungen zur Unterst\u00fctzung der Fertigkeitsentwicklung im Kursbuch &#8212; \u00dcbungen zu Wortschatz und Grammatik &#8212; funktionale Grammatikdarstellung nach dem Prinzip des entdeckenden Lernens &#8212; \u00dcbersichten zum Wortschatz am Ende jeder Lektion &#8212; \u00dcbungstypen des Zertifikat&#8230;<\/p>\n","protected":false},"featured_media":140858,"template":"","meta":{"_acf_changed":false,"inline_featured_image":false},"product_brand":[],"product_cat":[477],"product_tag":[],"series":[],"publisher":[{"id":473,"name":"Klett Verlag","slug":"klett-verlag"}],"class_list":{"0":"post-141023","1":"product","2":"type-product","3":"status-publish","4":"has-post-thumbnail","6":"product_cat-lehrwerke-fur-jugendliche","7":"publisher-klett-verlag","9":"first","10":"instock","11":"taxable","12":"shipping-taxable","13":"purchasable","14":"product-type-simple"},"acf":[],"_links":{"self":[{"href":"https:\/\/exlibris.ee\/ru\/wp-json\/wp\/v2\/product\/141023","targetHints":{"allow":["GET"]}}],"collection":[{"href":"https:\/\/exlibris.ee\/ru\/wp-json\/wp\/v2\/product"}],"about":[{"href":"https:\/\/exlibris.ee\/ru\/wp-json\/wp\/v2\/types\/product"}],"wp:featuredmedia":[{"embeddable":true,"href":"https:\/\/exlibris.ee\/ru\/wp-json\/wp\/v2\/media\/140858"}],"wp:attachment":[{"href":"https:\/\/exlibris.ee\/ru\/wp-json\/wp\/v2\/media?parent=141023"}],"wp:term":[{"taxonomy":"product_brand","embeddable":true,"href":"https:\/\/exlibris.ee\/ru\/wp-json\/wp\/v2\/product_brand?post=141023"},{"taxonomy":"product_cat","embeddable":true,"href":"https:\/\/exlibris.ee\/ru\/wp-json\/wp\/v2\/product_cat?post=141023"},{"taxonomy":"product_tag","embeddable":true,"href":"https:\/\/exlibris.ee\/ru\/wp-json\/wp\/v2\/product_tag?post=141023"},{"taxonomy":"series","embeddable":true,"href":"https:\/\/exlibris.ee\/ru\/wp-json\/wp\/v2\/series?post=141023"},{"taxonomy":"publisher","embeddable":true,"href":"https:\/\/exlibris.ee\/ru\/wp-json\/wp\/v2\/publisher?post=141023"}],"curies":[{"name":"wp","href":"https:\/\/api.w.org\/{rel}","templated":true}]}}