{"id":141033,"date":"2025-02-22T01:30:51","date_gmt":"2025-02-21T23:30:51","guid":{"rendered":"https:\/\/exlibris.ee\/toode\/so-gehts-zum-dsd-lehrerhandbuch-zum-ubungsbuch-mit-cd\/"},"modified":"2026-04-06T09:09:18","modified_gmt":"2026-04-06T06:09:18","slug":"so-gehts-zum-dsd-lehrerhandbuch-zum-ubungsbuch-mit-cd","status":"publish","type":"product","link":"https:\/\/exlibris.ee\/ru\/produkt\/so-gehts-zum-dsd-lehrerhandbuch-zum-ubungsbuch-mit-cd\/","title":{"rendered":"So geht\u2019s zum DSD, Lehrerhandbuch zum \u00dcbungsbuch mit CD"},"content":{"rendered":"<p>Das Lehrerhandbuch zum \u00dcbungsbuch enth\u00e4lt:<br \/>\nHinweise zur Arbeit mit dem \u00dcbungsbuch So geht\u2019s zum DSD II (B2\/C1) im Unterricht<br \/>\ndie Audio-CD zum \u00dcbungsbuch<br \/>\ndie L\u00f6sungen der Aufgaben im \u00dcbungsbuch sowie die Transkriptionen der H\u00f6rtexte auf der Audio-CD<br \/>\nKopiervorlagen f\u00fcr den Unterricht<\/p>\n","protected":false},"excerpt":{"rendered":"<p>Das Lehrerhandbuch zum \u00dcbungsbuch enth\u00e4lt: Hinweise zur Arbeit mit dem \u00dcbungsbuch So geht\u2019s zum DSD II (B2\/C1) im Unterricht die Audio-CD zum \u00dcbungsbuch die L\u00f6sungen der Aufgaben im \u00dcbungsbuch sowie die Transkriptionen der H\u00f6rtexte auf der Audio-CD Kopiervorlagen f\u00fcr den&#8230;<\/p>\n","protected":false},"featured_media":140819,"template":"","meta":{"_acf_changed":false,"inline_featured_image":false},"product_brand":[],"product_cat":[1121],"product_tag":[],"series":[],"publisher":[{"id":473,"name":"Klett Verlag","slug":"klett-verlag"}],"class_list":{"0":"post-141033","1":"product","2":"type-product","3":"status-publish","4":"has-post-thumbnail","6":"product_cat-lehrwerke-fur-jugendliche-und-erwachsene","7":"publisher-klett-verlag","9":"first","10":"instock","11":"taxable","12":"shipping-taxable","13":"purchasable","14":"product-type-simple"},"acf":[],"_links":{"self":[{"href":"https:\/\/exlibris.ee\/ru\/wp-json\/wp\/v2\/product\/141033","targetHints":{"allow":["GET"]}}],"collection":[{"href":"https:\/\/exlibris.ee\/ru\/wp-json\/wp\/v2\/product"}],"about":[{"href":"https:\/\/exlibris.ee\/ru\/wp-json\/wp\/v2\/types\/product"}],"wp:featuredmedia":[{"embeddable":true,"href":"https:\/\/exlibris.ee\/ru\/wp-json\/wp\/v2\/media\/140819"}],"wp:attachment":[{"href":"https:\/\/exlibris.ee\/ru\/wp-json\/wp\/v2\/media?parent=141033"}],"wp:term":[{"taxonomy":"product_brand","embeddable":true,"href":"https:\/\/exlibris.ee\/ru\/wp-json\/wp\/v2\/product_brand?post=141033"},{"taxonomy":"product_cat","embeddable":true,"href":"https:\/\/exlibris.ee\/ru\/wp-json\/wp\/v2\/product_cat?post=141033"},{"taxonomy":"product_tag","embeddable":true,"href":"https:\/\/exlibris.ee\/ru\/wp-json\/wp\/v2\/product_tag?post=141033"},{"taxonomy":"series","embeddable":true,"href":"https:\/\/exlibris.ee\/ru\/wp-json\/wp\/v2\/series?post=141033"},{"taxonomy":"publisher","embeddable":true,"href":"https:\/\/exlibris.ee\/ru\/wp-json\/wp\/v2\/publisher?post=141033"}],"curies":[{"name":"wp","href":"https:\/\/api.w.org\/{rel}","templated":true}]}}