{"id":141034,"date":"2025-02-22T01:30:51","date_gmt":"2025-02-21T23:30:51","guid":{"rendered":"https:\/\/exlibris.ee\/toode\/so-gehts-zum-dsd-ii-b2-c1-mit-cd-und-dvd\/"},"modified":"2026-04-04T03:12:48","modified_gmt":"2026-04-04T00:12:48","slug":"so-gehts-zum-dsd-ii-b2-c1-mit-cd-und-dvd","status":"publish","type":"product","link":"https:\/\/exlibris.ee\/ru\/produkt\/so-gehts-zum-dsd-ii-b2-c1-mit-cd-und-dvd\/","title":{"rendered":"So geht\u00b4s zum DSD II (B2\/C1) mit CD und DVD"},"content":{"rendered":"<p>Lehrerhandbuch zum Testbuch mit Leitfaden f\u00fcr die m\u00fcndliche Pr\u00fcfung + CD + DVD.<br \/>\nDas Lehrerhandbuch bietet:<br \/>\nTipps zur Umsetzung im Unterricht<br \/>\nAudio-CD, Transkriptionen und L\u00f6sungen<br \/>\nInklusive DVD mit Pr\u00fcfungsmitschnitten<\/p>\n","protected":false},"excerpt":{"rendered":"<p>Lehrerhandbuch zum Testbuch mit Leitfaden f\u00fcr die m\u00fcndliche Pr\u00fcfung + CD + DVD. Das Lehrerhandbuch bietet: Tipps zur Umsetzung im Unterricht Audio-CD, Transkriptionen und L\u00f6sungen Inklusive DVD mit Pr\u00fcfungsmitschnitten<\/p>\n","protected":false},"featured_media":140822,"template":"","meta":{"_acf_changed":false,"inline_featured_image":false},"product_brand":[],"product_cat":[1121],"product_tag":[],"series":[],"publisher":[{"id":473,"name":"Klett Verlag","slug":"klett-verlag"}],"class_list":{"0":"post-141034","1":"product","2":"type-product","3":"status-publish","4":"has-post-thumbnail","6":"product_cat-lehrwerke-fur-jugendliche-und-erwachsene","7":"publisher-klett-verlag","9":"first","10":"instock","11":"taxable","12":"shipping-taxable","13":"purchasable","14":"product-type-simple"},"acf":[],"_links":{"self":[{"href":"https:\/\/exlibris.ee\/ru\/wp-json\/wp\/v2\/product\/141034","targetHints":{"allow":["GET"]}}],"collection":[{"href":"https:\/\/exlibris.ee\/ru\/wp-json\/wp\/v2\/product"}],"about":[{"href":"https:\/\/exlibris.ee\/ru\/wp-json\/wp\/v2\/types\/product"}],"wp:featuredmedia":[{"embeddable":true,"href":"https:\/\/exlibris.ee\/ru\/wp-json\/wp\/v2\/media\/140822"}],"wp:attachment":[{"href":"https:\/\/exlibris.ee\/ru\/wp-json\/wp\/v2\/media?parent=141034"}],"wp:term":[{"taxonomy":"product_brand","embeddable":true,"href":"https:\/\/exlibris.ee\/ru\/wp-json\/wp\/v2\/product_brand?post=141034"},{"taxonomy":"product_cat","embeddable":true,"href":"https:\/\/exlibris.ee\/ru\/wp-json\/wp\/v2\/product_cat?post=141034"},{"taxonomy":"product_tag","embeddable":true,"href":"https:\/\/exlibris.ee\/ru\/wp-json\/wp\/v2\/product_tag?post=141034"},{"taxonomy":"series","embeddable":true,"href":"https:\/\/exlibris.ee\/ru\/wp-json\/wp\/v2\/series?post=141034"},{"taxonomy":"publisher","embeddable":true,"href":"https:\/\/exlibris.ee\/ru\/wp-json\/wp\/v2\/publisher?post=141034"}],"curies":[{"name":"wp","href":"https:\/\/api.w.org\/{rel}","templated":true}]}}