{"id":141035,"date":"2025-02-22T01:30:52","date_gmt":"2025-02-21T23:30:52","guid":{"rendered":"https:\/\/exlibris.ee\/toode\/phonetiktrainer-a1-b1-mit-2-audio-cds\/"},"modified":"2026-04-24T01:34:39","modified_gmt":"2026-04-23T22:34:39","slug":"phonetiktrainer-a1-b1-mit-2-audio-cds","status":"publish","type":"product","link":"https:\/\/exlibris.ee\/ru\/produkt\/phonetiktrainer-a1-b1-mit-2-audio-cds\/","title":{"rendered":"Phonetiktrainer A1-B1 mit 2 Audio-CDs"},"content":{"rendered":"<p>Erg\u00e4nzendes Kurs- und Selbstlernmaterial<\/p>\n<p>Ideales Aussprachetraining f\u00fcr den Unterricht und zum Selbstlernen<br \/>\nGreift alle grundlegenden phonetischen Themen des Deutschen auf<br \/>\nAbwechslungsreiche \u00dcbungen f\u00fcr die Niveaustufen A1-B1<br \/>\nModularer Aufbau: ein Thema pro Modul<br \/>\nMotivierende und kommunikativ relevante \u00dcbungsformen<br \/>\nSensibilisiert f\u00fcr Klang und Rhythmus<br \/>\nder Sprache<br \/>\nAuch unabh\u00e4ngig von Aussichten einsetzbar<br \/>\nAls Erg\u00e4nzung zum Phonetiktrainer stehen 17 kurze Filme mit Aussprachetricks zur Verf\u00fcgung.<\/p>\n","protected":false},"excerpt":{"rendered":"<p>Erg\u00e4nzendes Kurs- und Selbstlernmaterial Ideales Aussprachetraining f\u00fcr den Unterricht und zum Selbstlernen Greift alle grundlegenden phonetischen Themen des Deutschen auf Abwechslungsreiche \u00dcbungen f\u00fcr die Niveaustufen A1-B1 Modularer Aufbau: ein Thema pro Modul Motivierende und kommunikativ relevante \u00dcbungsformen Sensibilisiert f\u00fcr Klang&#8230;<\/p>\n","protected":false},"featured_media":140828,"template":"","meta":{"_acf_changed":false,"inline_featured_image":false},"product_brand":[],"product_cat":[538],"product_tag":[],"series":[],"publisher":[{"id":473,"name":"Klett Verlag","slug":"klett-verlag"}],"class_list":{"0":"post-141035","1":"product","2":"type-product","3":"status-publish","4":"has-post-thumbnail","6":"product_cat-lehrwerke-fur-erwachsene","7":"publisher-klett-verlag","9":"first","10":"instock","11":"taxable","12":"shipping-taxable","13":"purchasable","14":"product-type-simple"},"acf":[],"_links":{"self":[{"href":"https:\/\/exlibris.ee\/ru\/wp-json\/wp\/v2\/product\/141035","targetHints":{"allow":["GET"]}}],"collection":[{"href":"https:\/\/exlibris.ee\/ru\/wp-json\/wp\/v2\/product"}],"about":[{"href":"https:\/\/exlibris.ee\/ru\/wp-json\/wp\/v2\/types\/product"}],"wp:featuredmedia":[{"embeddable":true,"href":"https:\/\/exlibris.ee\/ru\/wp-json\/wp\/v2\/media\/140828"}],"wp:attachment":[{"href":"https:\/\/exlibris.ee\/ru\/wp-json\/wp\/v2\/media?parent=141035"}],"wp:term":[{"taxonomy":"product_brand","embeddable":true,"href":"https:\/\/exlibris.ee\/ru\/wp-json\/wp\/v2\/product_brand?post=141035"},{"taxonomy":"product_cat","embeddable":true,"href":"https:\/\/exlibris.ee\/ru\/wp-json\/wp\/v2\/product_cat?post=141035"},{"taxonomy":"product_tag","embeddable":true,"href":"https:\/\/exlibris.ee\/ru\/wp-json\/wp\/v2\/product_tag?post=141035"},{"taxonomy":"series","embeddable":true,"href":"https:\/\/exlibris.ee\/ru\/wp-json\/wp\/v2\/series?post=141035"},{"taxonomy":"publisher","embeddable":true,"href":"https:\/\/exlibris.ee\/ru\/wp-json\/wp\/v2\/publisher?post=141035"}],"curies":[{"name":"wp","href":"https:\/\/api.w.org\/{rel}","templated":true}]}}