{"id":141045,"date":"2025-02-22T01:33:01","date_gmt":"2025-02-21T23:33:01","guid":{"rendered":"https:\/\/exlibris.ee\/toode\/deutsche-literatur-in-epochen\/"},"modified":"2026-04-24T19:27:47","modified_gmt":"2026-04-24T16:27:47","slug":"deutsche-literatur-in-epochen","status":"publish","type":"product","link":"https:\/\/exlibris.ee\/ru\/produkt\/deutsche-literatur-in-epochen\/","title":{"rendered":"Deutsche Literatur in Epochen"},"content":{"rendered":"<p>&#171;Deutsche Literatur in Epochen&#187; bietet einen fundierten \u00dcberblick \u00fcber die Entwicklung der deutschen Literatur im Kontext historischer, kultureller und gesellschaftlicher Ver\u00e4nderungen. Die Autorinnen Barbara Baumann und Birgitta Oberle f\u00fchren die Leser durch die bedeutendsten Epochen der deutschen Literaturgeschichte \u2013 von den Anf\u00e4ngen im Mittelalter \u00fcber die klassische Weimarer Zeit bis hin zu den Literaturstr\u00f6mungen der Moderne und Gegenwart.<\/p>\n<p>Das Buch stellt nicht nur zentrale Autoren und Werke vor, sondern erl\u00e4utert auch die spezifischen Merkmale jeder Epoche und deren Einfluss auf die Gesellschaft. Besonders wertvoll sind die klar strukturierten Kapitel, die eine einfache Einordnung der jeweiligen literarischen Str\u00f6mungen erm\u00f6glichen. Es richtet sich sowohl an Studierende der Germanistik als auch an interessierte Leser, die sich intensiv mit der Entwicklung der deutschen Literatur auseinandersetzen m\u00f6chten.<\/p>\n<p>Mit zahlreichen Beispielen, Erkl\u00e4rungen und einer gut verst\u00e4ndlichen Sprache bietet dieses Werk eine ideale Einf\u00fchrung in die deutsche Literaturgeschichte und ist ein unverzichtbares Lehrbuch f\u00fcr alle, die das literarische Erbe Deutschlands erforschen wollen.<\/p>\n","protected":false},"excerpt":{"rendered":"<p>&#171;Deutsche Literatur in Epochen&#187; bietet einen fundierten \u00dcberblick \u00fcber die Entwicklung der deutschen Literatur im Kontext historischer, kultureller und gesellschaftlicher Ver\u00e4nderungen. Die Autorinnen Barbara Baumann und Birgitta Oberle f\u00fchren die Leser durch die bedeutendsten Epochen der deutschen Literaturgeschichte \u2013 von&#8230;<\/p>\n","protected":false},"featured_media":140752,"template":"","meta":{"_acf_changed":false,"inline_featured_image":false},"product_brand":[],"product_cat":[851],"product_tag":[],"series":[],"publisher":[{"id":497,"name":"Hueber Verlag","slug":"hueber-verlag"}],"class_list":{"0":"post-141045","1":"product","2":"type-product","3":"status-publish","4":"has-post-thumbnail","6":"product_cat-lesetexte-deutsch","7":"publisher-hueber-verlag","9":"first","10":"instock","11":"taxable","12":"shipping-taxable","13":"purchasable","14":"product-type-simple"},"acf":[],"_links":{"self":[{"href":"https:\/\/exlibris.ee\/ru\/wp-json\/wp\/v2\/product\/141045","targetHints":{"allow":["GET"]}}],"collection":[{"href":"https:\/\/exlibris.ee\/ru\/wp-json\/wp\/v2\/product"}],"about":[{"href":"https:\/\/exlibris.ee\/ru\/wp-json\/wp\/v2\/types\/product"}],"wp:featuredmedia":[{"embeddable":true,"href":"https:\/\/exlibris.ee\/ru\/wp-json\/wp\/v2\/media\/140752"}],"wp:attachment":[{"href":"https:\/\/exlibris.ee\/ru\/wp-json\/wp\/v2\/media?parent=141045"}],"wp:term":[{"taxonomy":"product_brand","embeddable":true,"href":"https:\/\/exlibris.ee\/ru\/wp-json\/wp\/v2\/product_brand?post=141045"},{"taxonomy":"product_cat","embeddable":true,"href":"https:\/\/exlibris.ee\/ru\/wp-json\/wp\/v2\/product_cat?post=141045"},{"taxonomy":"product_tag","embeddable":true,"href":"https:\/\/exlibris.ee\/ru\/wp-json\/wp\/v2\/product_tag?post=141045"},{"taxonomy":"series","embeddable":true,"href":"https:\/\/exlibris.ee\/ru\/wp-json\/wp\/v2\/series?post=141045"},{"taxonomy":"publisher","embeddable":true,"href":"https:\/\/exlibris.ee\/ru\/wp-json\/wp\/v2\/publisher?post=141045"}],"curies":[{"name":"wp","href":"https:\/\/api.w.org\/{rel}","templated":true}]}}