{"id":141046,"date":"2025-02-22T01:33:01","date_gmt":"2025-02-21T23:33:01","guid":{"rendered":"https:\/\/exlibris.ee\/toode\/lesetraining-fur-jugendliche-und-junge-erwachsene-in-der-grundstufe\/"},"modified":"2026-04-13T23:31:12","modified_gmt":"2026-04-13T20:31:12","slug":"lesetraining-fur-jugendliche-und-junge-erwachsene-in-der-grundstufe","status":"publish","type":"product","link":"https:\/\/exlibris.ee\/ru\/produkt\/lesetraining-fur-jugendliche-und-junge-erwachsene-in-der-grundstufe\/","title":{"rendered":"Lesetraining fu\u0308r Jugendliche und junge Erwachsene in der Grundstufe"},"content":{"rendered":"<p>Dieses Trainingsprogramm wurde zur Vorbereitung auf TestDaF entwickelt. Es kann erg\u00e4nzend zu jedem Fortgeschreittenenlehrwerk \/auch zum Mittelstufenlehrwerk Unterwegs) eingesetzt werden. Er richtet sich an alle, die sich im Kursunterricht oder selbstst\u00e4ndig auf diese Pr\u00fcfung vorbereiten m\u00f6chten. Dieses Buch bietet : &#8212; eine allgemeine Einf\u00fchrung in den Test &#8212; vier Trainingskapitel, die gezielt auf die einzelnen Pr\u00fcfungsteile des TestDaF vorbereiten. Jedes Kapitel enth\u00e4lt Informationen zum Pr\u00fcfungsteil, Tipps und vorbereitende \u00dcbungen zu den einzelnen Pr\u00fcfungsaufgaben, dann Anwendungsaufgaben, die den Pr\u00fcfungsaufgaben entsprechen; den Abschluss bildet jeweils ein Modelltest &#8212; L\u00f6sungen und kommentierte Beispieltexte zu den \u00dcbungen und Aufgaben im Trainingsteil zur Einsch\u00e4tzung und Verbesserungen des eingenen Leistungsstands &#8212; Tonmaterialen mit H\u00f6rtexten, wie sie auch im TestDaF vorgelegt werden.<\/p>\n","protected":false},"excerpt":{"rendered":"<p>Dieses Trainingsprogramm wurde zur Vorbereitung auf TestDaF entwickelt. Es kann erg\u00e4nzend zu jedem Fortgeschreittenenlehrwerk \/auch zum Mittelstufenlehrwerk Unterwegs) eingesetzt werden. Er richtet sich an alle, die sich im Kursunterricht oder selbstst\u00e4ndig auf diese Pr\u00fcfung vorbereiten m\u00f6chten. Dieses Buch bietet :&#8230;<\/p>\n","protected":false},"featured_media":140796,"template":"","meta":{"_acf_changed":false,"inline_featured_image":false},"product_brand":[],"product_cat":[851],"product_tag":[],"series":[],"publisher":[{"id":497,"name":"Hueber Verlag","slug":"hueber-verlag"}],"class_list":{"0":"post-141046","1":"product","2":"type-product","3":"status-publish","4":"has-post-thumbnail","6":"product_cat-lesetexte-deutsch","7":"publisher-hueber-verlag","9":"first","10":"instock","11":"taxable","12":"shipping-taxable","13":"purchasable","14":"product-type-simple"},"acf":[],"_links":{"self":[{"href":"https:\/\/exlibris.ee\/ru\/wp-json\/wp\/v2\/product\/141046","targetHints":{"allow":["GET"]}}],"collection":[{"href":"https:\/\/exlibris.ee\/ru\/wp-json\/wp\/v2\/product"}],"about":[{"href":"https:\/\/exlibris.ee\/ru\/wp-json\/wp\/v2\/types\/product"}],"wp:featuredmedia":[{"embeddable":true,"href":"https:\/\/exlibris.ee\/ru\/wp-json\/wp\/v2\/media\/140796"}],"wp:attachment":[{"href":"https:\/\/exlibris.ee\/ru\/wp-json\/wp\/v2\/media?parent=141046"}],"wp:term":[{"taxonomy":"product_brand","embeddable":true,"href":"https:\/\/exlibris.ee\/ru\/wp-json\/wp\/v2\/product_brand?post=141046"},{"taxonomy":"product_cat","embeddable":true,"href":"https:\/\/exlibris.ee\/ru\/wp-json\/wp\/v2\/product_cat?post=141046"},{"taxonomy":"product_tag","embeddable":true,"href":"https:\/\/exlibris.ee\/ru\/wp-json\/wp\/v2\/product_tag?post=141046"},{"taxonomy":"series","embeddable":true,"href":"https:\/\/exlibris.ee\/ru\/wp-json\/wp\/v2\/series?post=141046"},{"taxonomy":"publisher","embeddable":true,"href":"https:\/\/exlibris.ee\/ru\/wp-json\/wp\/v2\/publisher?post=141046"}],"curies":[{"name":"wp","href":"https:\/\/api.w.org\/{rel}","templated":true}]}}