{"id":141047,"date":"2025-02-22T01:33:01","date_gmt":"2025-02-21T23:33:01","guid":{"rendered":"https:\/\/exlibris.ee\/toode\/fit-furs-zertifikat-deutsch\/"},"modified":"2026-04-07T21:20:25","modified_gmt":"2026-04-07T18:20:25","slug":"fit-furs-zertifikat-deutsch","status":"publish","type":"product","link":"https:\/\/exlibris.ee\/ru\/produkt\/fit-furs-zertifikat-deutsch\/","title":{"rendered":"Fit f\u00fcrs Zertifikat Deutsch"},"content":{"rendered":"<p>Der Band wendet sich an Lernende Lernende mit Sprachkenntnissen auf dem Niveau B1, die sich gezielt auf das Zertifikat Deutsch vorbereiten bzw. an solche, die Lerntipps und \u00dcbungen zu den vier Fertigkeiten auf Grundstufenniveau suchen.Nach einer gr\u00fcndlichen Erl\u00e4uterung der Pr\u00fcfungsbedingungen und Testaufgaben des Zertifikats Deutsch folgen Lerntipps und aufbauende \u00dcbungen, die zur L\u00f6sung der Testaufgaben hinf\u00fchren.Jede Einheit m\u00fcndet in eine dem Testformat entsprechende \u00dcbung. Der Band wird durch einen kompletten Modelltest abgeschlossen .Der L\u00f6sungsteil enth\u00e4lt Erkl\u00e4rungen dazu, warum eine L\u00f6sung korrekt bzw. nicht korrekt ist. Die eingelegte Audio-CD enth\u00e4lt alle H\u00f6rtexte. So ist Fit f\u00fcrs Zertifikat Deutsch auch gut f\u00fcr Selbstlerner geeignet.<\/p>\n","protected":false},"excerpt":{"rendered":"<p>Der Band wendet sich an Lernende Lernende mit Sprachkenntnissen auf dem Niveau B1, die sich gezielt auf das Zertifikat Deutsch vorbereiten bzw. an solche, die Lerntipps und \u00dcbungen zu den vier Fertigkeiten auf Grundstufenniveau suchen.Nach einer gr\u00fcndlichen Erl\u00e4uterung der Pr\u00fcfungsbedingungen&#8230;<\/p>\n","protected":false},"featured_media":140799,"template":"","meta":{"_acf_changed":false,"inline_featured_image":false},"product_brand":[],"product_cat":[538],"product_tag":[],"series":[{"id":2985,"name":"Tipps und \u00dcbungen","slug":"tipps-und-ubungen"}],"publisher":[{"id":497,"name":"Hueber Verlag","slug":"hueber-verlag"}],"class_list":{"0":"post-141047","1":"product","2":"type-product","3":"status-publish","4":"has-post-thumbnail","6":"product_cat-lehrwerke-fur-erwachsene","7":"series-tipps-und-ubungen","8":"publisher-hueber-verlag","10":"first","11":"instock","12":"taxable","13":"shipping-taxable","14":"purchasable","15":"product-type-simple"},"acf":[],"_links":{"self":[{"href":"https:\/\/exlibris.ee\/ru\/wp-json\/wp\/v2\/product\/141047","targetHints":{"allow":["GET"]}}],"collection":[{"href":"https:\/\/exlibris.ee\/ru\/wp-json\/wp\/v2\/product"}],"about":[{"href":"https:\/\/exlibris.ee\/ru\/wp-json\/wp\/v2\/types\/product"}],"wp:featuredmedia":[{"embeddable":true,"href":"https:\/\/exlibris.ee\/ru\/wp-json\/wp\/v2\/media\/140799"}],"wp:attachment":[{"href":"https:\/\/exlibris.ee\/ru\/wp-json\/wp\/v2\/media?parent=141047"}],"wp:term":[{"taxonomy":"product_brand","embeddable":true,"href":"https:\/\/exlibris.ee\/ru\/wp-json\/wp\/v2\/product_brand?post=141047"},{"taxonomy":"product_cat","embeddable":true,"href":"https:\/\/exlibris.ee\/ru\/wp-json\/wp\/v2\/product_cat?post=141047"},{"taxonomy":"product_tag","embeddable":true,"href":"https:\/\/exlibris.ee\/ru\/wp-json\/wp\/v2\/product_tag?post=141047"},{"taxonomy":"series","embeddable":true,"href":"https:\/\/exlibris.ee\/ru\/wp-json\/wp\/v2\/series?post=141047"},{"taxonomy":"publisher","embeddable":true,"href":"https:\/\/exlibris.ee\/ru\/wp-json\/wp\/v2\/publisher?post=141047"}],"curies":[{"name":"wp","href":"https:\/\/api.w.org\/{rel}","templated":true}]}}