{"id":141058,"date":"2025-02-22T01:35:15","date_gmt":"2025-02-21T23:35:15","guid":{"rendered":"https:\/\/exlibris.ee\/toode\/fit-furs-osterreichische-sprachdiplom-b2-cd\/"},"modified":"2026-04-13T23:31:16","modified_gmt":"2026-04-13T20:31:16","slug":"fit-furs-osterreichische-sprachdiplom-b2-cd","status":"publish","type":"product","link":"https:\/\/exlibris.ee\/ru\/produkt\/fit-furs-osterreichische-sprachdiplom-b2-cd\/","title":{"rendered":"Fit f\u00fcrs \u00d6sterreichische Sprachdiplom B2 + CD"},"content":{"rendered":"<p>Pr\u00fcfungen. Sch\u00fclerbuch + 1 Audio-CD, die dem europ\u00e4ischen Niveau B2 entspricht, sowohl f\u00fcr Erwachsene als auch f\u00fcr Jugendliche.<\/p>\n","protected":false},"excerpt":{"rendered":"<p>Pr\u00fcfungen. Sch\u00fclerbuch + 1 Audio-CD, die dem europ\u00e4ischen Niveau B2 entspricht, sowohl f\u00fcr Erwachsene als auch f\u00fcr Jugendliche.<\/p>\n","protected":false},"featured_media":140749,"template":"","meta":{"_acf_changed":false,"inline_featured_image":false},"product_brand":[],"product_cat":[1121],"product_tag":[],"series":[],"publisher":[{"id":497,"name":"Hueber Verlag","slug":"hueber-verlag"}],"class_list":{"0":"post-141058","1":"product","2":"type-product","3":"status-publish","4":"has-post-thumbnail","6":"product_cat-lehrwerke-fur-jugendliche-und-erwachsene","7":"publisher-hueber-verlag","9":"first","10":"instock","11":"taxable","12":"shipping-taxable","13":"purchasable","14":"product-type-simple"},"acf":[],"_links":{"self":[{"href":"https:\/\/exlibris.ee\/ru\/wp-json\/wp\/v2\/product\/141058","targetHints":{"allow":["GET"]}}],"collection":[{"href":"https:\/\/exlibris.ee\/ru\/wp-json\/wp\/v2\/product"}],"about":[{"href":"https:\/\/exlibris.ee\/ru\/wp-json\/wp\/v2\/types\/product"}],"wp:featuredmedia":[{"embeddable":true,"href":"https:\/\/exlibris.ee\/ru\/wp-json\/wp\/v2\/media\/140749"}],"wp:attachment":[{"href":"https:\/\/exlibris.ee\/ru\/wp-json\/wp\/v2\/media?parent=141058"}],"wp:term":[{"taxonomy":"product_brand","embeddable":true,"href":"https:\/\/exlibris.ee\/ru\/wp-json\/wp\/v2\/product_brand?post=141058"},{"taxonomy":"product_cat","embeddable":true,"href":"https:\/\/exlibris.ee\/ru\/wp-json\/wp\/v2\/product_cat?post=141058"},{"taxonomy":"product_tag","embeddable":true,"href":"https:\/\/exlibris.ee\/ru\/wp-json\/wp\/v2\/product_tag?post=141058"},{"taxonomy":"series","embeddable":true,"href":"https:\/\/exlibris.ee\/ru\/wp-json\/wp\/v2\/series?post=141058"},{"taxonomy":"publisher","embeddable":true,"href":"https:\/\/exlibris.ee\/ru\/wp-json\/wp\/v2\/publisher?post=141058"}],"curies":[{"name":"wp","href":"https:\/\/api.w.org\/{rel}","templated":true}]}}