{"id":141061,"date":"2025-02-22T01:35:15","date_gmt":"2025-02-21T23:35:15","guid":{"rendered":"https:\/\/exlibris.ee\/toode\/training-zentrale-mittelstufenprufung-neue-rechtschreibung-2-schriftlicher-ausdruck-mundliche-kommunikation\/"},"modified":"2026-04-03T09:15:31","modified_gmt":"2026-04-03T06:15:31","slug":"training-zentrale-mittelstufenprufung-neue-rechtschreibung-2-schriftlicher-ausdruck-mundliche-kommunikation","status":"publish","type":"product","link":"https:\/\/exlibris.ee\/ru\/produkt\/training-zentrale-mittelstufenprufung-neue-rechtschreibung-2-schriftlicher-ausdruck-mundliche-kommunikation\/","title":{"rendered":"Training Zentrale Mittelstufenpr\u00fcfung, neue Rechtschreibung 2: Schriftlicher Ausdruck &#8212; M\u00fcndliche Kommunikation"},"content":{"rendered":"<p>Detailliertes Material f\u00fcr die intensive Vorbereitung auf die Zentrale Mittelstufenpr\u00fcfung. Die Autoren erl\u00e4utern den Aufbau der Pr\u00fcfung, die Anforderungen, wie man Aufgaben \u201eknackt\u201c, wie man sich die Zeit richtig einteilt usw. Dabei gehen sie mit dem Lerner die Pr\u00fcfung Schritt f\u00fcr Schritt durch und bieten mit den Trainingspr\u00fcfungen auch viel Material, mit dem man das Erlernte gleich ausprobieren kann.<\/p>\n","protected":false},"excerpt":{"rendered":"<p>Detailliertes Material f\u00fcr die intensive Vorbereitung auf die Zentrale Mittelstufenpr\u00fcfung. Die Autoren erl\u00e4utern den Aufbau der Pr\u00fcfung, die Anforderungen, wie man Aufgaben \u201eknackt\u201c, wie man sich die Zeit richtig einteilt usw. Dabei gehen sie mit dem Lerner die Pr\u00fcfung Schritt&#8230;<\/p>\n","protected":false},"featured_media":140737,"template":"","meta":{"_acf_changed":false,"inline_featured_image":false},"product_brand":[],"product_cat":[1121],"product_tag":[],"series":[],"publisher":[{"id":497,"name":"Hueber Verlag","slug":"hueber-verlag"}],"class_list":{"0":"post-141061","1":"product","2":"type-product","3":"status-publish","4":"has-post-thumbnail","6":"product_cat-lehrwerke-fur-jugendliche-und-erwachsene","7":"publisher-hueber-verlag","9":"first","10":"instock","11":"taxable","12":"shipping-taxable","13":"purchasable","14":"product-type-simple"},"acf":[],"_links":{"self":[{"href":"https:\/\/exlibris.ee\/ru\/wp-json\/wp\/v2\/product\/141061","targetHints":{"allow":["GET"]}}],"collection":[{"href":"https:\/\/exlibris.ee\/ru\/wp-json\/wp\/v2\/product"}],"about":[{"href":"https:\/\/exlibris.ee\/ru\/wp-json\/wp\/v2\/types\/product"}],"wp:featuredmedia":[{"embeddable":true,"href":"https:\/\/exlibris.ee\/ru\/wp-json\/wp\/v2\/media\/140737"}],"wp:attachment":[{"href":"https:\/\/exlibris.ee\/ru\/wp-json\/wp\/v2\/media?parent=141061"}],"wp:term":[{"taxonomy":"product_brand","embeddable":true,"href":"https:\/\/exlibris.ee\/ru\/wp-json\/wp\/v2\/product_brand?post=141061"},{"taxonomy":"product_cat","embeddable":true,"href":"https:\/\/exlibris.ee\/ru\/wp-json\/wp\/v2\/product_cat?post=141061"},{"taxonomy":"product_tag","embeddable":true,"href":"https:\/\/exlibris.ee\/ru\/wp-json\/wp\/v2\/product_tag?post=141061"},{"taxonomy":"series","embeddable":true,"href":"https:\/\/exlibris.ee\/ru\/wp-json\/wp\/v2\/series?post=141061"},{"taxonomy":"publisher","embeddable":true,"href":"https:\/\/exlibris.ee\/ru\/wp-json\/wp\/v2\/publisher?post=141061"}],"curies":[{"name":"wp","href":"https:\/\/api.w.org\/{rel}","templated":true}]}}