{"id":141065,"date":"2025-02-22T01:35:16","date_gmt":"2025-02-21T23:35:16","guid":{"rendered":"https:\/\/exlibris.ee\/toode\/groses-deutsches-sprachdiplom-ubungsaufgaben-mit-losungen\/"},"modified":"2026-04-03T09:16:01","modified_gmt":"2026-04-03T06:16:01","slug":"groses-deutsches-sprachdiplom-ubungsaufgaben-mit-losungen","status":"publish","type":"product","link":"https:\/\/exlibris.ee\/ru\/produkt\/groses-deutsches-sprachdiplom-ubungsaufgaben-mit-losungen\/","title":{"rendered":"Gro\u00dfes Deutsches Sprachdiplom: \u00dcbungsaufgaben mit L\u00f6sungen"},"content":{"rendered":"<p>Das Goethe-Institut f\u00fchrt Deutschkurse unterschiedlichen Schwierigkeitsgrades durch. F\u00fcr das Gro\u00dfe Diplom sind in diesem Heft Pr\u00fcfungsfragen aus den Jahren 1987-1992 zusammengestellt, erg\u00e4nzt durch L\u00f6sungen und Bewertungen. Vorangestellt wurden allgemeine Informationen zur Pr\u00fcfung sowie Ausz\u00fcge aus der Pr\u00fcfungsordnung. F\u00fcr fortgeschrittene Deutschlerner sowie f\u00fcr den Lehrer. Vgl. &#171;Kleines Deutsches Sprachdiplom&#187; in dieser Nr.<\/p>\n","protected":false},"excerpt":{"rendered":"<p>Das Goethe-Institut f\u00fchrt Deutschkurse unterschiedlichen Schwierigkeitsgrades durch. F\u00fcr das Gro\u00dfe Diplom sind in diesem Heft Pr\u00fcfungsfragen aus den Jahren 1987-1992 zusammengestellt, erg\u00e4nzt durch L\u00f6sungen und Bewertungen. Vorangestellt wurden allgemeine Informationen zur Pr\u00fcfung sowie Ausz\u00fcge aus der Pr\u00fcfungsordnung. F\u00fcr fortgeschrittene Deutschlerner&#8230;<\/p>\n","protected":false},"featured_media":140772,"template":"","meta":{"_acf_changed":false,"inline_featured_image":false},"product_brand":[],"product_cat":[507],"product_tag":[],"series":[],"publisher":[{"id":497,"name":"Hueber Verlag","slug":"hueber-verlag"}],"class_list":{"0":"post-141065","1":"product","2":"type-product","3":"status-publish","4":"has-post-thumbnail","6":"product_cat-prufungsvorbereitung","7":"publisher-hueber-verlag","9":"first","10":"instock","11":"taxable","12":"shipping-taxable","13":"purchasable","14":"product-type-simple"},"acf":[],"_links":{"self":[{"href":"https:\/\/exlibris.ee\/ru\/wp-json\/wp\/v2\/product\/141065","targetHints":{"allow":["GET"]}}],"collection":[{"href":"https:\/\/exlibris.ee\/ru\/wp-json\/wp\/v2\/product"}],"about":[{"href":"https:\/\/exlibris.ee\/ru\/wp-json\/wp\/v2\/types\/product"}],"wp:featuredmedia":[{"embeddable":true,"href":"https:\/\/exlibris.ee\/ru\/wp-json\/wp\/v2\/media\/140772"}],"wp:attachment":[{"href":"https:\/\/exlibris.ee\/ru\/wp-json\/wp\/v2\/media?parent=141065"}],"wp:term":[{"taxonomy":"product_brand","embeddable":true,"href":"https:\/\/exlibris.ee\/ru\/wp-json\/wp\/v2\/product_brand?post=141065"},{"taxonomy":"product_cat","embeddable":true,"href":"https:\/\/exlibris.ee\/ru\/wp-json\/wp\/v2\/product_cat?post=141065"},{"taxonomy":"product_tag","embeddable":true,"href":"https:\/\/exlibris.ee\/ru\/wp-json\/wp\/v2\/product_tag?post=141065"},{"taxonomy":"series","embeddable":true,"href":"https:\/\/exlibris.ee\/ru\/wp-json\/wp\/v2\/series?post=141065"},{"taxonomy":"publisher","embeddable":true,"href":"https:\/\/exlibris.ee\/ru\/wp-json\/wp\/v2\/publisher?post=141065"}],"curies":[{"name":"wp","href":"https:\/\/api.w.org\/{rel}","templated":true}]}}