{"id":141069,"date":"2025-02-22T01:35:17","date_gmt":"2025-02-21T23:35:17","guid":{"rendered":"https:\/\/exlibris.ee\/toode\/dimensionen-lernpaket-3-lehrwerk-deutsch-als-fremdsprache-unterrichtsbegleitung\/"},"modified":"2026-04-04T03:15:58","modified_gmt":"2026-04-04T00:15:58","slug":"dimensionen-lernpaket-3-lehrwerk-deutsch-als-fremdsprache-unterrichtsbegleitung","status":"publish","type":"product","link":"https:\/\/exlibris.ee\/ru\/produkt\/dimensionen-lernpaket-3-lehrwerk-deutsch-als-fremdsprache-unterrichtsbegleitung\/","title":{"rendered":"Dimensionen. Lernpaket 3: Lehrwerk Deutsch als Fremdsprache \/ Unterrichtsbegleitung"},"content":{"rendered":"<p>Mit einer allgemeinen Einf\u00fchrung in das Konzept des Lehrwerks f\u00fcr Deutsch als Fremdsprache und praktischen Unterrichtsvorschl\u00e4gen begleitet und unterst\u00fctzt dieses Lehrermaterial die Lehrkr\u00e4fte bei der Unterrichtsvorbereitung. Es bietet:<\/p>\n<p>eine Beschreibung des Lehrwerks<br \/>\nErl\u00e4uterungen zur Struktur der Lernstationen<br \/>\neinen \u00dcberblick \u00fcber die Grammatik<br \/>\neine Pr\u00e4sentation des Konzepts<br \/>\nVorschl\u00e4ge und Tipps, wie der Unterricht gestaltet werden kann.<\/p>\n","protected":false},"excerpt":{"rendered":"<p>Mit einer allgemeinen Einf\u00fchrung in das Konzept des Lehrwerks f\u00fcr Deutsch als Fremdsprache und praktischen Unterrichtsvorschl\u00e4gen begleitet und unterst\u00fctzt dieses Lehrermaterial die Lehrkr\u00e4fte bei der Unterrichtsvorbereitung. Es bietet: eine Beschreibung des Lehrwerks Erl\u00e4uterungen zur Struktur der Lernstationen einen \u00dcberblick \u00fcber&#8230;<\/p>\n","protected":false},"featured_media":140716,"template":"","meta":{"_acf_changed":false,"inline_featured_image":false},"product_brand":[],"product_cat":[538],"product_tag":[],"series":[{"id":2987,"name":"Dimensionen","slug":"dimensionen"}],"publisher":[{"id":497,"name":"Hueber Verlag","slug":"hueber-verlag"}],"class_list":{"0":"post-141069","1":"product","2":"type-product","3":"status-publish","4":"has-post-thumbnail","6":"product_cat-lehrwerke-fur-erwachsene","7":"series-dimensionen","8":"publisher-hueber-verlag","10":"first","11":"instock","12":"taxable","13":"shipping-taxable","14":"purchasable","15":"product-type-simple"},"acf":[],"_links":{"self":[{"href":"https:\/\/exlibris.ee\/ru\/wp-json\/wp\/v2\/product\/141069","targetHints":{"allow":["GET"]}}],"collection":[{"href":"https:\/\/exlibris.ee\/ru\/wp-json\/wp\/v2\/product"}],"about":[{"href":"https:\/\/exlibris.ee\/ru\/wp-json\/wp\/v2\/types\/product"}],"wp:featuredmedia":[{"embeddable":true,"href":"https:\/\/exlibris.ee\/ru\/wp-json\/wp\/v2\/media\/140716"}],"wp:attachment":[{"href":"https:\/\/exlibris.ee\/ru\/wp-json\/wp\/v2\/media?parent=141069"}],"wp:term":[{"taxonomy":"product_brand","embeddable":true,"href":"https:\/\/exlibris.ee\/ru\/wp-json\/wp\/v2\/product_brand?post=141069"},{"taxonomy":"product_cat","embeddable":true,"href":"https:\/\/exlibris.ee\/ru\/wp-json\/wp\/v2\/product_cat?post=141069"},{"taxonomy":"product_tag","embeddable":true,"href":"https:\/\/exlibris.ee\/ru\/wp-json\/wp\/v2\/product_tag?post=141069"},{"taxonomy":"series","embeddable":true,"href":"https:\/\/exlibris.ee\/ru\/wp-json\/wp\/v2\/series?post=141069"},{"taxonomy":"publisher","embeddable":true,"href":"https:\/\/exlibris.ee\/ru\/wp-json\/wp\/v2\/publisher?post=141069"}],"curies":[{"name":"wp","href":"https:\/\/api.w.org\/{rel}","templated":true}]}}