{"id":141128,"date":"2025-02-25T13:39:30","date_gmt":"2025-02-25T11:39:30","guid":{"rendered":"https:\/\/exlibris.ee\/toode\/in-der-stadt-kinderbuch-deutsch-englisch\/"},"modified":"2026-04-13T07:25:44","modified_gmt":"2026-04-13T04:25:44","slug":"in-der-stadt-kinderbuch-deutsch-englisch","status":"publish","type":"product","link":"https:\/\/exlibris.ee\/ru\/produkt\/in-der-stadt-kinderbuch-deutsch-englisch\/","title":{"rendered":"In der Stadt \/ Kinderbuch Deutsch-Englisch"},"content":{"rendered":"<p>Zweisprachiges Kinderbuch Deutsch-Englisch ab 3 Jahren. Sei dabei, wenn Leni mit Super-Sam einen aufregenden Tag bei ihrem Papa in der Stadt verbringt!. Das Buch aus der Reihe &#171;bilibrini \u2013 die kleinen Zweisprachigen&#187; ist ideal f\u00fcr den ersten Einstieg in eine weitere Sprache. Die Wort-Bild-Leiste auf jeder Seite greift einzelne Motive auf und f\u00f6rdert gezielt das Suchen, Finden und Benennen.. F\u00fcr weitere Sprachen erh\u00e4ltlich<\/p>\n","protected":false},"excerpt":{"rendered":"<p>Zweisprachiges Kinderbuch Deutsch-Englisch ab 3 Jahren. Sei dabei, wenn Leni mit Super-Sam einen aufregenden Tag bei ihrem Papa in der Stadt verbringt!. Das Buch aus der Reihe &#171;bilibrini \u2013 die kleinen Zweisprachigen&#187; ist ideal f\u00fcr den ersten Einstieg in eine&#8230;<\/p>\n","protected":false},"featured_media":236696,"template":"","meta":{"_acf_changed":false,"inline_featured_image":false},"product_brand":[],"product_cat":[851],"product_tag":[],"series":[{"id":2982,"name":"In der Stadt","slug":"in-der-stadt"}],"publisher":[{"id":1305,"name":"Edition bi:libri","slug":"edition-bilibri"}],"class_list":{"0":"post-141128","1":"product","2":"type-product","3":"status-publish","4":"has-post-thumbnail","6":"product_cat-lesetexte-deutsch","7":"series-in-der-stadt","8":"publisher-edition-bilibri","10":"first","11":"onbackorder","12":"taxable","13":"shipping-taxable","14":"purchasable","15":"product-type-simple"},"acf":[],"_links":{"self":[{"href":"https:\/\/exlibris.ee\/ru\/wp-json\/wp\/v2\/product\/141128","targetHints":{"allow":["GET"]}}],"collection":[{"href":"https:\/\/exlibris.ee\/ru\/wp-json\/wp\/v2\/product"}],"about":[{"href":"https:\/\/exlibris.ee\/ru\/wp-json\/wp\/v2\/types\/product"}],"wp:featuredmedia":[{"embeddable":true,"href":"https:\/\/exlibris.ee\/ru\/wp-json\/wp\/v2\/media\/236696"}],"wp:attachment":[{"href":"https:\/\/exlibris.ee\/ru\/wp-json\/wp\/v2\/media?parent=141128"}],"wp:term":[{"taxonomy":"product_brand","embeddable":true,"href":"https:\/\/exlibris.ee\/ru\/wp-json\/wp\/v2\/product_brand?post=141128"},{"taxonomy":"product_cat","embeddable":true,"href":"https:\/\/exlibris.ee\/ru\/wp-json\/wp\/v2\/product_cat?post=141128"},{"taxonomy":"product_tag","embeddable":true,"href":"https:\/\/exlibris.ee\/ru\/wp-json\/wp\/v2\/product_tag?post=141128"},{"taxonomy":"series","embeddable":true,"href":"https:\/\/exlibris.ee\/ru\/wp-json\/wp\/v2\/series?post=141128"},{"taxonomy":"publisher","embeddable":true,"href":"https:\/\/exlibris.ee\/ru\/wp-json\/wp\/v2\/publisher?post=141128"}],"curies":[{"name":"wp","href":"https:\/\/api.w.org\/{rel}","templated":true}]}}