{"id":141184,"date":"2025-02-25T13:42:14","date_gmt":"2025-02-25T11:42:14","guid":{"rendered":"https:\/\/exlibris.ee\/toode\/heule-eule-kinderbuch-deutsch-polnisch-mit-mp3-horbuch-als-download\/"},"modified":"2026-04-18T17:25:09","modified_gmt":"2026-04-18T14:25:09","slug":"heule-eule-kinderbuch-deutsch-polnisch-mit-mp3-horbuch-als-download","status":"publish","type":"product","link":"https:\/\/exlibris.ee\/ru\/produkt\/heule-eule-kinderbuch-deutsch-polnisch-mit-mp3-horbuch-als-download\/","title":{"rendered":"Heule Eule \/ Kinderbuch Deutsch-Polnisch mit MP3-H\u00f6rbuch als Download"},"content":{"rendered":"<p>Zweisprachiges Kinderbuch Deutsch-Polnisch ab 4 Jahren. Wer sitzt da im Wald und heult und heult? Es ist die kleine Heule Eule. Die. Waldbewohner geben sich gr\u00f6\u00dfte M\u00fche, die Heule Eule zu beruhigen. Sie wiegen sie in einem alten Spinnennetz hin und her und schenken ihr N\u00fcsse. Aber sogar der Blumenkranz des Maulwurfs kann sie nicht beruhigen. Ob Mama Eule helfen kann?. Der Bestseller Heule Eule, eine witzige Geschichte \u00fcber die einzig richtige Art zu tr\u00f6sten, liegt als zweisprachige Ausgabe bei NordS\u00fcd\/bi:libri vor. So k\u00f6nnen Kinder ab vier Jahren, die mehrsprachig aufwachsen, die Geschichte in ihrer Muttersprache und in Deutsch lesen und dadurch spielerisch ihre Sprachkenntnisse festigen. Neben Fremdsprachenkenntnissen werden den Kindern auch wichtige Werte vermittelt. Die H\u00f6rversion der Geschichte wurde von Muttersprachlern eingelesen und steht als MP3-H\u00f6rbuch zum Download bereit. . F\u00fcr weitere Sprachen erh\u00e4ltlich.<\/p>\n","protected":false},"excerpt":{"rendered":"<p>Zweisprachiges Kinderbuch Deutsch-Polnisch ab 4 Jahren. Wer sitzt da im Wald und heult und heult? Es ist die kleine Heule Eule. Die. Waldbewohner geben sich gr\u00f6\u00dfte M\u00fche, die Heule Eule zu beruhigen. Sie wiegen sie in einem alten Spinnennetz hin&#8230;<\/p>\n","protected":false},"featured_media":338935,"template":"","meta":{"_acf_changed":false,"inline_featured_image":false},"product_brand":[],"product_cat":[851],"product_tag":[],"series":[{"id":2989,"name":"Heule Eule","slug":"heule-eule"}],"publisher":[{"id":1308,"name":"NordS\u00fcd","slug":"nordsud"}],"class_list":{"0":"post-141184","1":"product","2":"type-product","3":"status-publish","4":"has-post-thumbnail","6":"product_cat-lesetexte-deutsch","7":"series-heule-eule","8":"publisher-nordsud","10":"first","11":"onbackorder","12":"taxable","13":"shipping-taxable","14":"purchasable","15":"product-type-simple"},"acf":[],"_links":{"self":[{"href":"https:\/\/exlibris.ee\/ru\/wp-json\/wp\/v2\/product\/141184","targetHints":{"allow":["GET"]}}],"collection":[{"href":"https:\/\/exlibris.ee\/ru\/wp-json\/wp\/v2\/product"}],"about":[{"href":"https:\/\/exlibris.ee\/ru\/wp-json\/wp\/v2\/types\/product"}],"wp:featuredmedia":[{"embeddable":true,"href":"https:\/\/exlibris.ee\/ru\/wp-json\/wp\/v2\/media\/338935"}],"wp:attachment":[{"href":"https:\/\/exlibris.ee\/ru\/wp-json\/wp\/v2\/media?parent=141184"}],"wp:term":[{"taxonomy":"product_brand","embeddable":true,"href":"https:\/\/exlibris.ee\/ru\/wp-json\/wp\/v2\/product_brand?post=141184"},{"taxonomy":"product_cat","embeddable":true,"href":"https:\/\/exlibris.ee\/ru\/wp-json\/wp\/v2\/product_cat?post=141184"},{"taxonomy":"product_tag","embeddable":true,"href":"https:\/\/exlibris.ee\/ru\/wp-json\/wp\/v2\/product_tag?post=141184"},{"taxonomy":"series","embeddable":true,"href":"https:\/\/exlibris.ee\/ru\/wp-json\/wp\/v2\/series?post=141184"},{"taxonomy":"publisher","embeddable":true,"href":"https:\/\/exlibris.ee\/ru\/wp-json\/wp\/v2\/publisher?post=141184"}],"curies":[{"name":"wp","href":"https:\/\/api.w.org\/{rel}","templated":true}]}}