{"id":141191,"date":"2025-02-25T13:42:15","date_gmt":"2025-02-25T11:42:15","guid":{"rendered":"https:\/\/exlibris.ee\/toode\/synapsio-die-ultimative-challenge-fur-wortschatz-konzentration-gedachtnis-sprachspiel\/"},"modified":"2026-04-28T01:24:24","modified_gmt":"2026-04-27T22:24:24","slug":"synapsio-die-ultimative-challenge-fur-wortschatz-konzentration-gedachtnis-sprachspiel","status":"publish","type":"product","link":"https:\/\/exlibris.ee\/ru\/produkt\/synapsio-die-ultimative-challenge-fur-wortschatz-konzentration-gedachtnis-sprachspiel\/","title":{"rendered":"Synapsio \/ Die ultimative Challenge f\u00fcr Wortschatz, Konzentration &amp; Ged\u00e4chtnis \/ Sprachspiel"},"content":{"rendered":"<p>Niveau A1 bis B2. Eine der wirksamsten Memo-Techniken ist die Bild-Methode: Verbinde ein Bild mit der Information, die du dir merken m\u00f6chtest. Bei SYNAPSIO sind das Buchstaben, die mit Bildern im Gehirn verkn\u00fcpft werden m\u00fcssen.. Jedes Bildmotiv auf einem Legek\u00e4rtchen steht f\u00fcr den Buchstaben auf der anderen Seite dieses K\u00e4rtchens. Je schneller sich die Spieler merken k\u00f6nnen, welches Bild zu welchem Buchstaben geh\u00f6rt, desto h\u00f6her sind die Gewinnchancen.. Bei Variante 1 werden die K\u00e4rtchen in Reihen und mit der Bildseite nach oben in der Tischmitte ausgelegt. Die Spieler versuchen reihum Buchstaben aufzudecken, die sie ben\u00f6tigen, um W\u00f6rter legen zu k\u00f6nnen. . Bei Variante 2 legen die Spieler \u201escrabble-m\u00e4\u00dfig\u201c reihum K\u00e4rtchen in waagerechten und senkrechten Reihen \u2013 mit der Bildseite nach oben \u2013 aus. Wer eine Reihe zu einem Wort vervollst\u00e4ndigen kann, gewinnt die entsprechenden K\u00e4rtchen.. Es geht in beiden Spielvarianten darum, sich die Buchstaben zu den Bildern zu merken. Durch richtiges Aufdecken (Variante 1) bzw. Auslegen (Variante 2) k\u00f6nnen mit den K\u00e4rtchen im Spielverlauf W\u00f6rter gelegt werden. Wem dies am besten gelingt, gewinnt.. F\u00fcr 2-6 Spieler, ab 8 Jahren, Spieldauer: ca. 30 Minuten. Spielmaterial:. 108 Legek\u00e4rtchen mit Buchstaben und Bildern. 4 Sichtschutz-Paravents. 1 Wortlistenblock<\/p>\n","protected":false},"excerpt":{"rendered":"<p>Niveau A1 bis B2. Eine der wirksamsten Memo-Techniken ist die Bild-Methode: Verbinde ein Bild mit der Information, die du dir merken m\u00f6chtest. Bei SYNAPSIO sind das Buchstaben, die mit Bildern im Gehirn verkn\u00fcpft werden m\u00fcssen.. Jedes Bildmotiv auf einem Legek\u00e4rtchen&#8230;<\/p>\n","protected":false},"featured_media":524814,"template":"","meta":{"_acf_changed":false,"inline_featured_image":false},"product_brand":[],"product_cat":[851],"product_tag":[],"series":[{"id":2991,"name":"Synapsio","slug":"synapsio"}],"publisher":[{"id":983,"name":"Grubbe Media","slug":"grubbe-media"}],"class_list":{"0":"post-141191","1":"product","2":"type-product","3":"status-publish","4":"has-post-thumbnail","6":"product_cat-lesetexte-deutsch","7":"series-synapsio","8":"publisher-grubbe-media","10":"first","11":"onbackorder","12":"taxable","13":"shipping-taxable","14":"purchasable","15":"product-type-simple"},"acf":[],"_links":{"self":[{"href":"https:\/\/exlibris.ee\/ru\/wp-json\/wp\/v2\/product\/141191","targetHints":{"allow":["GET"]}}],"collection":[{"href":"https:\/\/exlibris.ee\/ru\/wp-json\/wp\/v2\/product"}],"about":[{"href":"https:\/\/exlibris.ee\/ru\/wp-json\/wp\/v2\/types\/product"}],"wp:featuredmedia":[{"embeddable":true,"href":"https:\/\/exlibris.ee\/ru\/wp-json\/wp\/v2\/media\/524814"}],"wp:attachment":[{"href":"https:\/\/exlibris.ee\/ru\/wp-json\/wp\/v2\/media?parent=141191"}],"wp:term":[{"taxonomy":"product_brand","embeddable":true,"href":"https:\/\/exlibris.ee\/ru\/wp-json\/wp\/v2\/product_brand?post=141191"},{"taxonomy":"product_cat","embeddable":true,"href":"https:\/\/exlibris.ee\/ru\/wp-json\/wp\/v2\/product_cat?post=141191"},{"taxonomy":"product_tag","embeddable":true,"href":"https:\/\/exlibris.ee\/ru\/wp-json\/wp\/v2\/product_tag?post=141191"},{"taxonomy":"series","embeddable":true,"href":"https:\/\/exlibris.ee\/ru\/wp-json\/wp\/v2\/series?post=141191"},{"taxonomy":"publisher","embeddable":true,"href":"https:\/\/exlibris.ee\/ru\/wp-json\/wp\/v2\/publisher?post=141191"}],"curies":[{"name":"wp","href":"https:\/\/api.w.org\/{rel}","templated":true}]}}