{"id":141612,"date":"2025-02-28T21:32:24","date_gmt":"2025-02-28T19:32:24","guid":{"rendered":"https:\/\/exlibris.ee\/toode\/wir-1-lehrbuch-mit-audio-cd\/"},"modified":"2026-04-05T15:22:58","modified_gmt":"2026-04-05T12:22:58","slug":"wir-1-lehrbuch-mit-audio-cd","status":"publish","type":"product","link":"https:\/\/exlibris.ee\/ru\/produkt\/wir-1-lehrbuch-mit-audio-cd\/","title":{"rendered":"Wir 1: Lehrbuch mit Audio-CD"},"content":{"rendered":"<p>Grundkurs Deutsch f\u00fcr junge Lernende.<br \/>\nWir bereitet junge Lernende auf die Pr\u00fcfungen Fit in Deutsch 1 und 2 (A1, A2)<br \/>\n(f\u00fcr \u00d6sterreich: KID 1 und 2) sowie Zertifikat Deutsch f\u00fcr Jugendliche (B1) vor.<\/p>\n<p>Das Lehrbuch enth\u00e4lt ansprechende Bildimpulse mit Dialogsituationen sowie Lernziele f\u00fcr den Einstieg.<br \/>\nGrammatik und Wortschatz werden spielerisch erarbeitet und abschlie\u00dfend systematisch dargestellt.<br \/>\nGelerntes wird mit Du kannst \u2026-Aussagen festgehalten und in Abschlusstests kontrolliert.<br \/>\nDie eingelegte Audio-CD enth\u00e4lt H\u00f6rtexte, Dialoge und Interviews (in authentischem Sprechtempo)<br \/>\nmit jugendlichen Sprechern sowie Lieder zu Wortschatz und Grammatik.<\/p>\n","protected":false},"excerpt":{"rendered":"<p>Grundkurs Deutsch f\u00fcr junge Lernende. Wir bereitet junge Lernende auf die Pr\u00fcfungen Fit in Deutsch 1 und 2 (A1, A2) (f\u00fcr \u00d6sterreich: KID 1 und 2) sowie Zertifikat Deutsch f\u00fcr Jugendliche (B1) vor. Das Lehrbuch enth\u00e4lt ansprechende Bildimpulse mit Dialogsituationen&#8230;<\/p>\n","protected":false},"featured_media":141572,"template":"","meta":{"_acf_changed":false,"inline_featured_image":false},"product_brand":[],"product_cat":[881],"product_tag":[],"series":[],"publisher":[{"id":473,"name":"Klett Verlag","slug":"klett-verlag"}],"class_list":{"0":"post-141612","1":"product","2":"type-product","3":"status-publish","4":"has-post-thumbnail","6":"product_cat-lehrwerke-fur-kinder-und-jugendliche","7":"publisher-klett-verlag","9":"first","10":"instock","11":"taxable","12":"shipping-taxable","13":"purchasable","14":"product-type-simple"},"acf":[],"_links":{"self":[{"href":"https:\/\/exlibris.ee\/ru\/wp-json\/wp\/v2\/product\/141612","targetHints":{"allow":["GET"]}}],"collection":[{"href":"https:\/\/exlibris.ee\/ru\/wp-json\/wp\/v2\/product"}],"about":[{"href":"https:\/\/exlibris.ee\/ru\/wp-json\/wp\/v2\/types\/product"}],"wp:featuredmedia":[{"embeddable":true,"href":"https:\/\/exlibris.ee\/ru\/wp-json\/wp\/v2\/media\/141572"}],"wp:attachment":[{"href":"https:\/\/exlibris.ee\/ru\/wp-json\/wp\/v2\/media?parent=141612"}],"wp:term":[{"taxonomy":"product_brand","embeddable":true,"href":"https:\/\/exlibris.ee\/ru\/wp-json\/wp\/v2\/product_brand?post=141612"},{"taxonomy":"product_cat","embeddable":true,"href":"https:\/\/exlibris.ee\/ru\/wp-json\/wp\/v2\/product_cat?post=141612"},{"taxonomy":"product_tag","embeddable":true,"href":"https:\/\/exlibris.ee\/ru\/wp-json\/wp\/v2\/product_tag?post=141612"},{"taxonomy":"series","embeddable":true,"href":"https:\/\/exlibris.ee\/ru\/wp-json\/wp\/v2\/series?post=141612"},{"taxonomy":"publisher","embeddable":true,"href":"https:\/\/exlibris.ee\/ru\/wp-json\/wp\/v2\/publisher?post=141612"}],"curies":[{"name":"wp","href":"https:\/\/api.w.org\/{rel}","templated":true}]}}