{"id":141615,"date":"2025-02-28T21:32:25","date_gmt":"2025-02-28T19:32:25","guid":{"rendered":"https:\/\/exlibris.ee\/toode\/daf-kompakt-a2-intensivtrainer-wortschatz-und-grammatik\/"},"modified":"2026-04-03T09:14:21","modified_gmt":"2026-04-03T06:14:21","slug":"daf-kompakt-a2-intensivtrainer-wortschatz-und-grammatik","status":"publish","type":"product","link":"https:\/\/exlibris.ee\/ru\/produkt\/daf-kompakt-a2-intensivtrainer-wortschatz-und-grammatik\/","title":{"rendered":"DaF kompakt A2, Intensivtrainer &#8212; Wortschatz und Grammatik"},"content":{"rendered":"<p>Der Intensivtrainer:<br \/>\nist ein auf das DaF kompakt A2 Kurs- und \u00dcbungsbuch zugeschnittenes Zusatzmaterial<br \/>\nbeinhaltet \u00dcbungen zur Wiederholung, Vertiefung oder Erweiterung mit entsprechender Kennzeichnung<br \/>\nkann zur Binnendifferenzierung im Unterricht oder zum Selbstlernen verwendet werden<br \/>\nbietet ein Rechtschreibtraining und produktive Schreibaufgaben<br \/>\nbeinhaltet auch \u00dcbungen und Tipps zur Wortschatzarbeit<br \/>\nenth\u00e4lt 10 Lektionstests sowie die Bewertungskriterien und eine Testauswertung<br \/>\nenth\u00e4lt im Anhang die L\u00f6sungen zu den \u00dcbungen<\/p>\n","protected":false},"excerpt":{"rendered":"<p>Der Intensivtrainer: ist ein auf das DaF kompakt A2 Kurs- und \u00dcbungsbuch zugeschnittenes Zusatzmaterial beinhaltet \u00dcbungen zur Wiederholung, Vertiefung oder Erweiterung mit entsprechender Kennzeichnung kann zur Binnendifferenzierung im Unterricht oder zum Selbstlernen verwendet werden bietet ein Rechtschreibtraining und produktive Schreibaufgaben&#8230;<\/p>\n","protected":false},"featured_media":141533,"template":"","meta":{"_acf_changed":false,"inline_featured_image":false},"product_brand":[],"product_cat":[884],"product_tag":[],"series":[{"id":935,"name":"DaF kompakt","slug":"daf-kompakt"}],"publisher":[{"id":473,"name":"Klett Verlag","slug":"klett-verlag"}],"class_list":{"0":"post-141615","1":"product","2":"type-product","3":"status-publish","4":"has-post-thumbnail","6":"product_cat-wortschatz","7":"series-daf-kompakt","8":"publisher-klett-verlag","10":"first","11":"instock","12":"taxable","13":"shipping-taxable","14":"purchasable","15":"product-type-simple"},"acf":[],"_links":{"self":[{"href":"https:\/\/exlibris.ee\/ru\/wp-json\/wp\/v2\/product\/141615","targetHints":{"allow":["GET"]}}],"collection":[{"href":"https:\/\/exlibris.ee\/ru\/wp-json\/wp\/v2\/product"}],"about":[{"href":"https:\/\/exlibris.ee\/ru\/wp-json\/wp\/v2\/types\/product"}],"wp:featuredmedia":[{"embeddable":true,"href":"https:\/\/exlibris.ee\/ru\/wp-json\/wp\/v2\/media\/141533"}],"wp:attachment":[{"href":"https:\/\/exlibris.ee\/ru\/wp-json\/wp\/v2\/media?parent=141615"}],"wp:term":[{"taxonomy":"product_brand","embeddable":true,"href":"https:\/\/exlibris.ee\/ru\/wp-json\/wp\/v2\/product_brand?post=141615"},{"taxonomy":"product_cat","embeddable":true,"href":"https:\/\/exlibris.ee\/ru\/wp-json\/wp\/v2\/product_cat?post=141615"},{"taxonomy":"product_tag","embeddable":true,"href":"https:\/\/exlibris.ee\/ru\/wp-json\/wp\/v2\/product_tag?post=141615"},{"taxonomy":"series","embeddable":true,"href":"https:\/\/exlibris.ee\/ru\/wp-json\/wp\/v2\/series?post=141615"},{"taxonomy":"publisher","embeddable":true,"href":"https:\/\/exlibris.ee\/ru\/wp-json\/wp\/v2\/publisher?post=141615"}],"curies":[{"name":"wp","href":"https:\/\/api.w.org\/{rel}","templated":true}]}}